{"id":108,"date":"2012-07-24T23:18:45","date_gmt":"2012-07-24T20:18:45","guid":{"rendered":"http:\/\/aquatic.fi:8080\/?page_id=108"},"modified":"2020-02-17T20:23:38","modified_gmt":"2020-02-17T20:23:38","slug":"keita-olemme","status":"publish","type":"page","link":"http:\/\/aquatic.fi\/?page_id=108","title":{"rendered":"Keit\u00e4 olemme"},"content":{"rendered":"<p><a href=\"http:\/\/aquatic.fi\/wp-content\/uploads\/2012\/07\/me1.jpg\"><img decoding=\"async\" class=\"alignnone  wp-image-140\" src=\"http:\/\/aquatic.fi\/wp-content\/uploads\/2012\/07\/me1.jpg\" alt=\"\" \/><\/a><\/p>\n<p>Hei!<\/p>\n<p>Kivaa, ett\u00e4 vierailet sivuillamme!<\/p>\n<p>Miksi espanjanvesikoira?<\/p>\n<p>Tutustuin rotuun 2000 luvun taitteessa toistakymment\u00e4 vuotta sitten. Tuolloin olin innokas agilityn harrastaja ja koulutusohjaaja. Oma ensimm\u00e4inen koirani oli riistaviettinen, ihana englanninspringerspanieli. No agility maistui Rosalle, mutta v\u00e4lill\u00e4 k\u00e4ytiin tutkimassa ja haistelemassa muutakin ymp\u00e4rit\u00f6\u00e4. Aqility maxi II luokkaan silti p\u00e4\u00e4stiin. J\u00e4lkitreeneiss\u00e4 sprinkku oli paras mahdollinen valinta. Aqilitykentille etsin sopivampaa rotua. N\u00e4in t\u00f6rm\u00e4sin espanjanvesikoiraan. Ep\u00e4onnekseni ensimm\u00e4inen perroni oli vakavasti sairas, joka jouduttiin lopettamaan nuorella i\u00e4ll\u00e4. R\u00f6lliss\u00e4 oli silti jotain, joka teki minuun\tl\u00e4htem\u00e4tt\u00f6m\u00e4n vaikutuksen. Tuolloin ymm\u00e4rsin &#8221;kantap\u00e4\u00e4n kautta&#8221;, ett\u00e4 terveystulokset on pystytt\u00e4v\u00e4 aukottomasti selvitt\u00e4m\u00e4\u00e4n ja esitt\u00e4m\u00e4\u00e4n pennunostajille. Sairaiden koirien teett\u00e4minen t\u00e4h\u00e4n maailmaan ei ole kenenk\u00e4\u00e4n etu; viimeksi kasvattajan! Onneksi saimme rodun PEVISAan (perinn\u00f6llisten vikojen ja sairauksien vastustamisohjelma).\tOlin tuolloin\tVesikorat ry:n hallituksessa osaltani vaikuttamassa siihen ettei E-lonkkaisten koirien j\u00e4lkel\u00e4isille sallita rekister\u00f6inti\u00e4.<\/p>\n<p>Aika kului ja perheeseemme tuli kolmas koira vuonna 2004. T\u00e4m\u00e4kin espanjanvesikoira! Romista kehkeytyi n\u00e4yttelyiden kuningatar ja niin\ttestasimme sit\u00e4kin puolta.\t Romi saavutti mm.\tkansainv\u00e4lisen-\tSuomen- ja Viron\tmuotovalion arvon. Lis\u00e4ksi se todettiin It\u00e4vallassa Euroopan kauneimmaksi espanjanvesikoiraksi. Oli siin\u00e4 meill\u00e4 ihmett\u00e4!<\/p>\n<p>Jouduimme luopumaan Rosasta sen t\u00e4ytetty\u00e4 yhdeks\u00e4n vuotta vuonna 2005. Allergia paheni ja koiralla oli jatkuvasti korvatulehduksia. Selk\u00e4\u00e4kin oli operoitu ja selk\u00e4vaivat uusivat. Rosan kohdalla ja my\u00f6s R\u00f6llin, josta luovuttiin samoihin aikoihin, voisi sanoa, ett\u00e4 yritimme liian pitk\u00e4\u00e4n. Pit\u00e4isi osata luovuttaa aikaisemmin. Koiraa ei voi rakentaa uudestaan! Rosan ja R\u00f6llin l\u00e4ht\u00f6 oli kova paikka Romille. Ensimm\u00e4ist\u00e4 kertaa n\u00e4in, ett\u00e4 koirakin osaa kaivata ja &#8221;surra&#8221;.<\/p>\n<p>Romille\totettiin kaveriksi Kiara, josta tuli kennelimme kantanarttu. Nyt\tkohdalleni oli sattunut\triitt\u00e4v\u00e4n hyv\u00e4tasoinen narttu. Terveys, luonne ja ulkon\u00e4k\u00f6 oli sellainen, ett\u00e4 saatoin ajatella ensimm\u00e4ist\u00e4 pentuetta, jonka teimmekin vuonna 2007 Kiaran em\u00e4ll\u00e4. Pentue oli yhteisty\u00f6t\u00e4 Napin perheen kanssa. Kiitos, ett\u00e4 annoitte meid\u00e4n k\u00e4ytt\u00e4\u00e4 Nappia!<\/p>\n<p>Yrit\u00e4n pit\u00e4\u00e4 kotona asuvien koirien m\u00e4\u00e4r\u00e4n pienen\u00e4, sill\u00e4 kokop\u00e4iv\u00e4ty\u00f6 ei mahdollista harrastuksen laajentamista. Samoin sijoitan mielest\u00e4ni parhaimmat nartut hyviin koteihin. N\u00e4in saan kasvatusty\u00f6lleni laajemman pohjan, eik\u00e4 samoja narttuja tarvitse kohtuuttomasti rasittaa raskauksilla.<\/p>\n<p>T\u00e4h\u00e4n alle olen ker\u00e4nnyt tietoa erilaisista sairauksista. Alkaen silm\u00e4sairauksista.<\/p>\n<p><strong>PRA<\/strong> Progressiivinen retinan atrofia, PRA eli verkkokalvon etenev\u00e4 surkastuma, k\u00e4sitt\u00e4\u00e4 suuren joukon perinn\u00f6llisi\u00e4, eri alkuper\u00e4st\u00e4 johtuvia tauteja, jotka v\u00e4\u00e4j\u00e4\u00e4m\u00e4tt\u00e4 johtavat sokeuteen. PRA voi esiinty\u00e4 my\u00f6h\u00e4issyntyisen\u00e4 (keski-i\u00e4ss\u00e4 ja jopa my\u00f6hemmin) tai jo hyvin nuorella i\u00e4ll\u00e4. Koiran verkkokalvo voi syntyess\u00e4 olla t\u00e4ysin terve ja sairastua my\u00f6hemmin (degeneraatio) tai verkkokalvo voi olla jo syntym\u00e4st\u00e4 asti ep\u00e4normaali (dysplasia). Oireet alkavat tavallisimmin h\u00e4m\u00e4r\u00e4sokeutena.<\/p>\n<p>Tutkimme jalostuskoiriemme PRA statuksen geenitestill\u00e4. Mik\u00e4li toinen vanhemmista on carrier = kantaja on\tpartneri aina clear = terve. N\u00e4in turvaamme sen, etteiv\u00e4t koirat sairastu el\u00e4m\u00e4ns\u00e4 aikana. Lis\u00e4tietoa l\u00f6ytyy mm. <a href=\"http:\/\/www.vesikoirat.fi\">www.vesikoirat.fi<\/a> sivustolta.<\/p>\n<p><strong>KATARAKTA, HC<\/strong> Hereditary cataract, HC, eli perinn\u00f6llinen harmaakaihi on nuorella tai keski-ik\u00e4isell\u00e4 koiralla esiintyv\u00e4 silm\u00e4n linssin samentuma joko yhdess\u00e4 tai molemmissa silmiss\u00e4. Kaihi on nimitys linssiss\u00e4 olevalle samentumalle, jonka l\u00e4pi valo ei p\u00e4\u00e4se. Kaihi voi ilmet\u00e4 miss\u00e4 i\u00e4ss\u00e4 tahansa. Perinn\u00f6llinen kaihi ilmenee usein nuorella i\u00e4ll\u00e4, joskin poikkeuksia esiintyy rotujen ja rodun sis\u00e4ll\u00e4 yksil\u00f6iden v\u00e4lill\u00e4. Kaihi voi olla pieni muutos linssiss\u00e4, joka ei etene, eik\u00e4 vaivaa koiraa, mutta se voi olla my\u00f6s etenev\u00e4, johtaen linssin t\u00e4ydelliseen samentumiseen ja siten silm\u00e4n n\u00e4k\u00f6kyvyn menetykseen.<\/p>\n<p>HC diagnoosin saanutta koiraa emme k\u00e4yt\u00e4 jalostukseen.<\/p>\n<p><strong>PHPV \/ PHTVL<\/strong> Persistoiva hyperplastinen primaari vitreus \/ persistoiva hyperplastinen tunika vaskulosa lentis. T\u00e4m\u00e4 nimihirvi\u00f6 tarkoittaa siki\u00f6kautisen liikakasvuisen `alkulasiaisen\u00c2\u00b4 ja silm\u00e4n sis\u00e4ll\u00e4 linssi\u00e4 suonittavan verisuonij\u00e4rjestelm\u00e4n j\u00e4\u00e4nnett\u00e4. Osa em. rakenteista kehittyy virheellisesti siki\u00f6kauden alkuvaiheessa hyperplastiseksi eli liikakasvuiseksi.PHTVL\/PHPV muutokset jaetaan vakavuudeltaan 1.-6. asteisiin. Espanjanvesikoira, joilla on todettu 2. astetta ja sit\u00e4 vakavampia PHTVL \/PHPV muutoksia ei\ttule k\u00e4ytt\u00e4\u00e4 jalostukseen.<\/p>\n<p><strong>PPM<\/strong> Persistoiva pupillaari membraani, PPM, on synnynn\u00e4inen silm\u00e4n kehitysh\u00e4iri\u00f6, jossa siki\u00f6kautinen silm\u00e4n linssin etuosaa ruokkiva verisuonitettu verkko\/kalvo ei h\u00e4vi\u00e4 normaalisti syntym\u00e4n aikoihin tai viimeist\u00e4\u00e4n 6 viikon sis\u00e4ll\u00e4.Vakavimmissa tapauksissa muutokset heikent\u00e4v\u00e4t yksil\u00f6n n\u00e4k\u00f6kyky\u00e4. T\u00e4llaisia muutoksia ovat PPM-rihmat iriksest\u00e4 linssiin ja \/ tai iriksest\u00e4 sarveiskalvoon sek\u00e4 levym\u00e4iset muodostumat.Sairaus ei lievemmiss\u00e4 muodoissa haittaa yksil\u00f6\u00e4 lainkaan.<\/p>\n<p>PPM diagnoosin saanutta koiraa emme k\u00e4yt\u00e4 jalostukseen.<\/p>\n<p><strong>RD<\/strong> Retinan dysplasia, RD, eli verkkokalvon synnynn\u00e4inen kehitysh\u00e4ri\u00f6 on usealla rodulla perinn\u00f6lliseksi ep\u00e4ilty tai todettu sairaus, jossa verkkokalvo kehittyy jo siki\u00f6kaudella palautumattomasti ep\u00e4normaalisti. Verkkokalvon rakenne voi paikallisesti olla liikakasvuinen tai osin irtaantunut, muodostaen poimuja ja pienempi\u00e4 tai laajempia irtaumia. Vakavimmassa tapauksessa koko verkkokalvo on irtaantunut.<\/p>\n<p>RD jaetaan l\u00f6yd\u00f6ksien perusteella kolmeen luokkaan. mRD, multifokaali RD, tarkoittaa ett\u00e4 potilaalla on verkkokalvollaan (yhdess\u00e4 tai molemmissa silmiss\u00e4) 1 tai useampia poimuja. gRD, geograafinen RD, on mRD muutosta laajempi poimujen ja verkkokalvon ohentumien saarekemainen kertym\u00e4, joka jo todenn\u00e4k\u00f6isesti vaikuttaa n\u00e4k\u00f6kykyyn toisin kuin mRD. tRD eli totaali RD, verkkokalvo on kokonaisuudessaan irti. tRD potilas on usein syntym\u00e4st\u00e4\u00e4n saakka sokea.<\/p>\n<p>Espanjanvesikoirilla mRD diagnoosin saaneita potilaita saa k\u00e4ytt\u00e4\u00e4 jalostukseen, kunhan valitulla puolisolla ei ko muutoksia ole. gRD ja tRD potilaita ei saa k\u00e4ytt\u00e4\u00e4 jalostukseen miss\u00e4\u00e4n rodussa.<\/p>\n<p><strong>CSK<\/strong> Chronic superficial keratitis (pannus) eli pitk\u00e4aikainen pinnallinen sarveiskalvontulehdus on perinn\u00f6lliseksi ep\u00e4ilty todenn\u00e4k\u00f6isesti immuuniv\u00e4litteinen sairaus, jossa sarveiskalvo ilman todettavaa muuta syyt\u00e4 etenev\u00e4sti tulehtuu, johtaen jopa n\u00e4k\u00f6kyvyn menetykseen.<\/p>\n<p>Ennuste sairauden vakavuuden suhteen vaihtelee oireiden alkamisajankohdan mukaan. Mik\u00e4li oireet alkavat nuorena, pannus muutokset etenev\u00e4t usein nopeasti ja ovat vakavia.<\/p>\n<p><strong>Distichiasis<\/strong> Luomen reunassa luomirauhasten laskuaukosta uloskasvavia ylim\u00e4\u00e4r\u00e4isi\u00e4 ripsi\u00e4 kutsutaan distichias-ripsiksi. Ylim\u00e4\u00e4r\u00e4iset ripset eiv\u00e4t aina aiheuta harvalukuisena ongelmia, mutta runsaslukuisena ne aiheuttavat silm\u00e4n sarveiskalvon \u00e4rtymist\u00e4, silm\u00e4n siristyst\u00e4, punoitusta ja lis\u00e4\u00e4ntynytt\u00e4 kyynelvuotoa.<\/p>\n<p>Ektooppiset ciliat eli v\u00e4\u00e4r\u00e4ss\u00e4 paikassa sijaitsevat ripset, jotka usein kasvavat luomen sis\u00e4pinnalla sidekalvolla ovat er\u00e4s muoto distichiasiksesta.<\/p>\n<p>Distichiasis diagnoosin saanutta potilasta saa k\u00e4ytt\u00e4\u00e4 jalostukseen, mutta sille on suotavaa valita distichiasis vapaa puoliso.<\/p>\n<p>Seuraavaksi joitakin luustosairauksia:<\/p>\n<h3>Lonkkanivelen kasvuh\u00e4iri\u00f6t<\/h3>\n<p>Koiran lonkkanivelen kasvuh\u00e4iri\u00f6 on koirien yleisin tuki- ja liikuntaelimist\u00f6n kasvuh\u00e4iri\u00f6. Se voidaan m\u00e4\u00e4ritell\u00e4 perinn\u00f6lliseksi lonkkanivelen l\u00f6ysyydeksi, jonka seurauksena lonkkamalja ei kehity normaalisti. Lonkkanivelen kasvuh\u00e4iri\u00f6 johtaa usein nivelrikkoon. Se periytyy polygeenisesti eli siihen vaikuttaa useita eri geenej\u00e4. Lonkkanivelen kasvuh\u00e4iri\u00f6t\u00e4 tavataan l\u00e4hes kaikilla roduilla.<\/p>\n<div><\/div>\n<div>Espanjanvesikoirien PEVISA-vaatimuksiin kuuluu virallinen lonkkakuvauslausunto. Koiran tulee olla kuvaushetkell\u00e4 v\u00e4hint\u00e4\u00e4n 12 kk:n ik\u00e4inen. Lausunto tulee olla voimassa ennen astutusta. Lausunnon raja-arvo on D eli koirien, joiden lonkkakuvauslausunto on E, j\u00e4lkel\u00e4isi\u00e4 ei rekister\u00f6id\u00e4.<br \/>\nFCI:n kansainv\u00e4linen arvosteluasteikko<\/div>\n<div>A\t\t\t t\u00e4ysin terve nivel<\/div>\n<div>B\t\t\t rajatapaus<\/div>\n<div>C\t\t\t liev\u00e4sti dysplastinen nivel<\/div>\n<div>D\t\t\t keskivaikeasti dysplastinen nivel<\/div>\n<div>E\t\t\t vaikeasti dysplastinen nivel<\/div>\n<div><\/div>\n<h3><span style=\"font-family: Verdana; font-size: small;\"><span style=\"font-family: Verdana; font-size: small;\"><strong>Osteochondrosis, OD<\/strong><\/span><\/span><\/h3>\n<p>Luusairaus,jossa nivelrustot eiv\u00e4t kypsy ja kasva normaalisti. Vamma aiheuttaa kipua ja ontumista. OD on kasvavalla el\u00e4imell\u00e4 esiintyv\u00e4 h\u00e4iri\u00f6 nivelpinnoissa.<\/p>\n<p>Tautia esiintyy nopeakasvuisilla yksil\u00f6ill\u00e4. Vika on saatu syntym\u00e4\u00e4n kokeellisesti liikaruokinnalla, mutta siihen saattaa olla my\u00f6s perinn\u00f6llisi\u00e4 taipumuksia, koska nopeakasvuisuus on perinn\u00f6llist\u00e4, joten alttius kasvuh\u00e4iri\u00f6ihin on periytyv\u00e4\u00e4.<\/p>\n<p>Sairaus voidaan todeta r\u00f6ntgenkuvasta, jossa se ilmenee niveless\u00e4 n\u00e4kyvin\u00e4 rustovaurioina. OD ilmenee yleisimmin olkaniveless\u00e4, kyyn\u00e4rniveless\u00e4 ja polvi- ja kinnerniveless\u00e4. Se voi esiinty\u00e4 my\u00f6s selk\u00e4- tai kaularangassa, jolloin nikamien v\u00e4linen yhteys huononee.<\/p>\n<p>OD:n koiran omistaja huomaa usein pennun liikkeist\u00e4, se ei tasapainota raajojaan tasaisesti. Sairauden vakavuusaste ratkaisee hoitomuodon ja paranemisennusteen, joka vaihtelee yksil\u00f6itt\u00e4in. Huomattava osa olkaniveless\u00e4 esiintyvist\u00e4 muutoksista kasvuaikana paranee ilman leikkausta.<\/p>\n<p>T\u00e4h\u00e4n sairauteen luetaan usein my\u00f6s kyyn\u00e4rnivelen kasvuh\u00e4iri\u00f6 eli kyyn\u00e4rnivel dysplasia, joka voidaan todeta jo puolivuotiailla pennuilla. Nivel alkaa aristaa ja turpoaa ja koira ontuu. Varhaisessa vaiheessa vika voidaan viel\u00e4 leikata melko hyvin tuloksin. Uusimpien saksalaisten tutkimusten mukaan kyyn\u00e4rniveldysplasia on seurausta ep\u00e4tasaisesta kasvusta ja nivelen ep\u00e4tasaisesta muotoutumisesta ja t\u00e4m\u00e4n vaivan suhteen varsinkin ymp\u00e4rist\u00f6tekij\u00e4t ovat erityisen t\u00e4rke\u00e4t.<\/p>\n<p>My\u00f6s kyyn\u00e4rniveli\u00e4 on alettu viime vuosina tutkia r\u00f6ntgenkuvauksin ja virallisin lausunnoin &#8211; tulokset ovat olleet hyvin positiivisia, tutkituilla vain muutamilla on ollut kyyn\u00e4rnivel muutoksia.<\/p>\n<p>Virallinen arvosteluasteikko:<br \/>\n0 = ei muutoksia<br \/>\n1 = liev\u00e4t muutokset<br \/>\n2 = kohtalaiset muutokset<br \/>\n3 = voimakkaat muutokset<\/p>\n<p>Espanjanverikoirien PEVISA-vaatimuksiin kuuluu virallinen kyyn\u00e4rkuvauslausunto. Koiran tulee olla kuvaushetkell\u00e4 v\u00e4hint\u00e4\u00e4n 12 kk:n ik\u00e4inen. Lausunto tulee olla voimassa ennen astutusta. Ei raja-arvoa.<\/p>\n","protected":false},"excerpt":{"rendered":"<p>Hei! Kivaa, ett\u00e4 vierailet sivuillamme! Miksi espanjanvesikoira? Tutustuin rotuun 2000 luvun taitteessa toistakymment\u00e4 vuotta sitten. Tuolloin olin innokas agilityn harrastaja ja koulutusohjaaja. Oma ensimm\u00e4inen koirani oli riistaviettinen, ihana englanninspringerspanieli. No agility maistui Rosalle, mutta v\u00e4lill\u00e4 k\u00e4ytiin tutkimassa ja haistelemassa muutakin ymp\u00e4rit\u00f6\u00e4. Aqility maxi II luokkaan silti p\u00e4\u00e4stiin. J\u00e4lkitreeneiss\u00e4 sprinkku oli paras mahdollinen valinta. Aqilitykentille etsin [&hellip;]<\/p>\n","protected":false},"author":1,"featured_media":0,"parent":0,"menu_order":4,"comment_status":"closed","ping_status":"closed","template":"alasivuja.php","meta":{"footnotes":""},"class_list":["post-108","page","type-page","status-publish","hentry"],"_links":{"self":[{"href":"http:\/\/aquatic.fi\/index.php?rest_route=\/wp\/v2\/pages\/108","targetHints":{"allow":["GET"]}}],"collection":[{"href":"http:\/\/aquatic.fi\/index.php?rest_route=\/wp\/v2\/pages"}],"about":[{"href":"http:\/\/aquatic.fi\/index.php?rest_route=\/wp\/v2\/types\/page"}],"author":[{"embeddable":true,"href":"http:\/\/aquatic.fi\/index.php?rest_route=\/wp\/v2\/users\/1"}],"replies":[{"embeddable":true,"href":"http:\/\/aquatic.fi\/index.php?rest_route=%2Fwp%2Fv2%2Fcomments&post=108"}],"version-history":[{"count":31,"href":"http:\/\/aquatic.fi\/index.php?rest_route=\/wp\/v2\/pages\/108\/revisions"}],"predecessor-version":[{"id":3440,"href":"http:\/\/aquatic.fi\/index.php?rest_route=\/wp\/v2\/pages\/108\/revisions\/3440"}],"wp:attachment":[{"href":"http:\/\/aquatic.fi\/index.php?rest_route=%2Fwp%2Fv2%2Fmedia&parent=108"}],"curies":[{"name":"wp","href":"https:\/\/api.w.org\/{rel}","templated":true}]}}