{"id":142,"date":"2012-07-25T15:05:00","date_gmt":"2012-07-25T12:05:00","guid":{"rendered":"http:\/\/aquatic.fi:8080\/?page_id=142"},"modified":"2020-02-17T20:23:38","modified_gmt":"2020-02-17T20:23:38","slug":"ostopaatos","status":"publish","type":"page","link":"http:\/\/aquatic.fi\/?page_id=142","title":{"rendered":"Ostop\u00e4\u00e4t\u00f6s"},"content":{"rendered":"<h1>Ostop\u00e4\u00e4t\u00f6s<\/h1>\n<p>Oletko miettinyt, mit\u00e4 pennun ostaminen tuo tullessaan.<\/p>\n<ul>\n<li>onko riitt\u00e4v\u00e4sti aikaa pennulle annettavaksi, ent\u00e4 aikuiselle koiralle; koira tarvitsee lenkityksen v\u00e4hint\u00e4\u00e4n kolme kertaa p\u00e4iv\u00e4ss\u00e4, mielell\u00e4\u00e4n nelj\u00e4 jo voidakseen hoitaa normaalit tarpeensa<\/li>\n<li>vastuu el\u00e4v\u00e4st\u00e4 el\u00e4imest\u00e4 koko sen elini\u00e4n; suotuisassa tapauksessa yhteiseloa kest\u00e4\u00e4 seuraavat 10-15 vuotta; hetken mielijohteesta ostop\u00e4\u00e4t\u00f6st\u00e4 ei pid\u00e4 tehd\u00e4<\/li>\n<li>mink\u00e4laisen koiran haluat, aktiivisen vaiko hieman helpomman; espanjanvesikoiran luonteissa on vaihtelua samassakin pentueessa<\/li>\n<li>oletko miettinyt, tarvitsisiko koira vakuutuksen, koiran kanssa sattuu ja tapahtuu ja aivan varmasti vakuuttamattoman koiran kanssa<\/li>\n<li>yst\u00e4v\u00e4 tuo my\u00f6s mukanaan lempeit\u00e4 katseita, pyyteet\u00f6nt\u00e4 yst\u00e4vyytt\u00e4, yhteenkuuluvuutta ja rajatonta rakkautta; koira on silti petoel\u00e4in, joka tarvitsee rajat asettavan johtajan<\/li>\n<li>pennut ovat ihania, mutta itse pid\u00e4n eniten aikuisista koirista, jotka ovat muokkautuneet koulutuksella omanlaisikseen, \u201dtoimivat arjessakin kuin ajatus!\u201d<\/li>\n<\/ul>\n<p><a href=\"http:\/\/aquatic.fi\/wp-content\/uploads\/2012\/07\/romijamamma.jpg\"><img loading=\"lazy\" decoding=\"async\" class=\"alignnone size-thumbnail wp-image-631\" title=\"romijamamma\" src=\"http:\/\/aquatic.fi\/wp-content\/uploads\/2012\/07\/romijamamma-280x210.jpg\" alt=\"\" width=\"280\" height=\"210\" \/><\/a><\/p>\n<p>Myyn kasvattini ilman lis\u00e4ehtoja. Suosittelen ja toivon, ett\u00e4 kasvattini vied\u00e4\u00e4n PEVISAn (perinn\u00f6llisten vikojen ja sairauksien vastustamisohjelma) edellytt\u00e4miin terveystarkastuksiin ja ett\u00e4 niit\u00e4 k\u00e4ytet\u00e4\u00e4n n\u00e4yttelyiss\u00e4 ja mahdollisesti erilaisissa kokeissa. N\u00e4in saan arvokasta tietoa kasvatusty\u00f6ni tuloksista. Kasvattajana olen allekirjoittanut Suomen Kennelliiton kasvattajasitoumuksen.<\/p>\n<p>K\u00e4yt\u00e4n Suomen Kennelliiton lomaketta; Sopimus koiran kaupasta.<br \/>\n<a href=\"http:\/\/www.kennelliitto.fi\/NR\/rdonlyres\/FDA52D9E-2366-4F7E-8195-39FEF004603D\/0\/kauppasopimus_09_WEB_tayt.pdf\">http:\/\/www.kennelliitto.fi\/NR\/rdonlyres\/FDA52D9E-2366-4F7E-8195-39FEF004603D\/0\/kauppasopimus_09_WEB_tayt.pdf<\/a><\/p>\n<h2>Sijoituskoira<\/h2>\n<p>Sijoitus on koirakauppaa lykk\u00e4\u00e4vin ehdoin. Koiran omistus on kasvattajalla, kunnes sijoitusehdot on t\u00e4ytetty, siis yksi pentue saatettu maailmaan. Sijoituskoira voi vaatia ehk\u00e4 enemm\u00e4n ty\u00f6t\u00e4 kuin mit\u00e4 ihan tavallinen, pelk\u00e4ksi kotikoiraksi hankittu koira. Ilmaista koiraa ei ole olemassakaan.<\/p>\n<p>K\u00e4yt\u00e4n sijoituksissa Suomen Kennelliiton lomaketta; Sopimus koiran sijoituksesta.\t<a href=\"http:\/\/www.kennelliitto.fi\/NR\/rdonlyres\/9F1DEC93-C6C2-478D-9CA2-CBF96F79BEF1\/0\/sijoitussopimusnarttu_WEB_taytettava.pdf\">http:\/\/www.kennelliitto.fi\/NR\/rdonlyres\/9F1DEC93-C6C2-478D-9CA2-CBF96F79BEF1\/0\/sijoitussopimusnarttu_WEB_taytettava.pdf<\/a><\/p>\n<p>Olen tavannut my\u00f6s muunlaisia sopimuksia ts. leasingsopimuksia, jotka onnistuakseen tarvitsevat ehk\u00e4 enemm\u00e4n luottamusta, kuin tavallinen sijoitussopimus. Liian usein leasingsopimuksissa taloudellinen vastuu siirret\u00e4\u00e4n pennunottajalle ja mielest\u00e4ni \u201dkyseenalainen jalostusoikeus\u201d j\u00e4\u00e4 kasvattajalle. Hyv\u00e4 sopimus on sellainen, josta molemmat osapuolet hy\u00f6tyv\u00e4t eik\u00e4 kumpikaan tunne tulleensa hyv\u00e4ksik\u00e4ytetyksi. Valitettavan usein koiranjalostuksesta tulee taloudellisen hy\u00f6dyn tavoittelua, eik\u00e4 se pysy harrastustoimintana. Sopimuksen on ylip\u00e4\u00e4t\u00e4\u00e4n oltava kohtuullinen molempia osapuolia kohtaan. Vuokrasuhde, varsinkin kun kohteena on el\u00e4v\u00e4 el\u00e4in, edellytt\u00e4\u00e4 luottamusta osapuolten kesken ja se on sen vuoksi henkil\u00f6\u00f6n sidottu. Leasing-sopimuksen osapuolten oikeusasema ei ole p\u00e4\u00e4s\u00e4\u00e4nt\u00f6isesti siirrett\u00e4viss\u00e4 ilman toisen osapuolen suostumusta kolmannelle.<\/p>\n<h2>Yhteist\u00e4 mietitt\u00e4v\u00e4\u00e4<\/h2>\n<ul>\n<li>on syyt\u00e4 selvitt\u00e4\u00e4 jo hyviss\u00e4 ajoin ennen pennun tuloa, mit\u00e4 sille saa tehd\u00e4 ja mit\u00e4 ei<\/li>\n<li>pentua ei koskaan saa her\u00e4tt\u00e4\u00e4 kun se nukkuu!<\/li>\n<li>pennulle ei saa antaa ylim\u00e4\u00e4r\u00e4isi\u00e4 makupaloja! (mm. suklaa ja ksylitoli ovat koiralle myrkyllisi\u00e4)<\/li>\n<li>pentua ei saa vet\u00e4\u00e4 h\u00e4nn\u00e4st\u00e4, sit\u00e4 ei saa ajaa takaa eik\u00e4 muullakaan tavalla kiusata!<\/li>\n<li>pentua tai aikuista koiraa ei saa koskaan miss\u00e4\u00e4n tilanteessa ly\u00f6d\u00e4! Jos rangaistukselle on aihetta, otetaan koiraa tiukasti kiinni poskinahoista ja sit\u00e4 puhutellaan tomeralla \u00e4\u00e4nell\u00e4!<\/li>\n<li>ennen pennun tuloa kannattaa kaikki s\u00e4hk\u00f6johdot ja muut vaaralliset \u201dsy\u00f6t\u00e4v\u00e4t\u201d ker\u00e4t\u00e4 pois pennun ulottuvilta<\/li>\n<li>El\u00e4insuojelulain mukaiset periaatteet:<\/li>\n<li>koiraa on kohdeltava hyvin<\/li>\n<li>koiralle ei saa aiheuttaa tarpeetonta k\u00e4rsimyst\u00e4<\/li>\n<li>koiralle ei saa tuottaa tarpeetonta kipua eik\u00e4 tuskaa<\/li>\n<li>koiran terveyden yll\u00e4pitoa on edistett\u00e4v\u00e4<\/li>\n<li>koiran fysiologiset ja k\u00e4ytt\u00e4ytymistarpeet on huomioitava<\/li>\n<\/ul>\n","protected":false},"excerpt":{"rendered":"<p>Ostop\u00e4\u00e4t\u00f6s Oletko miettinyt, mit\u00e4 pennun ostaminen tuo tullessaan. onko riitt\u00e4v\u00e4sti aikaa pennulle annettavaksi, ent\u00e4 aikuiselle koiralle; koira tarvitsee lenkityksen v\u00e4hint\u00e4\u00e4n kolme kertaa p\u00e4iv\u00e4ss\u00e4, mielell\u00e4\u00e4n nelj\u00e4 jo voidakseen hoitaa normaalit tarpeensa vastuu el\u00e4v\u00e4st\u00e4 el\u00e4imest\u00e4 koko sen elini\u00e4n; suotuisassa tapauksessa yhteiseloa kest\u00e4\u00e4 seuraavat 10-15 vuotta; hetken mielijohteesta ostop\u00e4\u00e4t\u00f6st\u00e4 ei pid\u00e4 tehd\u00e4 mink\u00e4laisen koiran haluat, aktiivisen vaiko hieman [&hellip;]<\/p>\n","protected":false},"author":1,"featured_media":0,"parent":108,"menu_order":0,"comment_status":"closed","ping_status":"closed","template":"alasivuja.php","meta":{"footnotes":""},"class_list":["post-142","page","type-page","status-publish","hentry"],"_links":{"self":[{"href":"http:\/\/aquatic.fi\/index.php?rest_route=\/wp\/v2\/pages\/142","targetHints":{"allow":["GET"]}}],"collection":[{"href":"http:\/\/aquatic.fi\/index.php?rest_route=\/wp\/v2\/pages"}],"about":[{"href":"http:\/\/aquatic.fi\/index.php?rest_route=\/wp\/v2\/types\/page"}],"author":[{"embeddable":true,"href":"http:\/\/aquatic.fi\/index.php?rest_route=\/wp\/v2\/users\/1"}],"replies":[{"embeddable":true,"href":"http:\/\/aquatic.fi\/index.php?rest_route=%2Fwp%2Fv2%2Fcomments&post=142"}],"version-history":[{"count":8,"href":"http:\/\/aquatic.fi\/index.php?rest_route=\/wp\/v2\/pages\/142\/revisions"}],"predecessor-version":[{"id":3441,"href":"http:\/\/aquatic.fi\/index.php?rest_route=\/wp\/v2\/pages\/142\/revisions\/3441"}],"up":[{"embeddable":true,"href":"http:\/\/aquatic.fi\/index.php?rest_route=\/wp\/v2\/pages\/108"}],"wp:attachment":[{"href":"http:\/\/aquatic.fi\/index.php?rest_route=%2Fwp%2Fv2%2Fmedia&parent=142"}],"curies":[{"name":"wp","href":"https:\/\/api.w.org\/{rel}","templated":true}]}}