{"id":1588,"date":"2013-07-24T12:31:16","date_gmt":"2013-07-24T09:31:16","guid":{"rendered":"http:\/\/aquatic.fi\/?page_id=1588"},"modified":"2020-02-17T20:15:18","modified_gmt":"2020-02-17T20:15:18","slug":"n-thara","status":"publish","type":"page","link":"http:\/\/aquatic.fi\/?page_id=1588","title":{"rendered":"(n) Thara &#8221;Lyyli&#8221;"},"content":{"rendered":"<h1>Thara &#8221;Lyyli &#8221;<\/h1>\n<p>Lyyli muutti enonsa Paavon luokse. Onnea yhteiselle taipaleellenne!<\/p>\n<div id=\"attachment_1815\" style=\"width: 290px\" class=\"wp-caption alignleft\"><a href=\"http:\/\/aquatic.fi\/wp-content\/uploads\/2013\/07\/Lyyli.jpg\"><img loading=\"lazy\" decoding=\"async\" aria-describedby=\"caption-attachment-1815\" class=\"size-thumbnail wp-image-1815\" src=\"http:\/\/aquatic.fi\/wp-content\/uploads\/2013\/07\/Lyyli-280x210.jpg\" alt=\"\" width=\"280\" height=\"210\" \/><\/a><p id=\"caption-attachment-1815\" class=\"wp-caption-text\">P\u00e4ikk\u00e4reill\u00e4 09-2013<\/p><\/div>\n<p><a href=\"http:\/\/aquatic.fi\/wp-content\/uploads\/2013\/07\/IMG_0169.jpg\"><img loading=\"lazy\" decoding=\"async\" class=\"alignleft size-thumbnail wp-image-1635\" src=\"http:\/\/aquatic.fi\/wp-content\/uploads\/2013\/07\/IMG_0169-280x210.jpg\" alt=\"\" width=\"280\" height=\"210\" \/><\/a><\/p>\n<p><a href=\"http:\/\/aquatic.fi\/wp-content\/uploads\/2013\/07\/Thara.jpg\"><img loading=\"lazy\" decoding=\"async\" class=\"alignleft size-thumbnail wp-image-1600\" src=\"http:\/\/aquatic.fi\/wp-content\/uploads\/2013\/07\/Thara-280x210.jpg\" alt=\"\" width=\"280\" height=\"210\" \/><\/a><\/p>\n","protected":false},"excerpt":{"rendered":"<p>Thara &#8221;Lyyli &#8221; Lyyli muutti enonsa Paavon luokse. Onnea yhteiselle taipaleellenne!<\/p>\n","protected":false},"author":4,"featured_media":0,"parent":1518,"menu_order":0,"comment_status":"closed","ping_status":"closed","template":"pentumaja.php","meta":{"footnotes":""},"class_list":["post-1588","page","type-page","status-publish","hentry"],"_links":{"self":[{"href":"http:\/\/aquatic.fi\/index.php?rest_route=\/wp\/v2\/pages\/1588","targetHints":{"allow":["GET"]}}],"collection":[{"href":"http:\/\/aquatic.fi\/index.php?rest_route=\/wp\/v2\/pages"}],"about":[{"href":"http:\/\/aquatic.fi\/index.php?rest_route=\/wp\/v2\/types\/page"}],"author":[{"embeddable":true,"href":"http:\/\/aquatic.fi\/index.php?rest_route=\/wp\/v2\/users\/4"}],"replies":[{"embeddable":true,"href":"http:\/\/aquatic.fi\/index.php?rest_route=%2Fwp%2Fv2%2Fcomments&post=1588"}],"version-history":[{"count":13,"href":"http:\/\/aquatic.fi\/index.php?rest_route=\/wp\/v2\/pages\/1588\/revisions"}],"predecessor-version":[{"id":2995,"href":"http:\/\/aquatic.fi\/index.php?rest_route=\/wp\/v2\/pages\/1588\/revisions\/2995"}],"up":[{"embeddable":true,"href":"http:\/\/aquatic.fi\/index.php?rest_route=\/wp\/v2\/pages\/1518"}],"wp:attachment":[{"href":"http:\/\/aquatic.fi\/index.php?rest_route=%2Fwp%2Fv2%2Fmedia&parent=1588"}],"curies":[{"name":"wp","href":"https:\/\/api.w.org\/{rel}","templated":true}]}}