{"id":1936,"date":"2013-12-17T19:53:12","date_gmt":"2013-12-17T17:53:12","guid":{"rendered":"http:\/\/aquatic.fi\/?page_id=1936"},"modified":"2020-02-17T20:16:04","modified_gmt":"2020-02-17T20:16:04","slug":"n-uni","status":"publish","type":"page","link":"http:\/\/aquatic.fi\/?page_id=1936","title":{"rendered":"(n) Unique &#8221;Uni&#8221;"},"content":{"rendered":"<h1>Unique &#8221;Uni&#8221;<\/h1>\n<p>Unia on terveystutkittu kes\u00e4ll\u00e4 2015:<\/p>\n<p>FI11793\/14 synt. 13.12.2013<br \/>\nLonkkanivelet A \u2013 A<br \/>\nKyyn\u00e4rnivelet 0 \u2013 0<br \/>\nSilm\u00e4t tutkittu 15.6.2015 ei todettu perinn\u00f6llisi\u00e4 silm\u00e4sairauksia<br \/>\nOptiGen-status A<br \/>\nKilpirauhanen ok (T4, TSH, T4\/TSH viitearvojen sis\u00e4ll\u00e4 06\/15)<br \/>\nTGAA negatiivinen (testitulos 07\/15)<\/p>\n<p><a href=\"http:\/\/aquatic.fi\/wp-content\/uploads\/2013\/12\/IMG_0154.jpg\"><img loading=\"lazy\" decoding=\"async\" class=\"alignleft size-thumbnail wp-image-2225\" src=\"http:\/\/aquatic.fi\/wp-content\/uploads\/2013\/12\/IMG_0154-280x210.jpg\" alt=\"\" width=\"280\" height=\"210\" \/><\/a><\/p>\n<p><a href=\"http:\/\/aquatic.fi\/wp-content\/uploads\/2013\/12\/IMG_0156.jpg\"><img loading=\"lazy\" decoding=\"async\" class=\"alignleft size-thumbnail wp-image-2224\" src=\"http:\/\/aquatic.fi\/wp-content\/uploads\/2013\/12\/IMG_0156-280x210.jpg\" alt=\"\" width=\"280\" height=\"210\" \/><\/a><\/p>\n<p><a href=\"http:\/\/aquatic.fi\/wp-content\/uploads\/2013\/12\/IMG_0112.jpg\"><img loading=\"lazy\" decoding=\"async\" class=\"alignnone size-thumbnail wp-image-2103\" src=\"http:\/\/aquatic.fi\/wp-content\/uploads\/2013\/12\/IMG_0112-280x210.jpg\" alt=\"\" width=\"280\" height=\"210\" \/><\/a><\/p>\n<p><a href=\"http:\/\/aquatic.fi\/wp-content\/uploads\/2013\/12\/IMG_0083-\u00c2\u2013-kopio.jpg\"><img loading=\"lazy\" decoding=\"async\" class=\"alignleft size-thumbnail wp-image-2043\" src=\"http:\/\/aquatic.fi\/wp-content\/uploads\/2013\/12\/IMG_0083-\u00c2\u2013-kopio-280x210.jpg\" alt=\"\" width=\"280\" height=\"210\" \/><\/a><\/p>\n<p><a href=\"http:\/\/aquatic.fi\/wp-content\/uploads\/2013\/12\/IMG_0058.jpg\"><img loading=\"lazy\" decoding=\"async\" class=\"alignleft size-thumbnail wp-image-1985\" src=\"http:\/\/aquatic.fi\/wp-content\/uploads\/2013\/12\/IMG_0058-280x210.jpg\" alt=\"\" width=\"280\" height=\"210\" \/><\/a><\/p>\n","protected":false},"excerpt":{"rendered":"<p>Unique &#8221;Uni&#8221; Unia on terveystutkittu kes\u00e4ll\u00e4 2015: FI11793\/14 synt. 13.12.2013 Lonkkanivelet A \u2013 A Kyyn\u00e4rnivelet 0 \u2013 0 Silm\u00e4t tutkittu 15.6.2015 ei todettu perinn\u00f6llisi\u00e4 silm\u00e4sairauksia OptiGen-status A Kilpirauhanen ok (T4, TSH, T4\/TSH viitearvojen sis\u00e4ll\u00e4 06\/15) TGAA negatiivinen (testitulos 07\/15)<\/p>\n","protected":false},"author":1,"featured_media":0,"parent":1254,"menu_order":0,"comment_status":"closed","ping_status":"open","template":"pentumaja.php","meta":{"footnotes":""},"class_list":["post-1936","page","type-page","status-publish","hentry"],"_links":{"self":[{"href":"http:\/\/aquatic.fi\/index.php?rest_route=\/wp\/v2\/pages\/1936","targetHints":{"allow":["GET"]}}],"collection":[{"href":"http:\/\/aquatic.fi\/index.php?rest_route=\/wp\/v2\/pages"}],"about":[{"href":"http:\/\/aquatic.fi\/index.php?rest_route=\/wp\/v2\/types\/page"}],"author":[{"embeddable":true,"href":"http:\/\/aquatic.fi\/index.php?rest_route=\/wp\/v2\/users\/1"}],"replies":[{"embeddable":true,"href":"http:\/\/aquatic.fi\/index.php?rest_route=%2Fwp%2Fv2%2Fcomments&post=1936"}],"version-history":[{"count":11,"href":"http:\/\/aquatic.fi\/index.php?rest_route=\/wp\/v2\/pages\/1936\/revisions"}],"predecessor-version":[{"id":1984,"href":"http:\/\/aquatic.fi\/index.php?rest_route=\/wp\/v2\/pages\/1936\/revisions\/1984"}],"up":[{"embeddable":true,"href":"http:\/\/aquatic.fi\/index.php?rest_route=\/wp\/v2\/pages\/1254"}],"wp:attachment":[{"href":"http:\/\/aquatic.fi\/index.php?rest_route=%2Fwp%2Fv2%2Fmedia&parent=1936"}],"curies":[{"name":"wp","href":"https:\/\/api.w.org\/{rel}","templated":true}]}}