{"id":225,"date":"2012-07-26T21:38:49","date_gmt":"2012-07-26T18:38:49","guid":{"rendered":"http:\/\/aquatic.fi:8080\/?page_id=225"},"modified":"2020-02-17T20:08:42","modified_gmt":"2020-02-17T20:08:42","slug":"u-kehaar-ransu","status":"publish","type":"page","link":"http:\/\/aquatic.fi\/?page_id=225","title":{"rendered":"(u) Kehaar &#8221;Ransu&#8221;"},"content":{"rendered":"<h1>Kehaar &#8221;Ransu&#8221;<\/h1>\n<p>Ransu oli pentueen aktiivisin kaveri. Tapanani on nukkua pentulaatikon vieress\u00e4 ensimm\u00e4inen viikko, varmistaakseni, ett\u00e4 kaikki alkaa sujua niin kuin kuuluu. Synnytyksen j\u00e4lkeisen\u00e4 y\u00f6n\u00e4 her\u00e4sin emon ja pennun vikin\u00e4\u00e4n. Emo makasi pentulaatikossa ja katsoi minua ihmeiss\u00e4\u00e4n \u2013 mit\u00e4 nyt tehd\u00e4\u00e4n? Kuka t\u00e4\u00e4ll\u00e4 vikisee? Ransu oli jollain tavalla keinotellut itsens\u00e4 ulos ja ry\u00f6minyt pari metri\u00e4 l\u00e4heiseen nurkkaan.<\/p>\n<p><a href=\"http:\/\/aquatic.fi\/wp-content\/uploads\/2012\/07\/PENTU-3-PV.jpg\"><img loading=\"lazy\" decoding=\"async\" class=\"alignnone size-thumbnail wp-image-417\" title=\"PENTU 3 PV\" src=\"http:\/\/aquatic.fi\/wp-content\/uploads\/2012\/07\/PENTU-3-PV-280x210.jpg\" alt=\"\" width=\"280\" height=\"210\" \/><\/a><\/p>\n<p>Aktiivisuutensa ja itsen\u00e4isyytens\u00e4 ansiosta Ransu muutti veljeni luokse Kinnulaan. Kaikki tuntui sujuvan hienosti. Kaveri oli sis\u00e4siisti alusta saakka, kuten enonsa. Toki ahkeruutta vaadittiin my\u00f6s omistajilta. Ransu viihtyi mainiosti kotipihalla ja oli ensimm\u00e4isen\u00e4 mukana polttopuiden kannossa. Kes\u00e4ll\u00e4 opittiin uimaan ja noutamaan vedest\u00e4. Mets\u00e4stykseenkin siit\u00e4 tuntui olevan, kuten olimme ajatelleet.<\/p>\n<p>Kes\u00e4loman j\u00e4lkeen 27.7.2009 aamulla, kun olin l\u00e4hd\u00f6ss\u00e4 t\u00f6ihin, veljeni soitti. Ransu oli l\u00e4htenyt j\u00e4niksen per\u00e4\u00e4n ja j\u00e4\u00e4nyt l\u00e4heisell\u00e4 valtatiell\u00e4 auton yliajamaksi. Koira oli kuollut v\u00e4litt\u00f6m\u00e4sti. Ransun el\u00e4m\u00e4 oli lyhyt mutta onnellinen.<\/p>\n<p>Ransu &#8211; silm\u00e4ter\u00e4mme &#8211; nyt jo poissa.<\/p>\n<p><a href=\"http:\/\/www.youtube.com\/watch?v=1bHQ0EKstNU\">Ransu Youtubessa!<\/a><br \/>\n<a href=\"http:\/\/www.youtube.com\/watch?v=rp-jMMIEL_E\">Ransu ja Kiara Kaakkolammen j\u00e4\u00e4ll\u00e4.<\/a><br \/>\n<a href=\"http:\/\/www.youtube.com\/watch?v=Czuq7SgW1ew\">Ransu, Kiara ja Romi Kaakkolammella.<\/a><\/p>\n<div id=\"attachment_419\" style=\"width: 290px\" class=\"wp-caption alignnone\"><a href=\"http:\/\/aquatic.fi\/wp-content\/uploads\/2012\/07\/kehaar5.jpg\"><img loading=\"lazy\" decoding=\"async\" aria-describedby=\"caption-attachment-419\" class=\"size-thumbnail wp-image-419\" title=\"kehaar5\" src=\"http:\/\/aquatic.fi\/wp-content\/uploads\/2012\/07\/kehaar5-280x210.jpg\" alt=\"\" width=\"280\" height=\"210\" \/><\/a><p id=\"caption-attachment-419\" class=\"wp-caption-text\">Aquatic Kehaar Ransu 11.6.2009.<\/p><\/div>\n<div id=\"attachment_420\" style=\"width: 290px\" class=\"wp-caption alignnone\"><a href=\"http:\/\/aquatic.fi\/wp-content\/uploads\/2012\/07\/ransu2.jpg\"><img loading=\"lazy\" decoding=\"async\" aria-describedby=\"caption-attachment-420\" class=\"size-thumbnail wp-image-420\" title=\"ransu2\" src=\"http:\/\/aquatic.fi\/wp-content\/uploads\/2012\/07\/ransu2-280x210.jpg\" alt=\"\" width=\"280\" height=\"210\" \/><\/a><p id=\"caption-attachment-420\" class=\"wp-caption-text\">Ransu 20.2.<\/p><\/div>\n<div id=\"attachment_421\" style=\"width: 290px\" class=\"wp-caption alignnone\"><a href=\"http:\/\/aquatic.fi\/wp-content\/uploads\/2012\/07\/ransu3.jpg\"><img loading=\"lazy\" decoding=\"async\" aria-describedby=\"caption-attachment-421\" class=\"size-thumbnail wp-image-421\" title=\"ransu3\" src=\"http:\/\/aquatic.fi\/wp-content\/uploads\/2012\/07\/ransu3-280x210.jpg\" alt=\"\" width=\"280\" height=\"210\" \/><\/a><p id=\"caption-attachment-421\" class=\"wp-caption-text\">Ransu 17.2.<\/p><\/div>\n<div id=\"attachment_422\" style=\"width: 290px\" class=\"wp-caption alignnone\"><a href=\"http:\/\/aquatic.fi\/wp-content\/uploads\/2012\/07\/ransu1.jpg\"><img loading=\"lazy\" decoding=\"async\" aria-describedby=\"caption-attachment-422\" class=\"size-thumbnail wp-image-422\" title=\"ransu1\" src=\"http:\/\/aquatic.fi\/wp-content\/uploads\/2012\/07\/ransu1-280x210.jpg\" alt=\"\" width=\"280\" height=\"210\" \/><\/a><p id=\"caption-attachment-422\" class=\"wp-caption-text\">Ransu 29.11.2008.<\/p><\/div>\n<p><a href=\"http:\/\/aquatic.fi\/wp-content\/uploads\/2012\/07\/kehaar3.jpg\"><img loading=\"lazy\" decoding=\"async\" class=\"size-thumbnail wp-image-423\" title=\"kehaar3\" src=\"http:\/\/aquatic.fi\/wp-content\/uploads\/2012\/07\/kehaar3-280x210.jpg\" alt=\"\" width=\"280\" height=\"210\" \/><\/a><\/p>\n<p><a href=\"http:\/\/aquatic.fi\/wp-content\/uploads\/2012\/07\/kehaar4.jpg\"><img loading=\"lazy\" decoding=\"async\" class=\"alignnone size-thumbnail wp-image-424\" title=\"kehaar4\" src=\"http:\/\/aquatic.fi\/wp-content\/uploads\/2012\/07\/kehaar4-280x210.jpg\" alt=\"\" width=\"280\" height=\"210\" \/><\/a><\/p>\n<p><a href=\"http:\/\/aquatic.fi\/wp-content\/uploads\/2012\/07\/kehaar1.jpg\"><img loading=\"lazy\" decoding=\"async\" class=\"alignnone size-thumbnail wp-image-425\" title=\"kehaar1\" src=\"http:\/\/aquatic.fi\/wp-content\/uploads\/2012\/07\/kehaar1-280x210.jpg\" alt=\"\" width=\"280\" height=\"210\" \/><\/a><\/p>\n<p><a href=\"http:\/\/aquatic.fi\/wp-content\/uploads\/2012\/07\/kehaar2.jpg\"><img loading=\"lazy\" decoding=\"async\" class=\"alignnone size-thumbnail wp-image-426\" title=\"kehaar2\" src=\"http:\/\/aquatic.fi\/wp-content\/uploads\/2012\/07\/kehaar2-280x210.jpg\" alt=\"\" width=\"280\" height=\"210\" \/><\/a><\/p>\n","protected":false},"excerpt":{"rendered":"<p>Kehaar &#8221;Ransu&#8221; Ransu oli pentueen aktiivisin kaveri. Tapanani on nukkua pentulaatikon vieress\u00e4 ensimm\u00e4inen viikko, varmistaakseni, ett\u00e4 kaikki alkaa sujua niin kuin kuuluu. Synnytyksen j\u00e4lkeisen\u00e4 y\u00f6n\u00e4 her\u00e4sin emon ja pennun vikin\u00e4\u00e4n. Emo makasi pentulaatikossa ja katsoi minua ihmeiss\u00e4\u00e4n \u2013 mit\u00e4 nyt tehd\u00e4\u00e4n? Kuka t\u00e4\u00e4ll\u00e4 vikisee? Ransu oli jollain tavalla keinotellut itsens\u00e4 ulos ja ry\u00f6minyt pari metri\u00e4 [&hellip;]<\/p>\n","protected":false},"author":1,"featured_media":0,"parent":188,"menu_order":0,"comment_status":"closed","ping_status":"closed","template":"pentumaja.php","meta":{"footnotes":""},"class_list":["post-225","page","type-page","status-publish","hentry"],"_links":{"self":[{"href":"http:\/\/aquatic.fi\/index.php?rest_route=\/wp\/v2\/pages\/225","targetHints":{"allow":["GET"]}}],"collection":[{"href":"http:\/\/aquatic.fi\/index.php?rest_route=\/wp\/v2\/pages"}],"about":[{"href":"http:\/\/aquatic.fi\/index.php?rest_route=\/wp\/v2\/types\/page"}],"author":[{"embeddable":true,"href":"http:\/\/aquatic.fi\/index.php?rest_route=\/wp\/v2\/users\/1"}],"replies":[{"embeddable":true,"href":"http:\/\/aquatic.fi\/index.php?rest_route=%2Fwp%2Fv2%2Fcomments&post=225"}],"version-history":[{"count":5,"href":"http:\/\/aquatic.fi\/index.php?rest_route=\/wp\/v2\/pages\/225\/revisions"}],"predecessor-version":[{"id":2945,"href":"http:\/\/aquatic.fi\/index.php?rest_route=\/wp\/v2\/pages\/225\/revisions\/2945"}],"up":[{"embeddable":true,"href":"http:\/\/aquatic.fi\/index.php?rest_route=\/wp\/v2\/pages\/188"}],"wp:attachment":[{"href":"http:\/\/aquatic.fi\/index.php?rest_route=%2Fwp%2Fv2%2Fmedia&parent=225"}],"curies":[{"name":"wp","href":"https:\/\/api.w.org\/{rel}","templated":true}]}}