{"id":227,"date":"2012-07-26T21:40:03","date_gmt":"2012-07-26T18:40:03","guid":{"rendered":"http:\/\/aquatic.fi:8080\/?page_id=227"},"modified":"2020-02-17T20:08:42","modified_gmt":"2020-02-17T20:08:42","slug":"u-knave-nemo","status":"publish","type":"page","link":"http:\/\/aquatic.fi\/?page_id=227","title":{"rendered":"(u) Knave &#8221;Nemo&#8221;"},"content":{"rendered":"<h1>Knave &#8221;Nemo&#8221;<\/h1>\n<p>N\u00e4yttely: Oulu 11.7.2010<br \/>\nTuomari: Saija Juutilainen<br \/>\n21kk. Oikealinjainen nuori uros. Erinomainen uroksen p\u00e4\u00e4,jossa oikeat linjat,ilme &amp; purenta. Vahva kaula. Erinomainen rungon malli. Lupaava eturinta. Olkavarret voisivat olla viistommat, muuten hyv\u00e4t kulmaukset &amp; k\u00e4p\u00e4l\u00e4t. Hyv\u00e4 karvanlaatu &amp; v\u00e4ri. Liikkuu erinomaisella ulottuvuudella &amp; voimalla. Hyv\u00e4 luonne.<\/p>\n<p>N\u00e4yttely: Turku 24.01.2010<br \/>\nTuomari: Joao De Paula Bessa, Portugali<br \/>\nLaatuluokka JUN ERI<br \/>\nKilpailuluokka JUK 4<br \/>\nTyypillinen, tyypillinen p\u00e4\u00e4, oikeat mitat, hyv\u00e4t raajat ja hyv\u00e4 turkki.<\/p>\n<p><a href=\"http:\/\/aquatic.fi\/wp-content\/uploads\/2012\/07\/knave7.jpg\"><img loading=\"lazy\" decoding=\"async\" class=\"alignnone size-thumbnail wp-image-429\" title=\"Nemo\" src=\"http:\/\/aquatic.fi\/wp-content\/uploads\/2012\/07\/knave7-280x210.jpg\" alt=\"\" width=\"280\" height=\"210\" \/><\/a><\/p>\n<p><a href=\"http:\/\/aquatic.fi\/wp-content\/uploads\/2012\/07\/knave5.jpg\"><img loading=\"lazy\" decoding=\"async\" class=\"alignnone size-thumbnail wp-image-431\" title=\"OLYMPUS DIGITAL CAMERA\" src=\"http:\/\/aquatic.fi\/wp-content\/uploads\/2012\/07\/knave5-280x210.jpg\" alt=\"\" width=\"280\" height=\"210\" \/><\/a><\/p>\n<div id=\"attachment_432\" style=\"width: 290px\" class=\"wp-caption alignnone\"><a href=\"http:\/\/aquatic.fi\/wp-content\/uploads\/2012\/07\/knave4.jpg\"><img loading=\"lazy\" decoding=\"async\" aria-describedby=\"caption-attachment-432\" class=\"size-thumbnail wp-image-432\" title=\"knave4\" src=\"http:\/\/aquatic.fi\/wp-content\/uploads\/2012\/07\/knave4-280x210.jpg\" alt=\"\" width=\"280\" height=\"210\" \/><\/a><p id=\"caption-attachment-432\" class=\"wp-caption-text\">Jyv\u00e4skyl\u00e4n n\u00e4yttely JUN EH JUK2<\/p><\/div>\n<div id=\"attachment_433\" style=\"width: 290px\" class=\"wp-caption alignnone\"><a href=\"http:\/\/aquatic.fi\/wp-content\/uploads\/2012\/07\/knave3.jpg\"><img loading=\"lazy\" decoding=\"async\" aria-describedby=\"caption-attachment-433\" class=\"size-thumbnail wp-image-433\" title=\"knave3\" src=\"http:\/\/aquatic.fi\/wp-content\/uploads\/2012\/07\/knave3-280x210.jpg\" alt=\"\" width=\"280\" height=\"210\" \/><\/a><p id=\"caption-attachment-433\" class=\"wp-caption-text\">Aquatic Knave Nemo 12.6.2009.<\/p><\/div>\n<p><a href=\"http:\/\/aquatic.fi\/wp-content\/uploads\/2012\/07\/knave2.jpg\"><img loading=\"lazy\" decoding=\"async\" class=\"alignnone size-thumbnail wp-image-434\" title=\"knave2\" src=\"http:\/\/aquatic.fi\/wp-content\/uploads\/2012\/07\/knave2-280x210.jpg\" alt=\"\" width=\"280\" height=\"210\" \/><\/a><\/p>\n<p><a href=\"http:\/\/aquatic.fi\/wp-content\/uploads\/2012\/07\/knave1.jpg\"><img loading=\"lazy\" decoding=\"async\" class=\"alignnone size-thumbnail wp-image-435\" title=\"knave1\" src=\"http:\/\/aquatic.fi\/wp-content\/uploads\/2012\/07\/knave1-280x210.jpg\" alt=\"\" width=\"280\" height=\"210\" \/><\/a><\/p>\n","protected":false},"excerpt":{"rendered":"<p>Knave &#8221;Nemo&#8221; N\u00e4yttely: Oulu 11.7.2010 Tuomari: Saija Juutilainen 21kk. Oikealinjainen nuori uros. Erinomainen uroksen p\u00e4\u00e4,jossa oikeat linjat,ilme &amp; purenta. Vahva kaula. Erinomainen rungon malli. Lupaava eturinta. Olkavarret voisivat olla viistommat, muuten hyv\u00e4t kulmaukset &amp; k\u00e4p\u00e4l\u00e4t. Hyv\u00e4 karvanlaatu &amp; v\u00e4ri. Liikkuu erinomaisella ulottuvuudella &amp; voimalla. Hyv\u00e4 luonne. N\u00e4yttely: Turku 24.01.2010 Tuomari: Joao De Paula Bessa, Portugali [&hellip;]<\/p>\n","protected":false},"author":1,"featured_media":0,"parent":188,"menu_order":0,"comment_status":"closed","ping_status":"closed","template":"pentumaja.php","meta":{"footnotes":""},"class_list":["post-227","page","type-page","status-publish","hentry"],"_links":{"self":[{"href":"http:\/\/aquatic.fi\/index.php?rest_route=\/wp\/v2\/pages\/227","targetHints":{"allow":["GET"]}}],"collection":[{"href":"http:\/\/aquatic.fi\/index.php?rest_route=\/wp\/v2\/pages"}],"about":[{"href":"http:\/\/aquatic.fi\/index.php?rest_route=\/wp\/v2\/types\/page"}],"author":[{"embeddable":true,"href":"http:\/\/aquatic.fi\/index.php?rest_route=\/wp\/v2\/users\/1"}],"replies":[{"embeddable":true,"href":"http:\/\/aquatic.fi\/index.php?rest_route=%2Fwp%2Fv2%2Fcomments&post=227"}],"version-history":[{"count":5,"href":"http:\/\/aquatic.fi\/index.php?rest_route=\/wp\/v2\/pages\/227\/revisions"}],"predecessor-version":[{"id":2946,"href":"http:\/\/aquatic.fi\/index.php?rest_route=\/wp\/v2\/pages\/227\/revisions\/2946"}],"up":[{"embeddable":true,"href":"http:\/\/aquatic.fi\/index.php?rest_route=\/wp\/v2\/pages\/188"}],"wp:attachment":[{"href":"http:\/\/aquatic.fi\/index.php?rest_route=%2Fwp%2Fv2%2Fmedia&parent=227"}],"curies":[{"name":"wp","href":"https:\/\/api.w.org\/{rel}","templated":true}]}}