{"id":236,"date":"2012-07-26T22:01:41","date_gmt":"2012-07-26T19:01:41","guid":{"rendered":"http:\/\/aquatic.fi:8080\/?page_id=236"},"modified":"2020-02-17T20:08:42","modified_gmt":"2020-02-17T20:08:42","slug":"n-kylie-kalla","status":"publish","type":"page","link":"http:\/\/aquatic.fi\/?page_id=236","title":{"rendered":"(n) Kylie &#8221;Kalla&#8221;"},"content":{"rendered":"<h1>Kylie &#8221;Kalla&#8221;<\/h1>\n<p>N\u00e4yttely: Tampere 6.12.2009<br \/>\nTuomari: Merja J\u00e4rnstedt<br \/>\nLaatuluokka JUN ERI<br \/>\nKilpailuluokka JUK 2<br \/>\nParas narttu 3<br \/>\nEritt\u00e4in hyv\u00e4ntyyppinen, sopusuhtainen. Hyv\u00e4 p\u00e4\u00e4, kaula ja yl\u00e4linja.<br \/>\nHyv\u00e4 luusto, oikeat kulmaukset. Hyv\u00e4 turkki. Tasapainoiset liikkeet.<\/p>\n<p><a href=\"http:\/\/aquatic.fi\/wp-content\/uploads\/2012\/07\/IMG_8836.jpg\"><img loading=\"lazy\" decoding=\"async\" class=\"alignnone size-thumbnail wp-image-451\" title=\"IMG_8836\" src=\"http:\/\/aquatic.fi\/wp-content\/uploads\/2012\/07\/IMG_8836-280x210.jpg\" alt=\"\" width=\"280\" height=\"210\" \/><\/a><\/p>\n<p><a href=\"http:\/\/aquatic.fi\/wp-content\/uploads\/2012\/07\/IMG_8828.jpg\"><img loading=\"lazy\" decoding=\"async\" class=\"alignnone size-thumbnail wp-image-452\" title=\"IMG_8828\" src=\"http:\/\/aquatic.fi\/wp-content\/uploads\/2012\/07\/IMG_8828-280x210.jpg\" alt=\"\" width=\"280\" height=\"210\" \/><\/a><\/p>\n<p><a href=\"http:\/\/aquatic.fi\/wp-content\/uploads\/2012\/07\/IMG_8849.jpg\"><img loading=\"lazy\" decoding=\"async\" class=\"alignnone size-thumbnail wp-image-453\" title=\"IMG_8849\" src=\"http:\/\/aquatic.fi\/wp-content\/uploads\/2012\/07\/IMG_8849-280x210.jpg\" alt=\"\" width=\"280\" height=\"210\" \/><\/a><\/p>\n<p><a href=\"http:\/\/aquatic.fi\/wp-content\/uploads\/2012\/07\/kalla1.jpg\"><img loading=\"lazy\" decoding=\"async\" class=\"alignnone size-thumbnail wp-image-454\" title=\"kalla1\" src=\"http:\/\/aquatic.fi\/wp-content\/uploads\/2012\/07\/kalla1-280x210.jpg\" alt=\"\" width=\"280\" height=\"210\" \/><\/a><\/p>\n","protected":false},"excerpt":{"rendered":"<p>Kylie &#8221;Kalla&#8221; N\u00e4yttely: Tampere 6.12.2009 Tuomari: Merja J\u00e4rnstedt Laatuluokka JUN ERI Kilpailuluokka JUK 2 Paras narttu 3 Eritt\u00e4in hyv\u00e4ntyyppinen, sopusuhtainen. Hyv\u00e4 p\u00e4\u00e4, kaula ja yl\u00e4linja. Hyv\u00e4 luusto, oikeat kulmaukset. Hyv\u00e4 turkki. Tasapainoiset liikkeet.<\/p>\n","protected":false},"author":1,"featured_media":0,"parent":188,"menu_order":0,"comment_status":"closed","ping_status":"closed","template":"pentumaja.php","meta":{"footnotes":""},"class_list":["post-236","page","type-page","status-publish","hentry"],"_links":{"self":[{"href":"http:\/\/aquatic.fi\/index.php?rest_route=\/wp\/v2\/pages\/236","targetHints":{"allow":["GET"]}}],"collection":[{"href":"http:\/\/aquatic.fi\/index.php?rest_route=\/wp\/v2\/pages"}],"about":[{"href":"http:\/\/aquatic.fi\/index.php?rest_route=\/wp\/v2\/types\/page"}],"author":[{"embeddable":true,"href":"http:\/\/aquatic.fi\/index.php?rest_route=\/wp\/v2\/users\/1"}],"replies":[{"embeddable":true,"href":"http:\/\/aquatic.fi\/index.php?rest_route=%2Fwp%2Fv2%2Fcomments&post=236"}],"version-history":[{"count":4,"href":"http:\/\/aquatic.fi\/index.php?rest_route=\/wp\/v2\/pages\/236\/revisions"}],"predecessor-version":[{"id":2943,"href":"http:\/\/aquatic.fi\/index.php?rest_route=\/wp\/v2\/pages\/236\/revisions\/2943"}],"up":[{"embeddable":true,"href":"http:\/\/aquatic.fi\/index.php?rest_route=\/wp\/v2\/pages\/188"}],"wp:attachment":[{"href":"http:\/\/aquatic.fi\/index.php?rest_route=%2Fwp%2Fv2%2Fmedia&parent=236"}],"curies":[{"name":"wp","href":"https:\/\/api.w.org\/{rel}","templated":true}]}}