{"id":2531,"date":"2015-08-06T20:50:51","date_gmt":"2015-08-06T17:50:51","guid":{"rendered":"http:\/\/aquatic.fi\/?page_id=2531"},"modified":"2020-02-17T20:16:50","modified_gmt":"2020-02-17T20:16:50","slug":"z-pentue","status":"publish","type":"page","link":"http:\/\/aquatic.fi\/?page_id=2531","title":{"rendered":"Z-pentue"},"content":{"rendered":"<h1>Z-Pentue<\/h1>\n<p>Pennut syntyneet 1.10.2015. Painot eiv\u00e4t k\u00e4yt\u00e4nn\u00f6ss\u00e4 laskeneet laisinkaan, vaan em\u00e4lt\u00e4 alkoi tulla heti reippaasti maitoa. Em\u00e4n hoito 10+.<\/p>\n<p>Syntym\u00e4painot:<\/p>\n<p>Zohar 430 g<\/p>\n<p>Zeus 380 g<\/p>\n<p>Zephyr 350 g<\/p>\n<p>Zefyros 380 g<\/p>\n<p>&nbsp;<\/p>\n<p>Painot \t2 vrk \t3.10.2015:<\/p>\n<p>Zohar 610 g \t \t + 180 g!<\/p>\n<p>Zeus 530 g \t \t \t + 150 g<\/p>\n<p>Zephyr 480 g \t + 130 g<\/p>\n<p>Zefyros 520 g \t + 140 g<\/p>\n<p>&nbsp;<\/p>\n<p><a href=\"http:\/\/aquatic.fi\/wp-content\/uploads\/2015\/08\/Z-pentue.jpg\"><img loading=\"lazy\" decoding=\"async\" class=\"alignnone size-thumbnail wp-image-2642\" title=\"Z-pentue\" src=\"http:\/\/aquatic.fi\/wp-content\/uploads\/2015\/08\/Z-pentue-280x210.jpg\" alt=\"\" width=\"280\" height=\"210\" \/><\/a><\/p>\n<p><a href=\"http:\/\/aquatic.fi\/wp-content\/uploads\/2015\/08\/Z-pentue4.jpg\"><img loading=\"lazy\" decoding=\"async\" class=\"alignnone size-thumbnail wp-image-2641\" title=\"Z-pentue4\" src=\"http:\/\/aquatic.fi\/wp-content\/uploads\/2015\/08\/Z-pentue4-280x210.jpg\" alt=\"\" width=\"280\" height=\"210\" \/><\/a><\/p>\n<p><a href=\"http:\/\/aquatic.fi\/wp-content\/uploads\/2015\/08\/20151002_212445.jpg\"><img loading=\"lazy\" decoding=\"async\" class=\"alignleft size-thumbnail wp-image-2605\" src=\"http:\/\/aquatic.fi\/wp-content\/uploads\/2015\/08\/20151002_212445-280x210.jpg\" alt=\"\" width=\"280\" height=\"210\" \/><\/a><\/p>\n<p><a href=\"http:\/\/aquatic.fi\/wp-content\/uploads\/2015\/08\/20151003_171630.jpg\"><img loading=\"lazy\" decoding=\"async\" class=\"alignleft size-thumbnail wp-image-2623\" src=\"http:\/\/aquatic.fi\/wp-content\/uploads\/2015\/08\/20151003_171630-280x210.jpg\" alt=\"\" width=\"280\" height=\"210\" \/><\/a>Yhdistelm\u00e4n sukusiitosprosentti 4. sukupolven mukaan 0%<\/p>\n<p>&nbsp;<\/p>\n<p><strong>em\u00e4<\/strong><\/p>\n<p>Aquatic Oreithyia \u201dReetta\u201d<br \/>\nFI21937\/11\tsynt. 5.3.2011<br \/>\nLonkkanivelet B \u2013 A<br \/>\nKyyn\u00e4rnivelet 0 \u2013 0<br \/>\nSilm\u00e4t tutkittu 23.11.2011 ja 11.9.2013 (yksi ylim\u00e4\u00e4r\u00e4inen silm\u00e4ripsi)<br \/>\nOptiGen-status B (prcd Mutation Test for PRA 28.11.2011)<br \/>\nKilpirauhanen ok (T4, TSH, T4\/TSH viitearvojen sis\u00e4ll\u00e4 4\/13)<br \/>\nTGAA negatiivinen (testitulos 4\/13)<\/p>\n<p>D-locus (Dilution) &#8211; PCR genotype D\/D clear (terve)<\/p>\n<p>Reetta on olemukseltaan eritt\u00e4in varma ja tottelevainen perroneiti, jota eiv\u00e4t pienet maailman kolhut heilauta.<\/p>\n<p><a href=\"http:\/\/aquatic.fi\/wp-content\/uploads\/2013\/06\/Erinomainen-Reetta.jpg\" rel=\"gallery\"><img loading=\"lazy\" decoding=\"async\" src=\"http:\/\/aquatic.fi\/wp-content\/uploads\/2013\/06\/Erinomainen-Reetta-280x210.jpg\" alt=\"\" width=\"280\" height=\"210\" \/><\/a><\/p>\n<p><a href=\"http:\/\/aquatic.fi\/wp-content\/uploads\/2015\/08\/20150801_1421301.jpg\" rel=\"gallery\"><img loading=\"lazy\" decoding=\"async\" class=\"alignleft size-thumbnail wp-image-2565\" src=\"http:\/\/aquatic.fi\/wp-content\/uploads\/2015\/08\/20150801_1421301-280x210.jpg\" alt=\"\" width=\"280\" height=\"210\" \/><\/a><\/p>\n<p>&nbsp;<\/p>\n<h2><strong>is\u00e4<\/strong><\/h2>\n<p>Rodripiz Alfonso Acu\u00c3\u00a0tico &#8221;Acu&#8221;<br \/>\nFI17911\/14 \tsynt. 16.01.2014<br \/>\nLonkkanivelet \tA &#8211; A<br \/>\nKyyn\u00e4rnivelet \t0 &#8211; 0<br \/>\nSilm\u00e4t tutkittu 28.01.2015 (ei todettu perinn\u00f6llisi\u00e4 silm\u00e4sairauksia)<br \/>\nSyd\u00e4men kuuntelutulos 28.01.2015 (ei sivu\u00e4\u00e4ni\u00e4)<br \/>\nOptiGen-status A (prcd-PRA 11.02.2015)<br \/>\nKilpirauhanen ok (T4, TSH, T4\/TSH viitearvojen sis\u00e4ll\u00e4 05\/15)<br \/>\nTGAA negatiivinen (testitulos 05\/15)<br \/>\nD-locus (Dilution) &#8211; PCR genotype D\/D clear (terve)<\/p>\n<p>Acu on luonteeltaan helppo, miellytt\u00e4mishaluinen uros.<\/p>\n<p><a href=\"http:\/\/aquatic.fi\/wp-content\/uploads\/2015\/08\/10014027_1053645534663562_7908565110182236917_o.jpg\"><img loading=\"lazy\" decoding=\"async\" class=\"alignleft size-thumbnail wp-image-2543\" src=\"http:\/\/aquatic.fi\/wp-content\/uploads\/2015\/08\/10014027_1053645534663562_7908565110182236917_o-280x210.jpg\" alt=\"\" width=\"280\" height=\"210\" \/><\/a><\/p>\n","protected":false},"excerpt":{"rendered":"<p>Z-Pentue Pennut syntyneet 1.10.2015. Painot eiv\u00e4t k\u00e4yt\u00e4nn\u00f6ss\u00e4 laskeneet laisinkaan, vaan em\u00e4lt\u00e4 alkoi tulla heti reippaasti maitoa. Em\u00e4n hoito 10+. Syntym\u00e4painot: Zohar 430 g Zeus 380 g Zephyr 350 g Zefyros 380 g &nbsp; Painot 2 vrk 3.10.2015: Zohar 610 g + 180 g! Zeus 530 g + 150 g Zephyr 480 g + 130 g [&hellip;]<\/p>\n","protected":false},"author":1,"featured_media":0,"parent":2926,"menu_order":0,"comment_status":"closed","ping_status":"closed","template":"pentumaja.php","meta":{"footnotes":""},"class_list":["post-2531","page","type-page","status-publish","hentry"],"_links":{"self":[{"href":"http:\/\/aquatic.fi\/index.php?rest_route=\/wp\/v2\/pages\/2531","targetHints":{"allow":["GET"]}}],"collection":[{"href":"http:\/\/aquatic.fi\/index.php?rest_route=\/wp\/v2\/pages"}],"about":[{"href":"http:\/\/aquatic.fi\/index.php?rest_route=\/wp\/v2\/types\/page"}],"author":[{"embeddable":true,"href":"http:\/\/aquatic.fi\/index.php?rest_route=\/wp\/v2\/users\/1"}],"replies":[{"embeddable":true,"href":"http:\/\/aquatic.fi\/index.php?rest_route=%2Fwp%2Fv2%2Fcomments&post=2531"}],"version-history":[{"count":44,"href":"http:\/\/aquatic.fi\/index.php?rest_route=\/wp\/v2\/pages\/2531\/revisions"}],"predecessor-version":[{"id":3013,"href":"http:\/\/aquatic.fi\/index.php?rest_route=\/wp\/v2\/pages\/2531\/revisions\/3013"}],"up":[{"embeddable":true,"href":"http:\/\/aquatic.fi\/index.php?rest_route=\/wp\/v2\/pages\/2926"}],"wp:attachment":[{"href":"http:\/\/aquatic.fi\/index.php?rest_route=%2Fwp%2Fv2%2Fmedia&parent=2531"}],"curies":[{"name":"wp","href":"https:\/\/api.w.org\/{rel}","templated":true}]}}