{"id":3145,"date":"2017-03-10T09:37:58","date_gmt":"2017-03-10T07:37:58","guid":{"rendered":"http:\/\/aquatic.fi\/?page_id=3145"},"modified":"2020-02-17T20:17:36","modified_gmt":"2020-02-17T20:17:36","slug":"n-dinah","status":"publish","type":"page","link":"http:\/\/aquatic.fi\/?page_id=3145","title":{"rendered":"(n) Dinah &#8221;Lagi&#8221;"},"content":{"rendered":"<h1>Dinah &#8221;Lagi&#8221;<\/h1>\n<p>Musta pitk\u00e4h\u00e4nt\u00e4inen narttu jossa ripaus valkoista.<\/p>\n<p><a href=\"http:\/\/aquatic.fi\/wp-content\/uploads\/2017\/03\/Pupsie-6.jpg\"><img loading=\"lazy\" decoding=\"async\" class=\"alignnone size-medium wp-image-3205\" alt=\"Dinah 04042017\" src=\"http:\/\/aquatic.fi\/wp-content\/uploads\/2017\/03\/Pupsie-6-225x300.jpg\" width=\"225\" height=\"300\" \/><\/a><\/p>\n<p><a href=\"http:\/\/aquatic.fi\/wp-content\/uploads\/2017\/03\/Dinah1.jpg\"><img loading=\"lazy\" decoding=\"async\" class=\"alignnone  wp-image-3174\" alt=\"Dinah\" src=\"http:\/\/aquatic.fi\/wp-content\/uploads\/2017\/03\/Dinah1-400x225.jpg\" width=\"300\" height=\"169\" \/><\/a><\/p>\n","protected":false},"excerpt":{"rendered":"<p>Dinah &#8221;Lagi&#8221; Musta pitk\u00e4h\u00e4nt\u00e4inen narttu jossa ripaus valkoista.<\/p>\n","protected":false},"author":1,"featured_media":0,"parent":3132,"menu_order":0,"comment_status":"closed","ping_status":"open","template":"pentumaja.php","meta":{"footnotes":""},"class_list":["post-3145","page","type-page","status-publish","hentry"],"_links":{"self":[{"href":"http:\/\/aquatic.fi\/index.php?rest_route=\/wp\/v2\/pages\/3145","targetHints":{"allow":["GET"]}}],"collection":[{"href":"http:\/\/aquatic.fi\/index.php?rest_route=\/wp\/v2\/pages"}],"about":[{"href":"http:\/\/aquatic.fi\/index.php?rest_route=\/wp\/v2\/types\/page"}],"author":[{"embeddable":true,"href":"http:\/\/aquatic.fi\/index.php?rest_route=\/wp\/v2\/users\/1"}],"replies":[{"embeddable":true,"href":"http:\/\/aquatic.fi\/index.php?rest_route=%2Fwp%2Fv2%2Fcomments&post=3145"}],"version-history":[{"count":8,"href":"http:\/\/aquatic.fi\/index.php?rest_route=\/wp\/v2\/pages\/3145\/revisions"}],"predecessor-version":[{"id":3223,"href":"http:\/\/aquatic.fi\/index.php?rest_route=\/wp\/v2\/pages\/3145\/revisions\/3223"}],"up":[{"embeddable":true,"href":"http:\/\/aquatic.fi\/index.php?rest_route=\/wp\/v2\/pages\/3132"}],"wp:attachment":[{"href":"http:\/\/aquatic.fi\/index.php?rest_route=%2Fwp%2Fv2%2Fmedia&parent=3145"}],"curies":[{"name":"wp","href":"https:\/\/api.w.org\/{rel}","templated":true}]}}