{"id":3689,"date":"2020-05-08T16:50:11","date_gmt":"2020-05-08T16:50:11","guid":{"rendered":"http:\/\/aquatic.fi\/?page_id=3689"},"modified":"2022-12-26T08:19:27","modified_gmt":"2022-12-26T08:19:27","slug":"n-kacie-joy","status":"publish","type":"page","link":"http:\/\/aquatic.fi\/?page_id=3689","title":{"rendered":"(n) Kacie Joy &#8221;Mocha&#8221;"},"content":{"rendered":"\n<h1 class=\"wp-block-heading\">Kacie Joy &#8221;Mocha&#8221;<\/h1>\n\n\n\n<p> FI31322\/20<br>Lonkkanivelet B \u2013 A<br>Kyyn\u00e4rnivelet 0 \u2013 0<br>Silm\u00e4t tutkittu 8.11.2023 ei todettu perinn\u00f6llisi\u00e4 silm\u00e4sairauksia<br>Dilutiogeeni D\/D terve<br>Kilpirauhanen ok <\/p>\n\n\n\n<p>Mocha vuoden 2023 pentueen em\u00e4! Avoin ja sosiaalinen.<\/p>\n\n\n\n<figure class=\"wp-block-image size-large\"><img loading=\"lazy\" decoding=\"async\" width=\"768\" height=\"1024\" src=\"https:\/\/aquatic.fi\/wp-content\/uploads\/2021\/08\/IMG-20210812-WA0010-768x1024.jpg\" alt=\"\" class=\"wp-image-4189\" srcset=\"http:\/\/aquatic.fi\/wp-content\/uploads\/2021\/08\/IMG-20210812-WA0010-768x1024.jpg 768w, http:\/\/aquatic.fi\/wp-content\/uploads\/2021\/08\/IMG-20210812-WA0010-225x300.jpg 225w, http:\/\/aquatic.fi\/wp-content\/uploads\/2021\/08\/IMG-20210812-WA0010-1152x1536.jpg 1152w, http:\/\/aquatic.fi\/wp-content\/uploads\/2021\/08\/IMG-20210812-WA0010.jpg 1200w\" sizes=\"auto, (max-width: 768px) 100vw, 768px\" \/><\/figure>\n\n\n\n<figure class=\"wp-block-image size-large\"><img loading=\"lazy\" decoding=\"async\" width=\"768\" height=\"1024\" src=\"https:\/\/aquatic.fi\/wp-content\/uploads\/2021\/08\/IMG-20210812-WA0011-768x1024.jpg\" alt=\"\" class=\"wp-image-4191\" srcset=\"http:\/\/aquatic.fi\/wp-content\/uploads\/2021\/08\/IMG-20210812-WA0011-768x1024.jpg 768w, http:\/\/aquatic.fi\/wp-content\/uploads\/2021\/08\/IMG-20210812-WA0011-225x300.jpg 225w, http:\/\/aquatic.fi\/wp-content\/uploads\/2021\/08\/IMG-20210812-WA0011-1152x1536.jpg 1152w, http:\/\/aquatic.fi\/wp-content\/uploads\/2021\/08\/IMG-20210812-WA0011.jpg 1200w\" sizes=\"auto, (max-width: 768px) 100vw, 768px\" \/><\/figure>\n\n\n\n<figure class=\"wp-block-image size-large\"><img loading=\"lazy\" decoding=\"async\" width=\"1024\" height=\"768\" src=\"https:\/\/aquatic.fi\/wp-content\/uploads\/2021\/08\/IMG-20210812-WA0009-1024x768.jpg\" alt=\"\" class=\"wp-image-4187\" srcset=\"http:\/\/aquatic.fi\/wp-content\/uploads\/2021\/08\/IMG-20210812-WA0009-1024x768.jpg 1024w, http:\/\/aquatic.fi\/wp-content\/uploads\/2021\/08\/IMG-20210812-WA0009-300x225.jpg 300w, http:\/\/aquatic.fi\/wp-content\/uploads\/2021\/08\/IMG-20210812-WA0009-768x576.jpg 768w, http:\/\/aquatic.fi\/wp-content\/uploads\/2021\/08\/IMG-20210812-WA0009-1536x1152.jpg 1536w, http:\/\/aquatic.fi\/wp-content\/uploads\/2021\/08\/IMG-20210812-WA0009.jpg 1600w\" sizes=\"auto, (max-width: 1024px) 100vw, 1024px\" \/><\/figure>\n\n\n\n<figure class=\"wp-block-image size-large\"><img loading=\"lazy\" decoding=\"async\" width=\"768\" height=\"1024\" src=\"https:\/\/aquatic.fi\/wp-content\/uploads\/2021\/08\/IMG-20210812-WA0015-768x1024.jpg\" alt=\"\" class=\"wp-image-4196\" srcset=\"http:\/\/aquatic.fi\/wp-content\/uploads\/2021\/08\/IMG-20210812-WA0015-768x1024.jpg 768w, http:\/\/aquatic.fi\/wp-content\/uploads\/2021\/08\/IMG-20210812-WA0015-225x300.jpg 225w, http:\/\/aquatic.fi\/wp-content\/uploads\/2021\/08\/IMG-20210812-WA0015-1152x1536.jpg 1152w, http:\/\/aquatic.fi\/wp-content\/uploads\/2021\/08\/IMG-20210812-WA0015.jpg 1200w\" sizes=\"auto, (max-width: 768px) 100vw, 768px\" \/><\/figure>\n\n\n\n<figure class=\"wp-block-image size-large\"><img loading=\"lazy\" decoding=\"async\" width=\"768\" height=\"1024\" src=\"https:\/\/aquatic.fi\/wp-content\/uploads\/2021\/08\/IMG-20210812-WA0014-768x1024.jpg\" alt=\"\" class=\"wp-image-4193\" srcset=\"http:\/\/aquatic.fi\/wp-content\/uploads\/2021\/08\/IMG-20210812-WA0014-768x1024.jpg 768w, http:\/\/aquatic.fi\/wp-content\/uploads\/2021\/08\/IMG-20210812-WA0014-225x300.jpg 225w, http:\/\/aquatic.fi\/wp-content\/uploads\/2021\/08\/IMG-20210812-WA0014-1152x1536.jpg 1152w, http:\/\/aquatic.fi\/wp-content\/uploads\/2021\/08\/IMG-20210812-WA0014.jpg 1200w\" sizes=\"auto, (max-width: 768px) 100vw, 768px\" \/><\/figure>\n\n\n\n<figure class=\"wp-block-image size-large\"><img loading=\"lazy\" decoding=\"async\" width=\"1024\" height=\"768\" src=\"http:\/\/aquatic.fi\/wp-content\/uploads\/2020\/05\/Kacie-Joy-1024x768.jpg\" alt=\"\" class=\"wp-image-3744\" srcset=\"http:\/\/aquatic.fi\/wp-content\/uploads\/2020\/05\/Kacie-Joy-1024x768.jpg 1024w, http:\/\/aquatic.fi\/wp-content\/uploads\/2020\/05\/Kacie-Joy-300x225.jpg 300w, http:\/\/aquatic.fi\/wp-content\/uploads\/2020\/05\/Kacie-Joy-768x576.jpg 768w, http:\/\/aquatic.fi\/wp-content\/uploads\/2020\/05\/Kacie-Joy-1536x1152.jpg 1536w, http:\/\/aquatic.fi\/wp-content\/uploads\/2020\/05\/Kacie-Joy-2048x1536.jpg 2048w\" sizes=\"auto, (max-width: 1024px) 100vw, 1024px\" \/><\/figure>\n","protected":false},"excerpt":{"rendered":"<p>Kacie Joy &#8221;Mocha&#8221; FI31322\/20Lonkkanivelet B \u2013 AKyyn\u00e4rnivelet 0 \u2013 0Silm\u00e4t tutkittu 8.11.2023 ei todettu perinn\u00f6llisi\u00e4 silm\u00e4sairauksiaDilutiogeeni D\/D terveKilpirauhanen ok Mocha vuoden 2023 pentueen em\u00e4! Avoin ja sosiaalinen.<\/p>\n","protected":false},"author":1,"featured_media":0,"parent":3683,"menu_order":0,"comment_status":"closed","ping_status":"closed","template":"pentumaja.php","meta":{"footnotes":""},"class_list":["post-3689","page","type-page","status-publish","hentry"],"_links":{"self":[{"href":"http:\/\/aquatic.fi\/index.php?rest_route=\/wp\/v2\/pages\/3689","targetHints":{"allow":["GET"]}}],"collection":[{"href":"http:\/\/aquatic.fi\/index.php?rest_route=\/wp\/v2\/pages"}],"about":[{"href":"http:\/\/aquatic.fi\/index.php?rest_route=\/wp\/v2\/types\/page"}],"author":[{"embeddable":true,"href":"http:\/\/aquatic.fi\/index.php?rest_route=\/wp\/v2\/users\/1"}],"replies":[{"embeddable":true,"href":"http:\/\/aquatic.fi\/index.php?rest_route=%2Fwp%2Fv2%2Fcomments&post=3689"}],"version-history":[{"count":16,"href":"http:\/\/aquatic.fi\/index.php?rest_route=\/wp\/v2\/pages\/3689\/revisions"}],"predecessor-version":[{"id":4605,"href":"http:\/\/aquatic.fi\/index.php?rest_route=\/wp\/v2\/pages\/3689\/revisions\/4605"}],"up":[{"embeddable":true,"href":"http:\/\/aquatic.fi\/index.php?rest_route=\/wp\/v2\/pages\/3683"}],"wp:attachment":[{"href":"http:\/\/aquatic.fi\/index.php?rest_route=%2Fwp%2Fv2%2Fmedia&parent=3689"}],"curies":[{"name":"wp","href":"https:\/\/api.w.org\/{rel}","templated":true}]}}