{"id":4305,"date":"2022-04-29T11:53:08","date_gmt":"2022-04-29T11:53:08","guid":{"rendered":"http:\/\/aquatic.fi\/?page_id=4305"},"modified":"2022-06-14T10:20:28","modified_gmt":"2022-06-14T10:20:28","slug":"d-pentue","status":"publish","type":"page","link":"http:\/\/aquatic.fi\/?page_id=4305","title":{"rendered":"D-pentue"},"content":{"rendered":"\n<h1 class=\"wp-block-heading\">D-pentue<\/h1>\n\n\n\n<p>Pennut syntyneet 27.4.2022 viisi urosta ja yksi narttu.<\/p>\n\n\n\n<div class=\"wp-block-file\"><a href=\"http:\/\/aquatic.fi\/wp-content\/uploads\/2022\/06\/20220612_1743141.mp4\">20220612_pennut 6 viikkoisia<\/a><a href=\"http:\/\/aquatic.fi\/wp-content\/uploads\/2022\/06\/20220612_1743141.mp4\" class=\"wp-block-file__button\" download>Lataa<\/a><\/div>\n\n\n\n<figure class=\"wp-block-image size-large\"><img loading=\"lazy\" decoding=\"async\" width=\"768\" height=\"1024\" src=\"http:\/\/aquatic.fi\/wp-content\/uploads\/2022\/06\/IMG-20220614-WA00041-768x1024.jpg\" alt=\"\" class=\"wp-image-4505\" srcset=\"http:\/\/aquatic.fi\/wp-content\/uploads\/2022\/06\/IMG-20220614-WA00041-768x1024.jpg 768w, http:\/\/aquatic.fi\/wp-content\/uploads\/2022\/06\/IMG-20220614-WA00041-225x300.jpg 225w, http:\/\/aquatic.fi\/wp-content\/uploads\/2022\/06\/IMG-20220614-WA00041-1152x1536.jpg 1152w, http:\/\/aquatic.fi\/wp-content\/uploads\/2022\/06\/IMG-20220614-WA00041.jpg 1512w\" sizes=\"auto, (max-width: 768px) 100vw, 768px\" \/><\/figure>\n\n\n\n<figure class=\"wp-block-image size-large\"><img loading=\"lazy\" decoding=\"async\" width=\"768\" height=\"1024\" src=\"http:\/\/aquatic.fi\/wp-content\/uploads\/2022\/05\/20220508_130102-768x1024.jpg\" alt=\"\" class=\"wp-image-4408\" srcset=\"http:\/\/aquatic.fi\/wp-content\/uploads\/2022\/05\/20220508_130102-768x1024.jpg 768w, http:\/\/aquatic.fi\/wp-content\/uploads\/2022\/05\/20220508_130102-225x300.jpg 225w, http:\/\/aquatic.fi\/wp-content\/uploads\/2022\/05\/20220508_130102-1152x1536.jpg 1152w, http:\/\/aquatic.fi\/wp-content\/uploads\/2022\/05\/20220508_130102-1536x2048.jpg 1536w, http:\/\/aquatic.fi\/wp-content\/uploads\/2022\/05\/20220508_130102-scaled.jpg 1920w\" sizes=\"auto, (max-width: 768px) 100vw, 768px\" \/><\/figure>\n\n\n\n<h2 class=\"wp-block-heading\">em\u00e4<\/h2>\n\n\n\n<p><strong>Irta de Terres Noves <\/strong>\u201dAura\u201d<br>FI48912\/17<br>LOE2346089 synt. 20.11.2016 Espanjassa<br>Lonkkanivelet D \u2013 C<br>Kyyn\u00e4rnivelet 0 \u2013 0<br>Silm\u00e4t tutkittu 18.9.2020 ei todettu perinn\u00f6llisi\u00e4 silm\u00e4sairauksia<br>OptiGen-status N\/N clear (prcd Mutation Test for PRA 23.1.2020)<br>Kilpirauhanen ok<\/p>\n\n\n\n<div class=\"wp-block-image\"><figure class=\"aligncenter size-large\"><img loading=\"lazy\" decoding=\"async\" width=\"1024\" height=\"768\" src=\"http:\/\/aquatic.fi\/wp-content\/uploads\/2020\/10\/IMG-20201026-WA0005-1024x768.jpg\" alt=\"\" class=\"wp-image-3846\" srcset=\"http:\/\/aquatic.fi\/wp-content\/uploads\/2020\/10\/IMG-20201026-WA0005-1024x768.jpg 1024w, http:\/\/aquatic.fi\/wp-content\/uploads\/2020\/10\/IMG-20201026-WA0005-300x225.jpg 300w, http:\/\/aquatic.fi\/wp-content\/uploads\/2020\/10\/IMG-20201026-WA0005-768x576.jpg 768w, http:\/\/aquatic.fi\/wp-content\/uploads\/2020\/10\/IMG-20201026-WA0005-1536x1152.jpg 1536w, http:\/\/aquatic.fi\/wp-content\/uploads\/2020\/10\/IMG-20201026-WA0005.jpg 1600w\" sizes=\"auto, (max-width: 1024px) 100vw, 1024px\" \/><\/figure><\/div>\n\n\n\n<h2 class=\"wp-block-heading\">is\u00e4<\/h2>\n\n\n\n<p><\/p>\n\n\n\n<p><strong>Aquatic Caligula<\/strong>  <strong> <\/strong>\u201dCalle\u201d<br>FI13146\/17 synt. 15.12.2016<br>Lonkkanivelet A \u2013 A<br>Kyyn\u00e4rnivelet 0 \u2013 0<br>Silm\u00e4t tutkittu 5.4.2018 ja 19.1.2022 ei todettu perinn\u00f6llisi\u00e4 silm\u00e4sairauksia<br><\/p>\n\n\n\n<p>OptiGen-status N\/N clear (prcd Mutation Test for PRA 23.1.2020) <\/p>\n\n\n\n<p>Kilpirauhanen ok <br> <\/p>\n\n\n\n<figure class=\"wp-block-image size-large\"><img loading=\"lazy\" decoding=\"async\" width=\"1024\" height=\"650\" src=\"http:\/\/aquatic.fi\/wp-content\/uploads\/2022\/04\/IMG-20220224-WA0013-1024x650.jpg\" alt=\"\" class=\"wp-image-4380\" srcset=\"http:\/\/aquatic.fi\/wp-content\/uploads\/2022\/04\/IMG-20220224-WA0013-1024x650.jpg 1024w, http:\/\/aquatic.fi\/wp-content\/uploads\/2022\/04\/IMG-20220224-WA0013-300x190.jpg 300w, http:\/\/aquatic.fi\/wp-content\/uploads\/2022\/04\/IMG-20220224-WA0013-768x487.jpg 768w, http:\/\/aquatic.fi\/wp-content\/uploads\/2022\/04\/IMG-20220224-WA0013-1536x974.jpg 1536w, http:\/\/aquatic.fi\/wp-content\/uploads\/2022\/04\/IMG-20220224-WA0013.jpg 1600w\" sizes=\"auto, (max-width: 1024px) 100vw, 1024px\" \/><\/figure>\n","protected":false},"excerpt":{"rendered":"<p>D-pentue Pennut syntyneet 27.4.2022 viisi urosta ja yksi narttu. em\u00e4 Irta de Terres Noves \u201dAura\u201dFI48912\/17LOE2346089 synt. 20.11.2016 EspanjassaLonkkanivelet D \u2013 CKyyn\u00e4rnivelet 0 \u2013 0Silm\u00e4t tutkittu 18.9.2020 ei todettu perinn\u00f6llisi\u00e4 silm\u00e4sairauksiaOptiGen-status N\/N clear (prcd Mutation Test for PRA 23.1.2020)Kilpirauhanen ok is\u00e4 Aquatic Caligula \u201dCalle\u201dFI13146\/17 synt. 15.12.2016Lonkkanivelet A \u2013 AKyyn\u00e4rnivelet 0 \u2013 0Silm\u00e4t tutkittu 5.4.2018 ja 19.1.2022 [&hellip;]<\/p>\n","protected":false},"author":1,"featured_media":0,"parent":4301,"menu_order":0,"comment_status":"closed","ping_status":"closed","template":"pentumaja.php","meta":{"footnotes":""},"class_list":["post-4305","page","type-page","status-publish","hentry"],"_links":{"self":[{"href":"http:\/\/aquatic.fi\/index.php?rest_route=\/wp\/v2\/pages\/4305","targetHints":{"allow":["GET"]}}],"collection":[{"href":"http:\/\/aquatic.fi\/index.php?rest_route=\/wp\/v2\/pages"}],"about":[{"href":"http:\/\/aquatic.fi\/index.php?rest_route=\/wp\/v2\/types\/page"}],"author":[{"embeddable":true,"href":"http:\/\/aquatic.fi\/index.php?rest_route=\/wp\/v2\/users\/1"}],"replies":[{"embeddable":true,"href":"http:\/\/aquatic.fi\/index.php?rest_route=%2Fwp%2Fv2%2Fcomments&post=4305"}],"version-history":[{"count":20,"href":"http:\/\/aquatic.fi\/index.php?rest_route=\/wp\/v2\/pages\/4305\/revisions"}],"predecessor-version":[{"id":4514,"href":"http:\/\/aquatic.fi\/index.php?rest_route=\/wp\/v2\/pages\/4305\/revisions\/4514"}],"up":[{"embeddable":true,"href":"http:\/\/aquatic.fi\/index.php?rest_route=\/wp\/v2\/pages\/4301"}],"wp:attachment":[{"href":"http:\/\/aquatic.fi\/index.php?rest_route=%2Fwp%2Fv2%2Fmedia&parent=4305"}],"curies":[{"name":"wp","href":"https:\/\/api.w.org\/{rel}","templated":true}]}}