{"id":4684,"date":"2023-11-01T11:06:14","date_gmt":"2023-11-01T11:06:14","guid":{"rendered":"http:\/\/aquatic.fi\/?page_id=4684"},"modified":"2023-11-05T12:04:03","modified_gmt":"2023-11-05T12:04:03","slug":"h-pentue","status":"publish","type":"page","link":"http:\/\/aquatic.fi\/?page_id=4684","title":{"rendered":"H-pentue"},"content":{"rendered":"\n<p>Lumin kauniit pennut syntyivat 1.11.2023, kolme narttua ja kolme urosta.<\/p>\n\n\n\n<figure class=\"wp-block-image size-large\"><img loading=\"lazy\" decoding=\"async\" width=\"768\" height=\"1024\" src=\"https:\/\/aquatic.fi\/wp-content\/uploads\/2023\/11\/20231105_133833-768x1024.jpg\" alt=\"\" class=\"wp-image-4689\" srcset=\"http:\/\/aquatic.fi\/wp-content\/uploads\/2023\/11\/20231105_133833-768x1024.jpg 768w, http:\/\/aquatic.fi\/wp-content\/uploads\/2023\/11\/20231105_133833-225x300.jpg 225w, http:\/\/aquatic.fi\/wp-content\/uploads\/2023\/11\/20231105_133833-1152x1536.jpg 1152w, http:\/\/aquatic.fi\/wp-content\/uploads\/2023\/11\/20231105_133833-1536x2048.jpg 1536w, http:\/\/aquatic.fi\/wp-content\/uploads\/2023\/11\/20231105_133833-scaled.jpg 1920w\" sizes=\"auto, (max-width: 768px) 100vw, 768px\" \/><\/figure>\n\n\n\n<h4 class=\"wp-block-heading\"><br>em\u00e4 Aquatic Aletheia Amfitrite &#8221;Lumi&#8221;<\/h4>\n\n\n\n<p>FI44477\/21<br>Lonkkanivelet B \u2013 A<br>Kyyn\u00e4rnivelet 0 \u2013 0<br>Silm\u00e4t tutkittu 11.5.2023 ei todettu perinn\u00f6llisi\u00e4 silm\u00e4sairauksia<br>OptiGen -status N\/N clear (prcd Mutatuon Test for PRA 5\/2023)<br>Kilpirauhanen ok   <br><\/p>\n\n\n\n<figure class=\"wp-block-image size-large\"><img loading=\"lazy\" decoding=\"async\" width=\"1024\" height=\"768\" src=\"https:\/\/aquatic.fi\/wp-content\/uploads\/2023\/11\/20230511_161015-1024x768.jpg\" alt=\"\" class=\"wp-image-4686\" srcset=\"http:\/\/aquatic.fi\/wp-content\/uploads\/2023\/11\/20230511_161015-1024x768.jpg 1024w, http:\/\/aquatic.fi\/wp-content\/uploads\/2023\/11\/20230511_161015-300x225.jpg 300w, http:\/\/aquatic.fi\/wp-content\/uploads\/2023\/11\/20230511_161015-768x576.jpg 768w, http:\/\/aquatic.fi\/wp-content\/uploads\/2023\/11\/20230511_161015-1536x1152.jpg 1536w, http:\/\/aquatic.fi\/wp-content\/uploads\/2023\/11\/20230511_161015-2048x1536.jpg 2048w\" sizes=\"auto, (max-width: 1024px) 100vw, 1024px\" \/><\/figure>\n\n\n\n<h4 class=\"wp-block-heading\"><br>is\u00e4 Aquatic Bachelor of Cosmos &#8221;Atzo&#8221;<\/h4>\n\n\n\n<p>FI30698\/21<br>Lonkkanivelet B \u2013 B<br>Kyyn\u00e4rnivelet 0 \u2013 0<br>Silm\u00e4t tutkittu 13.4.2022 ei todettu perinn\u00f6llisi\u00e4 silm\u00e4sairauksia<br>OptiGen -status N\/N clear (prcd Mutatuon Test for PRA 6.5.2021)  Diluutiogeeni D\/D clear; terve <br>Kilpirauhanen ok   <br><\/p>\n\n\n\n<figure class=\"wp-block-image size-large\"><img loading=\"lazy\" decoding=\"async\" width=\"1024\" height=\"768\" src=\"http:\/\/aquatic.fi\/wp-content\/uploads\/2022\/09\/20220710_203551-1024x768.jpg\" alt=\"\" class=\"wp-image-4538\" srcset=\"http:\/\/aquatic.fi\/wp-content\/uploads\/2022\/09\/20220710_203551-1024x768.jpg 1024w, http:\/\/aquatic.fi\/wp-content\/uploads\/2022\/09\/20220710_203551-300x225.jpg 300w, http:\/\/aquatic.fi\/wp-content\/uploads\/2022\/09\/20220710_203551-768x576.jpg 768w, http:\/\/aquatic.fi\/wp-content\/uploads\/2022\/09\/20220710_203551-1536x1152.jpg 1536w, http:\/\/aquatic.fi\/wp-content\/uploads\/2022\/09\/20220710_203551-2048x1536.jpg 2048w\" sizes=\"auto, (max-width: 1024px) 100vw, 1024px\" \/><\/figure>\n\n\n\n<figure class=\"wp-block-image size-large\"><img loading=\"lazy\" decoding=\"async\" width=\"1024\" height=\"768\" src=\"http:\/\/aquatic.fi\/wp-content\/uploads\/2023\/11\/20230819_121120-1024x768.jpg\" alt=\"\" class=\"wp-image-4685\" srcset=\"http:\/\/aquatic.fi\/wp-content\/uploads\/2023\/11\/20230819_121120-1024x768.jpg 1024w, http:\/\/aquatic.fi\/wp-content\/uploads\/2023\/11\/20230819_121120-300x225.jpg 300w, http:\/\/aquatic.fi\/wp-content\/uploads\/2023\/11\/20230819_121120-768x576.jpg 768w, http:\/\/aquatic.fi\/wp-content\/uploads\/2023\/11\/20230819_121120-1536x1152.jpg 1536w, http:\/\/aquatic.fi\/wp-content\/uploads\/2023\/11\/20230819_121120-2048x1536.jpg 2048w\" sizes=\"auto, (max-width: 1024px) 100vw, 1024px\" \/><\/figure>\n","protected":false},"excerpt":{"rendered":"<p>Lumin kauniit pennut syntyivat 1.11.2023, kolme narttua ja kolme urosta. em\u00e4 Aquatic Aletheia Amfitrite &#8221;Lumi&#8221; FI44477\/21Lonkkanivelet B \u2013 AKyyn\u00e4rnivelet 0 \u2013 0Silm\u00e4t tutkittu 11.5.2023 ei todettu perinn\u00f6llisi\u00e4 silm\u00e4sairauksiaOptiGen -status N\/N clear (prcd Mutatuon Test for PRA 5\/2023)Kilpirauhanen ok is\u00e4 Aquatic Bachelor of Cosmos &#8221;Atzo&#8221; FI30698\/21Lonkkanivelet B \u2013 BKyyn\u00e4rnivelet 0 \u2013 0Silm\u00e4t tutkittu 13.4.2022 ei todettu [&hellip;]<\/p>\n","protected":false},"author":2,"featured_media":0,"parent":0,"menu_order":0,"comment_status":"closed","ping_status":"closed","template":"pentumaja.php","meta":{"footnotes":""},"class_list":["post-4684","page","type-page","status-publish","hentry"],"_links":{"self":[{"href":"http:\/\/aquatic.fi\/index.php?rest_route=\/wp\/v2\/pages\/4684","targetHints":{"allow":["GET"]}}],"collection":[{"href":"http:\/\/aquatic.fi\/index.php?rest_route=\/wp\/v2\/pages"}],"about":[{"href":"http:\/\/aquatic.fi\/index.php?rest_route=\/wp\/v2\/types\/page"}],"author":[{"embeddable":true,"href":"http:\/\/aquatic.fi\/index.php?rest_route=\/wp\/v2\/users\/2"}],"replies":[{"embeddable":true,"href":"http:\/\/aquatic.fi\/index.php?rest_route=%2Fwp%2Fv2%2Fcomments&post=4684"}],"version-history":[{"count":3,"href":"http:\/\/aquatic.fi\/index.php?rest_route=\/wp\/v2\/pages\/4684\/revisions"}],"predecessor-version":[{"id":4690,"href":"http:\/\/aquatic.fi\/index.php?rest_route=\/wp\/v2\/pages\/4684\/revisions\/4690"}],"wp:attachment":[{"href":"http:\/\/aquatic.fi\/index.php?rest_route=%2Fwp%2Fv2%2Fmedia&parent=4684"}],"curies":[{"name":"wp","href":"https:\/\/api.w.org\/{rel}","templated":true}]}}