{"id":85,"date":"2012-07-24T18:52:17","date_gmt":"2012-07-24T15:52:17","guid":{"rendered":"http:\/\/aquatic.fi:8080\/?page_id=85"},"modified":"2020-02-17T20:23:37","modified_gmt":"2020-02-17T20:23:37","slug":"hoito-ohjeita-2","status":"publish","type":"page","link":"http:\/\/aquatic.fi\/?page_id=85","title":{"rendered":"Hoito-ohjeita"},"content":{"rendered":"<h1>Kun pentu muuttaa taloon<\/h1>\n<h2>Madotus<\/h2>\n<p>Em\u00e4 on madotettu juuri ennen astutusta ja noin 2-3 viikkoa ennen synnytyst\u00e4. Imett\u00e4v\u00e4lle em\u00e4lle on annettu matol\u00e4\u00e4ke pentujen matol\u00e4\u00e4kityksen yhteydess\u00e4 pentujen ollessa 2-3 viikon ik\u00e4isi\u00e4. L\u00e4\u00e4kitys on uusittu pennuille viel\u00e4 5 ja 8 viikon i\u00e4ss\u00e4.<strong>Pentusi tarvitsee matokuurin viel\u00e4 10 viikon i\u00e4ss\u00e4 ennen ensimm\u00e4ist\u00e4 rokotusta.<\/strong>\tMatol\u00e4\u00e4kkeet on hyv\u00e4 antaa noin 2 viikkoa ennen rokotusta koko koiran elini\u00e4n. Aikuiselle koiralle pit\u00e4isi antaa matol\u00e4\u00e4ke 2-4 kertaa vuodessa riippumatta siit\u00e4, todetaanko koiralla madoista kielivi\u00e4 oireita. Sis\u00e4loiset vaeltavat koiran elimist\u00f6ss\u00e4 ja aiheuttavat vaeltaessaan vaurioita sis\u00e4elimille.<\/p>\n<h2><a name=\"faq2\"><\/a>Rokotus<\/h2>\n<p>Em\u00e4 on rokotettu asianmukaisesti, joten pennut saavat ensimm\u00e4isten p\u00e4ivien ternimaidosta riitt\u00e4v\u00e4sti tartuntataudeilta suojaavia vasta-aineita, eli pentuja ei tarvitse rokottaa ennen 12 viikon ik\u00e4\u00e4. Pentu pystyy reagoimaan rokotteeseen vasta em\u00e4lt\u00e4 saadun tilap\u00e4issuojan h\u00e4vitty\u00e4, joten alle 12-viikkoisena rokottamisesta ei yleens\u00e4 ole hy\u00f6ty\u00e4. El\u00e4v\u00e4 parvorokote on t\u00e4st\u00e4 poikkeus. Pennun immuniteetti on yleens\u00e4 aika hyv\u00e4 jo kahden viikon p\u00e4\u00e4st\u00e4 ensimm\u00e4isest\u00e4 rokotuksesta ja varsin hyv\u00e4, kun rokotuksesta on kulunut nelj\u00e4 viikkoa. Kest\u00e4v\u00e4 vastustuskyky vaatii kuitenkin tehosterokotuksen.<\/p>\n<p><strong>Vie pentu el\u00e4inl\u00e4\u00e4k\u00e4riin rokotettavaksi sen t\u00e4ytetty\u00e4 12 vk. Ja seuraavan kerran 16 \u2013 20 viikon i\u00e4ss\u00e4. Tehosterokote annetaan 12 \u2013 13 kk i\u00e4ss\u00e4.<\/strong>\tEl\u00e4inl\u00e4\u00e4k\u00e4risi antaa sinulle tarkemmat ohjeet ensimm\u00e4isell\u00e4 k\u00e4yntikerralla. Joitakin rokotteita ei suositella annettavaksi samanaikaisesti, joten on syyt\u00e4 noudattaa el\u00e4inl\u00e4\u00e4k\u00e4rin antamaa rokotussuositusta.<\/p>\n<p>Mit\u00e4 vastaan rokotetaan ja milloin:<\/p>\n<h4>12 vk<\/h4>\n<ul>\n<li>penikkatauti + tarttuva maksatulehdus<\/li>\n<li>parvo<\/li>\n<\/ul>\n<h4>16 \u2013 20 vk<\/h4>\n<ul>\n<li>penikkatauti + tarttuva maksatulehdus<\/li>\n<li>parvo<\/li>\n<li>rabies<\/li>\n<\/ul>\n<h4>12 \u2013 13 kk<\/h4>\n<p>(mielell\u00e4\u00e4n koiran t\u00e4ytetty\u00e4 1 v. niin tehosterokotus voidaan antaa 2:n vuoden kuluttua)<\/p>\n<ul>\n<li>penikkatauti + tarttuva maksatulehdus<\/li>\n<li>parvo<\/li>\n<li>rabies<\/li>\n<\/ul>\n<p>ja t\u00e4st\u00e4 eteenp\u00e4in 2:n vuoden v\u00e4lein tehosterokotus<\/p>\n<h2><a name=\"faq3\"><\/a>Ruokinta<\/h2>\n<p>Pennut ovat el\u00e4neet kolme ensimm\u00e4ist\u00e4 viikkoa emon maidolla. Lis\u00e4ruokaa on alettu antaa 3 \u2013 4 elinviikolla. 7 viikon ik\u00e4isen\u00e4 pennun ruokavalio alkaa muistuttaa emon ruokintaa, mutta pentu sy\u00f6 4 \u2013 5 ateriaa p\u00e4iv\u00e4ss\u00e4. Pyri antamaan pennulle v\u00e4hint\u00e4\u00e4n kolme ateriaa p\u00e4iv\u00e4ss\u00e4, mielell\u00e4\u00e4n nelj\u00e4.<br \/>\n<strong>Koiralla pit\u00e4\u00e4 olla aina puhdasta vett\u00e4 tarjolla!<\/strong><\/p>\n<p>Liiallinen tai ep\u00e4tasapainoinen ruokinta saattaa aiheuttaa pennulle palautumattomia kasvuh\u00e4iri\u00f6it\u00e4. Niukasti ruokittu pentu ei kasva perim\u00e4ns\u00e4 edellytt\u00e4miin mittoihin, yliruokinta altistaa nivel- ja luusto-ongelmiin jne.<strong>Pennulle on annettu kaupallista koiranruokaa, joten vitamiineja ja kivenn\u00e4isi\u00e4 ei saa lis\u00e4t\u00e4 ruokaan lainkaan.<\/strong>\tPennulle annettavaa ruokam\u00e4\u00e4r\u00e4\u00e4 on vaikea sanoa grammalleen, koska yksil\u00f6lliset erot ovat suuria. Paras kriteeri ruoan m\u00e4\u00e4r\u00e4lle on pennun tarkkailu. K\u00e4sin tunnustellen kylkiluiden p\u00e4\u00e4ll\u00e4 on normaali rasvakerros ja kylkiluut tuntuvat mutta niiden v\u00e4lill\u00e4 ei ole kuoppia. Selk\u00e4ranka ei k\u00e4sin tunnustellen tulisi \u201dt\u00f6rr\u00f6tt\u00e4\u00e4\u201d.<\/p>\n<p>Suosittelen, ett\u00e4 pentu saa aluksi samaa ruokaa, jota on annettu kasvattajan luona. Pentu saa mukaansa penturuokaa. Ruokintaohje l\u00f6ytyy ruokapussin kyljest\u00e4. Raakaa jauhelihaa voi sekoittaa yhteen annokseen\/p\u00e4iv\u00e4 noin kaksi ruokalusikallista. Pentu saattaa liikkua enemm\u00e4n ja kuluttaa ao. ruoan, joten saatatte joutua turvautumaan tukevampaan ruokaan. V\u00e4lt\u00e4 kuitenkin lihottamasta pentua!<\/p>\n<p>Ruoan m\u00e4\u00e4r\u00e4 muuttuu pennun kasvaessa. Samoin siirryt\u00e4\u00e4n aikuisen koiran ruokaan. Pennun energiantarve on sama kuin vastaavan painoisen aikuisen koiran energiantarve silloin, kun 60% aikuispainosta on saavutettu.<\/p>\n<p>Koiralle eiv\u00e4t sovi seuraavat ruoka-aineet:<\/p>\n<ul>\n<li>maito suurina annoksina<\/li>\n<li>juurekset ja peruna raakoina<\/li>\n<li>sipuli<\/li>\n<li>kala raakana<\/li>\n<li>ihmisille tarkoitettu suklaa<\/li>\n<\/ul>\n<h2><a name=\"faq4\"><\/a>Kynsien leikkaus<\/h2>\n<p>Pennun kynsi\u00e4 on leikattava s\u00e4\u00e4nn\u00f6llisesti. Kynsien hoitoharjoittelu on aloitettu jo kasvattajan luona. Jos kynsiss\u00e4 ei ole leikattavaa, pentua totutetaan \u201dkuivaharjoittelulla\u201d kynsien ja tassujen k\u00e4sittelyyn joitakin kertoja viikossa. Kynsi\u00e4 leikataan mieluummin v\u00e4h\u00e4n ja usein kuin harvoin ja liikaa. Kynsien leikkausta vastustavalle pennulle ei pid\u00e4 antaa periksi, vaan kynsi\u00e4 on leikattava aluksi periaatteella kynsi, makupala ja kehuminen. V\u00e4lill\u00e4 pieni\u00e4 taukoja pit\u00e4en, periaatteella tassullinen kerrallaan.<\/p>\n<p>Leikkaaja ottaa koiran tassusta tukevan otteen ja nipsaisee kynnest\u00e4 ter\u00e4v\u00e4n k\u00e4rjen pois. Liikaa ei kannata ahnehtia jotta ei osuttaisi ytimeen. Vaaleakyntisell\u00e4 koiralla ydin n\u00e4kyy sarveisaineen l\u00e4pi mutta mustakyntisell\u00e4 ei, joten musta kynsi on haastavampi. Jos kynnen p\u00e4\u00e4st\u00e4\u00e4 kasvamaan liian pitk\u00e4ksi, ydin kasvaa my\u00f6s. Vaikka kynsi on pitk\u00e4, ei sit\u00e4 voi leikata kerralla lyhyeksi, vaan usein ja v\u00e4h\u00e4n kerrallaan kyntt\u00e4 leikkaamalla ydin saadaan vet\u00e4ytym\u00e4\u00e4n takaisin kynnen tyve\u00e4 kohti.<\/p>\n<h2><a name=\"faq5\"><\/a>Hampaiden hoito<\/h2>\n<p>Pentu kannattaa totuttaa hampaiden tarkasteluun jo ihan pikkupennusta l\u00e4htien. Koiran hampaiden pinnalle saattaa kerty\u00e4 hammaskive\u00e4, mik\u00e4 lievimmill\u00e4\u00e4n aiheuttaa pahanhajuisen hengityksen ja pahimmillaan ientulehduksen vakavine seuraamuksineen. Hammaskivi muodostuu hampaiden pinnalle ker\u00e4\u00e4ntyv\u00e4st\u00e4 plakista. Ensin hammaskivi on kellert\u00e4v\u00e4\u00e4 mutta muuttuu pikkuhiljaa tummaksi. Hammaskiven muodostumista voidaan ehk\u00e4ist\u00e4 antamalla koiralle kaikenlaista kovaa pureskeltavaa. Hampaita voi my\u00f6s harjata. Pentupaketista l\u00f6ytyy pient\u00e4 pureskeltavaa. On kumminkin huolehdittava, ettei puruluu kulu niin pieneksi, ett\u00e4 pentu voisi nielaista lopun kotona yksin ollessaan. J\u00e4m\u00e4luut kuuluvat roskiin.<\/p>\n<p>Pennun maitohampaat vaihtuvat pysyv\u00e4\u00e4n kalustoon pennun ollessa 4 \u2013 7 kuukauden ik\u00e4inen. Pennun omistajan on seurattava, ett\u00e4 irtoamatta j\u00e4\u00e4neet maitohampaat eiv\u00e4t pilaa pysyvien hampaiden asentoa. Nyrkkis\u00e4\u00e4nt\u00f6n\u00e4 voidaan sanoa, ett\u00e4 mik\u00e4li pysyv\u00e4 hammas on kasvanut yli puoleenv\u00e4liin maitohammasta, eik\u00e4 maitohammas heilu, on aika ottaa yhteytt\u00e4 el\u00e4inl\u00e4\u00e4k\u00e4riin.<\/p>\n<h2><a name=\"faq6\"><\/a>Tassujen hoito<\/h2>\n<p>Polkuanturoiden v\u00e4linen iho saattaa \u00e4rty\u00e4 ja tulehtua varsinkin kurakeleill\u00e4, mik\u00e4li koira pidet\u00e4\u00e4n jatkuvasti pitk\u00e4ss\u00e4 karvassa. Tulehdusriski v\u00e4henee, jos koiran polkuanturoiden v\u00e4liss\u00e4 kasvavat karvat pidet\u00e4\u00e4n lyhyin\u00e4 ja anturat pest\u00e4\u00e4n ja kuivataan huolellisesti. Leikkaukseen sopivat parhaiten tylpp\u00e4k\u00e4rkiset pikkusakset.<\/p>\n<h2><a name=\"faq7\"><\/a>Silmien hoito<\/h2>\n<p>Koiran silm\u00e4t on tutkittava p\u00e4\u00e4llisin puolin p\u00e4ivitt\u00e4in. Terveet silm\u00e4t ovat kirkkaat eiv\u00e4tk\u00e4 vuoda. Aamur\u00e4hm\u00e4 eli pieni, harmaa hyytel\u00f6 tai kuiva ruskea nokare silmien kuononpuoleisessa nurkassa on normaali ilmi\u00f6.<\/p>\n<p>Tarkista, ettei karvaa tai roskia, esim. neulasia tai tikkuja mene silm\u00e4\u00e4n. Pentuaikana olisi suotavaa karvapeite ajaa muutamia kertoja kokonaan pois, jotta karva vahvistuisi ja pentu tottuisi t\u00e4h\u00e4nkin. N\u00e4yttelyiss\u00e4 ehtii k\u00e4yd\u00e4 my\u00f6hemminkin ja on mukavampaa katsella pentua suoraan silmiin kuin \u201dkarvapehkoon\u201d. Koirakoulussa ja match-show tapahtumissa voi k\u00e4yd\u00e4 lyhytkarvaisella koirallakin.<\/p>\n<p>R\u00e4hmiv\u00e4t ja kyynelehtiv\u00e4t silm\u00e4t pit\u00e4v\u00e4t koiran silm\u00e4naluset jatkuvasti kosteina, mik\u00e4 altistaa ihoa paikallisille tulehduksille. Vuotavat silm\u00e4t v\u00e4rj\u00e4\u00e4v\u00e4t vaalean karvan punaruskeaksi. Silm\u00e4tulehdukset ja \u2013vuodot on hoidettava el\u00e4inl\u00e4\u00e4k\u00e4rill\u00e4 v\u00e4litt\u00f6m\u00e4sti.<\/p>\n<h2><a name=\"faq8\"><\/a>Turkin hoito<\/h2>\n<p>Turkkia ei harjata tai kammata. Likainen koira pest\u00e4\u00e4n. Espanjanvesikoiran turkki ajetaan kauttaaltaan pois pari kertaa vuodessa. T\u00e4h\u00e4n soveltuu esim. Oster \u2013trimmeri. Pienell\u00e4 harjoittelulla trimmauksen voi tehd\u00e4 my\u00f6s itse. Kysy kasvattajalta neuvoa.<\/p>\n<h2><a name=\"faq9\"><\/a>Korvien hoito<\/h2>\n<p>Rotumme on ns. karvakorvainen rotu, joten korvak\u00e4yt\u00e4v\u00e4ss\u00e4 kasvavat karvat on nypitt\u00e4v\u00e4 s\u00e4\u00e4nn\u00f6llisesti pois. T\u00e4m\u00e4 tehd\u00e4\u00e4n, jotta korvak\u00e4yt\u00e4v\u00e4 tuulettuisi ja pysyisi kuivana.<\/p>\n<p>Pentu on totutettava korvakarvojen nyppimiseen pienest\u00e4 pit\u00e4en. Itse olen nyppinyt koirien korvak\u00e4yt\u00e4v\u00e4t pelkin sormin. Pieni tukko karvaa ja nypp\u00e4isy. Ensimm\u00e4inen poistokerta pennulla on hankalin. Aikuiset koirat eiv\u00e4t toimesta ole moksiskaan. Muista antaa hoitokerran p\u00e4\u00e4tteeksi palkka ja kehua kovasti.<\/p>\n<p>Koiran korvia on syyt\u00e4 haistella ja katsella p\u00e4ivitt\u00e4in, jotta korvatulehdus keksit\u00e4\u00e4n ajoissa. Normaali korva eritt\u00e4\u00e4 korvavahaa jonkin verran. Runsas, m\u00e4rk\u00e4inen ja haiseva erite on korvatulehduksen merkki. Samoin p\u00e4\u00e4n pudistelu ja tassulla korvien hankaus. Uinnin j\u00e4lkeen on syyt\u00e4 puhdistaa ja kuivata korvat, vaikka espanjanvesikoira sukeltavana koirana osaakin sulkea korvak\u00e4yt\u00e4v\u00e4ns\u00e4.<\/p>\n<p>Aikuiselle koiralle riitt\u00e4\u00e4 nyppiminen parin kuukauden v\u00e4lein ja sen p\u00e4\u00e4lle puhdistus talouspaperilla. N\u00e4in hoitaen ei meill\u00e4 ole ollut ainoatakaan korvatulehdusta!<\/p>\n<h2><a name=\"faq10\"><\/a>Joko pentukurssille&#8230;<\/h2>\n<p>Kun rokotukset ovat kunnossa on aika hakeutua pentukurssille oppimaan k\u00e4ytt\u00e4ytymisen s\u00e4\u00e4nt\u00f6j\u00e4. Koira oppii tehokkaimmin tehdess\u00e4\u00e4n oikein ja saadessaan siit\u00e4 kiitosta ja palkinnon. Koiran palvelualttius ja luottamukselliset ihmissuhteet eiv\u00e4t kehity pakkokeinoin.<\/p>\n<p>Tarjoan ilmaisen pentukurssin kaikille kasvateilleni sunnuntaisin. Kurssilla k\u00e4ymme l\u00e4pi istumista, seuraamista ym. tottelevaisuusharjoittelua. Aloitamme alkeista ja vaativuutta lis\u00e4t\u00e4\u00e4n v\u00e4h\u00e4-v\u00e4h\u00e4lt\u00e4. Lopuksi pennut saavat telmi\u00e4 ja nauttia toistensa seurasta. Tulethan mukaan, mik\u00e4li asut p\u00e4\u00e4kaupunkiseudulla!<\/p>\n<p>Toivomme onnellisia hetki\u00e4 pennun kanssa!<\/p>\n","protected":false},"excerpt":{"rendered":"<p>Kun pentu muuttaa taloon Madotus Em\u00e4 on madotettu juuri ennen astutusta ja noin 2-3 viikkoa ennen synnytyst\u00e4. Imett\u00e4v\u00e4lle em\u00e4lle on annettu matol\u00e4\u00e4ke pentujen matol\u00e4\u00e4kityksen yhteydess\u00e4 pentujen ollessa 2-3 viikon ik\u00e4isi\u00e4. L\u00e4\u00e4kitys on uusittu pennuille viel\u00e4 5 ja 8 viikon i\u00e4ss\u00e4.Pentusi tarvitsee matokuurin viel\u00e4 10 viikon i\u00e4ss\u00e4 ennen ensimm\u00e4ist\u00e4 rokotusta. Matol\u00e4\u00e4kkeet on hyv\u00e4 antaa noin 2 [&hellip;]<\/p>\n","protected":false},"author":1,"featured_media":0,"parent":0,"menu_order":2,"comment_status":"closed","ping_status":"open","template":"alasivuja.php","meta":{"footnotes":""},"class_list":["post-85","page","type-page","status-publish","hentry"],"_links":{"self":[{"href":"http:\/\/aquatic.fi\/index.php?rest_route=\/wp\/v2\/pages\/85","targetHints":{"allow":["GET"]}}],"collection":[{"href":"http:\/\/aquatic.fi\/index.php?rest_route=\/wp\/v2\/pages"}],"about":[{"href":"http:\/\/aquatic.fi\/index.php?rest_route=\/wp\/v2\/types\/page"}],"author":[{"embeddable":true,"href":"http:\/\/aquatic.fi\/index.php?rest_route=\/wp\/v2\/users\/1"}],"replies":[{"embeddable":true,"href":"http:\/\/aquatic.fi\/index.php?rest_route=%2Fwp%2Fv2%2Fcomments&post=85"}],"version-history":[{"count":13,"href":"http:\/\/aquatic.fi\/index.php?rest_route=\/wp\/v2\/pages\/85\/revisions"}],"predecessor-version":[{"id":3432,"href":"http:\/\/aquatic.fi\/index.php?rest_route=\/wp\/v2\/pages\/85\/revisions\/3432"}],"wp:attachment":[{"href":"http:\/\/aquatic.fi\/index.php?rest_route=%2Fwp%2Fv2%2Fmedia&parent=85"}],"curies":[{"name":"wp","href":"https:\/\/api.w.org\/{rel}","templated":true}]}}