{"id":1386,"date":"2013-02-02T12:06:23","date_gmt":"2013-02-02T10:06:23","guid":{"rendered":"http:\/\/aquatic.fi\/?page_id=1386"},"modified":"2020-02-17T20:23:37","modified_gmt":"2020-02-17T20:23:37","slug":"2013-kohokohdat","status":"publish","type":"page","link":"https:\/\/aquatic.fi\/?page_id=1386","title":{"rendered":"2013 kohokohdat"},"content":{"rendered":"<h1>2013 kohokohdat<\/h1>\n<p>&nbsp;<\/p>\n<div id=\"attachment_1805\" style=\"width: 239px\" class=\"wp-caption alignleft\"><a href=\"http:\/\/aquatic.fi\/wp-content\/uploads\/2013\/02\/cid_3E40A40D2DF44ED3BCBAA426AFE03246@KaijaPC.png\"><img loading=\"lazy\" decoding=\"async\" aria-describedby=\"caption-attachment-1805\" class=\"size-thumbnail wp-image-1805 \" src=\"http:\/\/aquatic.fi\/wp-content\/uploads\/2013\/02\/cid_3E40A40D2DF44ED3BCBAA426AFE03246@KaijaPC-229x210.png\" alt=\"\" width=\"229\" height=\"210\" \/><\/a><p id=\"caption-attachment-1805\" class=\"wp-caption-text\">Syksyn satoa<\/p><\/div>\n<div id=\"attachment_1804\" style=\"width: 290px\" class=\"wp-caption alignleft\"><a href=\"http:\/\/aquatic.fi\/wp-content\/uploads\/2013\/02\/150920131192.jpg\"><img loading=\"lazy\" decoding=\"async\" aria-describedby=\"caption-attachment-1804\" class=\"size-thumbnail wp-image-1804 \" src=\"http:\/\/aquatic.fi\/wp-content\/uploads\/2013\/02\/150920131192-280x210.jpg\" alt=\"\" width=\"280\" height=\"210\" \/><\/a><p id=\"caption-attachment-1804\" class=\"wp-caption-text\">Mopopoika<\/p><\/div>\n<div id=\"attachment_1802\" style=\"width: 239px\" class=\"wp-caption alignleft\"><a href=\"http:\/\/aquatic.fi\/wp-content\/uploads\/2013\/02\/cid_0E46197F724B4FA482267D77B67507F2@KaijaPC.png\"><img loading=\"lazy\" decoding=\"async\" aria-describedby=\"caption-attachment-1802\" class=\"size-thumbnail wp-image-1802 \" src=\"http:\/\/aquatic.fi\/wp-content\/uploads\/2013\/02\/cid_0E46197F724B4FA482267D77B67507F2@KaijaPC-229x210.png\" alt=\"\" width=\"229\" height=\"210\" \/><\/a><p id=\"caption-attachment-1802\" class=\"wp-caption-text\">Lamppu ja Maija 09-2013<\/p><\/div>\n<div style=\"width: 290px\" class=\"wp-caption alignleft\"><a href=\"http:\/\/aquatic.fi\/wp-content\/uploads\/2013\/02\/17092013122.jpg\"><img loading=\"lazy\" decoding=\"async\" class=\"size-thumbnail wp-image-1729  \" src=\"http:\/\/aquatic.fi\/wp-content\/uploads\/2013\/02\/17092013122-280x210.jpg\" alt=\"\" width=\"280\" height=\"210\" \/><\/a><p class=\"wp-caption-text\">Syksyinen vieras&#8230;Miina!<\/p><\/div>\n<div id=\"attachment_1742\" style=\"width: 290px\" class=\"wp-caption alignnone\"><a href=\"http:\/\/aquatic.fi\/wp-content\/uploads\/2013\/02\/15092013118.jpg\"><img loading=\"lazy\" decoding=\"async\" aria-describedby=\"caption-attachment-1742\" class=\"size-thumbnail wp-image-1742 \" src=\"http:\/\/aquatic.fi\/wp-content\/uploads\/2013\/02\/15092013118-280x210.jpg\" alt=\"\" width=\"280\" height=\"210\" \/><\/a><p id=\"caption-attachment-1742\" class=\"wp-caption-text\">Vanha jengi koossa taas<\/p><\/div>\n<div id=\"attachment_1725\" style=\"width: 290px\" class=\"wp-caption alignleft\"><a href=\"http:\/\/aquatic.fi\/wp-content\/uploads\/2013\/02\/15092013117.jpg\"><img loading=\"lazy\" decoding=\"async\" aria-describedby=\"caption-attachment-1725\" class=\"size-thumbnail wp-image-1725 \" src=\"http:\/\/aquatic.fi\/wp-content\/uploads\/2013\/02\/15092013117-280x210.jpg\" alt=\"\" width=\"280\" height=\"210\" \/><\/a><p id=\"caption-attachment-1725\" class=\"wp-caption-text\">Ulkoap\u00e4in se alkaa jo olla&#8230;<\/p><\/div>\n<div id=\"attachment_1723\" style=\"width: 239px\" class=\"wp-caption alignleft\"><a href=\"http:\/\/aquatic.fi\/wp-content\/uploads\/2013\/02\/cid_C385E1842D304DA0AB00D36737289BD9@KaijaPC.png\"><img loading=\"lazy\" decoding=\"async\" aria-describedby=\"caption-attachment-1723\" class=\"size-thumbnail wp-image-1723 \" src=\"http:\/\/aquatic.fi\/wp-content\/uploads\/2013\/02\/cid_C385E1842D304DA0AB00D36737289BD9@KaijaPC-229x210.png\" alt=\"\" width=\"229\" height=\"210\" \/><\/a><p id=\"caption-attachment-1723\" class=\"wp-caption-text\">Hetja opetteli talliel\u00e4m\u00e4\u00e4 09-2013<\/p><\/div>\n<div id=\"attachment_1721\" style=\"width: 290px\" class=\"wp-caption alignleft\"><a href=\"http:\/\/aquatic.fi\/wp-content\/uploads\/2013\/02\/11092013112.jpg\"><img loading=\"lazy\" decoding=\"async\" aria-describedby=\"caption-attachment-1721\" class=\"size-thumbnail wp-image-1721 \" src=\"http:\/\/aquatic.fi\/wp-content\/uploads\/2013\/02\/11092013112-280x210.jpg\" alt=\"\" width=\"280\" height=\"210\" \/><\/a><p id=\"caption-attachment-1721\" class=\"wp-caption-text\">Hetja koulutuksessa 09-2013<\/p><\/div>\n<div id=\"attachment_1717\" style=\"width: 290px\" class=\"wp-caption alignnone\"><a href=\"http:\/\/aquatic.fi\/wp-content\/uploads\/2013\/02\/IMG_0170.jpg\"><img loading=\"lazy\" decoding=\"async\" aria-describedby=\"caption-attachment-1717\" class=\"size-thumbnail wp-image-1717 \" src=\"http:\/\/aquatic.fi\/wp-content\/uploads\/2013\/02\/IMG_0170-280x210.jpg\" alt=\"\" width=\"280\" height=\"210\" \/><\/a><p id=\"caption-attachment-1717\" class=\"wp-caption-text\">Reetta osoittautui mahtavaksi em\u00e4ksi 10+<\/p><\/div>\n<p>&nbsp;<\/p>\n<div id=\"attachment_1719\" style=\"width: 290px\" class=\"wp-caption alignleft\"><a href=\"http:\/\/aquatic.fi\/wp-content\/uploads\/2013\/02\/IMG_0142.jpg\"><img loading=\"lazy\" decoding=\"async\" aria-describedby=\"caption-attachment-1719\" class=\"size-thumbnail wp-image-1719 \" src=\"http:\/\/aquatic.fi\/wp-content\/uploads\/2013\/02\/IMG_0142-280x210.jpg\" alt=\"\" width=\"280\" height=\"210\" \/><\/a><p id=\"caption-attachment-1719\" class=\"wp-caption-text\">Kes\u00e4juhlia 08-2013<\/p><\/div>\n<p>&nbsp;<\/p>\n<div id=\"attachment_1736\" style=\"width: 290px\" class=\"wp-caption alignnone\"><a href=\"http:\/\/aquatic.fi\/wp-content\/uploads\/2013\/02\/17072013089.jpg\"><img loading=\"lazy\" decoding=\"async\" aria-describedby=\"caption-attachment-1736\" class=\"size-thumbnail wp-image-1736 \" src=\"http:\/\/aquatic.fi\/wp-content\/uploads\/2013\/02\/17072013089-280x210.jpg\" alt=\"\" width=\"280\" height=\"210\" \/><\/a><p id=\"caption-attachment-1736\" class=\"wp-caption-text\">Kes\u00e4p\u00e4iv\u00e4 H\u00e4meess\u00e4<\/p><\/div>\n<p>&nbsp;<\/p>\n<p><a href=\"http:\/\/aquatic.fi\/wp-content\/uploads\/2013\/02\/01042013077.jpg\"><img loading=\"lazy\" decoding=\"async\" class=\"alignleft size-thumbnail wp-image-1739\" src=\"http:\/\/aquatic.fi\/wp-content\/uploads\/2013\/02\/01042013077-280x210.jpg\" alt=\"\" width=\"280\" height=\"210\" \/><\/a><\/p>\n<p><a href=\"http:\/\/aquatic.fi\/wp-content\/uploads\/2013\/02\/010420130791.jpg\"><img loading=\"lazy\" decoding=\"async\" class=\"alignleft size-thumbnail wp-image-1738\" src=\"http:\/\/aquatic.fi\/wp-content\/uploads\/2013\/02\/010420130791-280x210.jpg\" alt=\"\" width=\"280\" height=\"210\" \/><\/a><\/p>\n<dl>\n<dd><\/dd>\n<\/dl>\n<dl>\n<dd><\/dd>\n<\/dl>\n","protected":false},"excerpt":{"rendered":"<p>2013 kohokohdat &nbsp; &nbsp; &nbsp; &nbsp;<\/p>\n","protected":false},"author":1,"featured_media":0,"parent":83,"menu_order":0,"comment_status":"closed","ping_status":"open","template":"alasivuja.php","meta":{"footnotes":""},"class_list":["post-1386","page","type-page","status-publish","hentry"],"_links":{"self":[{"href":"https:\/\/aquatic.fi\/index.php?rest_route=\/wp\/v2\/pages\/1386","targetHints":{"allow":["GET"]}}],"collection":[{"href":"https:\/\/aquatic.fi\/index.php?rest_route=\/wp\/v2\/pages"}],"about":[{"href":"https:\/\/aquatic.fi\/index.php?rest_route=\/wp\/v2\/types\/page"}],"author":[{"embeddable":true,"href":"https:\/\/aquatic.fi\/index.php?rest_route=\/wp\/v2\/users\/1"}],"replies":[{"embeddable":true,"href":"https:\/\/aquatic.fi\/index.php?rest_route=%2Fwp%2Fv2%2Fcomments&post=1386"}],"version-history":[{"count":89,"href":"https:\/\/aquatic.fi\/index.php?rest_route=\/wp\/v2\/pages\/1386\/revisions"}],"predecessor-version":[{"id":3438,"href":"https:\/\/aquatic.fi\/index.php?rest_route=\/wp\/v2\/pages\/1386\/revisions\/3438"}],"up":[{"embeddable":true,"href":"https:\/\/aquatic.fi\/index.php?rest_route=\/wp\/v2\/pages\/83"}],"wp:attachment":[{"href":"https:\/\/aquatic.fi\/index.php?rest_route=%2Fwp%2Fv2%2Fmedia&parent=1386"}],"curies":[{"name":"wp","href":"https:\/\/api.w.org\/{rel}","templated":true}]}}