{"id":5,"date":"2012-06-29T18:19:29","date_gmt":"2012-06-29T15:19:29","guid":{"rendered":"http:\/\/b3:8080\/?page_id=5"},"modified":"2024-05-26T11:08:30","modified_gmt":"2024-05-26T11:08:30","slug":"5-2","status":"publish","type":"page","link":"https:\/\/aquatic.fi\/","title":{"rendered":"Etusivu"},"content":{"rendered":"<h1>Kennel Aquatic &#8211; Espanjanvesikoira el\u00e4m\u00e4ni!<\/h1>\n\n\n<h3 class=\"wp-block-heading\">Espanjanvesikoiria hyv\u00e4luonteisista, terveist\u00e4, palkituista vanhemmista.<\/h3>\n\n\n\n<p>Kasvatustoimintani on pienimuotoista kotikasvatusta &#8211; rakas harrastus ja mielenkiintoni kohde.<\/p>\n\n\n\n<ul class=\"wp-block-list\"><li> Jack &#8211; Weewaddle Rock-a-doodle luonnetestiss\u00e4 t\u00e4n\u00e4\u00e4n 26.5.2024.<\/li><li>Perroilla on oma luonnetestin profiili. Seuraavat ovat perrojen ihannetuloksia:<\/li><li> Ter\u00e4vyys +1a pieni ilman j\u00e4ljelle j\u00e4\u00e4v\u00e4\u00e4 hy\u00f6kk\u00e4yshalua.<\/li><li>Puolustushalu +1 pieni<\/li><li>Temperamentti +2 kohtuullisen vilkas<\/li><li>Kovuus +1 hieman pehme\u00e4<\/li><li>Luoksep\u00e4\u00e4st\u00e4vyys +3 hyv\u00e4ntahtoinen, luoksep\u00e4\u00e4st\u00e4v\u00e4, avoin<\/li><li>Laukaisuvarmuus +++ laukaisuvarma<\/li><li>Seuraavat ovat perrojen hyv\u00e4ksytty \/ neutraali tuloksia:<\/li><li>Toimintakyky &#8211; 1 pieni<\/li><li>Seuraavat ovat perrojen ei toivottuja tuloksia:<\/li><li>Taisteluhalu &#8211; 2 riitt\u00e4m\u00e4t\u00f6n (ei leikkinyt t\u00e4n\u00e4\u00e4n patukalla, ja t\u00e4m\u00e4 laski kokonaispistem\u00e4\u00e4r\u00e4 rajusti)<\/li><li> Hermorakenne +1b hermostunein pyrkimyksiin (eli kelkka ei en\u00e4\u00e4 kiinnostanut)<\/li><li>Perrojen luonne arvion mukaisia hyl\u00e4ttyj\u00e4 arvioita ei ollut. Mielenkiintoinen testi.  <\/li><\/ul>\n\n\n\n<figure class=\"wp-block-image size-large\"><img loading=\"lazy\" decoding=\"async\" width=\"576\" height=\"1024\" src=\"http:\/\/aquatic.fi\/wp-content\/uploads\/2020\/05\/IMG-20200507-WA0023-576x1024.jpg\" alt=\"\" class=\"wp-image-3685\" srcset=\"https:\/\/aquatic.fi\/wp-content\/uploads\/2020\/05\/IMG-20200507-WA0023-576x1024.jpg 576w, https:\/\/aquatic.fi\/wp-content\/uploads\/2020\/05\/IMG-20200507-WA0023-169x300.jpg 169w, https:\/\/aquatic.fi\/wp-content\/uploads\/2020\/05\/IMG-20200507-WA0023-768x1365.jpg 768w, https:\/\/aquatic.fi\/wp-content\/uploads\/2020\/05\/IMG-20200507-WA0023-864x1536.jpg 864w, https:\/\/aquatic.fi\/wp-content\/uploads\/2020\/05\/IMG-20200507-WA0023.jpg 900w\" sizes=\"auto, (max-width: 576px) 100vw, 576px\" \/><\/figure>\n","protected":false},"excerpt":{"rendered":"<p>Kennel Aquatic &#8211; Espanjanvesikoira el\u00e4m\u00e4ni! Espanjanvesikoiria hyv\u00e4luonteisista, terveist\u00e4, palkituista vanhemmista. Kasvatustoimintani on pienimuotoista kotikasvatusta &#8211; rakas harrastus ja mielenkiintoni kohde. Jack &#8211; Weewaddle Rock-a-doodle luonnetestiss\u00e4 t\u00e4n\u00e4\u00e4n 26.5.2024. Perroilla on oma luonnetestin profiili. Seuraavat ovat perrojen ihannetuloksia: Ter\u00e4vyys +1a pieni ilman j\u00e4ljelle j\u00e4\u00e4v\u00e4\u00e4 hy\u00f6kk\u00e4yshalua. Puolustushalu +1 pieni Temperamentti +2 kohtuullisen vilkas Kovuus +1 hieman pehme\u00e4 Luoksep\u00e4\u00e4st\u00e4vyys [&hellip;]<\/p>\n","protected":false},"author":1,"featured_media":0,"parent":0,"menu_order":0,"comment_status":"open","ping_status":"open","template":"paasivu.php","meta":{"footnotes":""},"class_list":["post-5","page","type-page","status-publish","hentry"],"_links":{"self":[{"href":"https:\/\/aquatic.fi\/index.php?rest_route=\/wp\/v2\/pages\/5","targetHints":{"allow":["GET"]}}],"collection":[{"href":"https:\/\/aquatic.fi\/index.php?rest_route=\/wp\/v2\/pages"}],"about":[{"href":"https:\/\/aquatic.fi\/index.php?rest_route=\/wp\/v2\/types\/page"}],"author":[{"embeddable":true,"href":"https:\/\/aquatic.fi\/index.php?rest_route=\/wp\/v2\/users\/1"}],"replies":[{"embeddable":true,"href":"https:\/\/aquatic.fi\/index.php?rest_route=%2Fwp%2Fv2%2Fcomments&post=5"}],"version-history":[{"count":434,"href":"https:\/\/aquatic.fi\/index.php?rest_route=\/wp\/v2\/pages\/5\/revisions"}],"predecessor-version":[{"id":4718,"href":"https:\/\/aquatic.fi\/index.php?rest_route=\/wp\/v2\/pages\/5\/revisions\/4718"}],"wp:attachment":[{"href":"https:\/\/aquatic.fi\/index.php?rest_route=%2Fwp%2Fv2%2Fmedia&parent=5"}],"curies":[{"name":"wp","href":"https:\/\/api.w.org\/{rel}","templated":true}]}}