{"id":773,"date":"2012-07-28T14:33:18","date_gmt":"2012-07-28T11:33:18","guid":{"rendered":"http:\/\/aquatic.fi:8080\/?page_id=773"},"modified":"2024-03-17T11:57:07","modified_gmt":"2024-03-17T11:57:07","slug":"nayttelyt","status":"publish","type":"page","link":"https:\/\/aquatic.fi\/?page_id=773","title":{"rendered":"N\u00e4yttelyt"},"content":{"rendered":"<h1>N\u00e4yttelyt<\/h1>\n<h2>Jyv\u00e4skyl\u00e4 17.3.2024<\/h2>\n<p>Aquatic Gertrude &#8221;Iitu&#8221; PEK2 KP<br \/>\nTuomari: Eerola Tapio<\/p>\n<p>7 kk. Eritt\u00e4in hyv\u00e4 tyyppi. Ik\u00e4isekseen normaalisti kehittynyt. Lupaava p\u00e4\u00e4. Silm\u00e4t, korvat &amp; purenta ok. Hyv\u00e4 rintakeh\u00e4n ja raajojen vahvuus. Moitteettomat kulmaukset. Hyv\u00e4 turkki. Liikkuu hyvin, pitk\u00e4t askeleet. Reipas k\u00e4yt\u00f6s.<\/p>\n<p><img loading=\"lazy\" decoding=\"async\" class=\"alignnone size-medium wp-image-4707\" src=\"http:\/\/aquatic.fi\/wp-content\/uploads\/2024\/03\/20240218_133459-225x300.jpg\" alt=\"\" width=\"225\" height=\"300\" srcset=\"https:\/\/aquatic.fi\/wp-content\/uploads\/2024\/03\/20240218_133459-225x300.jpg 225w, https:\/\/aquatic.fi\/wp-content\/uploads\/2024\/03\/20240218_133459-768x1024.jpg 768w, https:\/\/aquatic.fi\/wp-content\/uploads\/2024\/03\/20240218_133459-1152x1536.jpg 1152w, https:\/\/aquatic.fi\/wp-content\/uploads\/2024\/03\/20240218_133459-1536x2048.jpg 1536w, https:\/\/aquatic.fi\/wp-content\/uploads\/2024\/03\/20240218_133459-scaled.jpg 1920w\" sizes=\"auto, (max-width: 225px) 100vw, 225px\" \/><\/p>\n<h2>Riihim\u00e4ki KV 3.9.2023<\/h2>\n<p>Aquatic Lainefriidu &#8221;Isla&#8221; AVO EH 3<br \/>\nTuomari: Poletaeva Irina<\/p>\n<p>Eritt\u00e4in hyv\u00e4 tyyppi. Narttumainen. Riitt\u00e4v\u00e4 luusto. Melko hyv\u00e4 p\u00e4\u00e4. Oikea hampaisto. Hyv\u00e4 kaulan asento. Pehme\u00e4 selk\u00e4. Eritt\u00e4in syv\u00e4 rintakeh\u00e4. Hyv\u00e4t kulmaukset. Melko hyv\u00e4t liikkeet. Saisi olla paremmassa fyysisess\u00e4 kunnossa. Pit\u00e4isi n\u00e4ytt\u00e4\u00e4 enemm\u00e4n ryhti\u00e4 ja temperamenttia. Tarvitsee lis\u00e4\u00e4 keh\u00e4tottumusta. Hyv\u00e4 karva. Isot korvat.<\/p>\n<p><img loading=\"lazy\" decoding=\"async\" class=\"alignnone size-medium wp-image-4705\" src=\"http:\/\/aquatic.fi\/wp-content\/uploads\/2024\/03\/20201202_213358-225x300.jpg\" alt=\"\" width=\"225\" height=\"300\" srcset=\"https:\/\/aquatic.fi\/wp-content\/uploads\/2024\/03\/20201202_213358-225x300.jpg 225w, https:\/\/aquatic.fi\/wp-content\/uploads\/2024\/03\/20201202_213358-768x1024.jpg 768w, https:\/\/aquatic.fi\/wp-content\/uploads\/2024\/03\/20201202_213358-1152x1536.jpg 1152w, https:\/\/aquatic.fi\/wp-content\/uploads\/2024\/03\/20201202_213358-1536x2048.jpg 1536w, https:\/\/aquatic.fi\/wp-content\/uploads\/2024\/03\/20201202_213358-scaled.jpg 1920w\" sizes=\"auto, (max-width: 225px) 100vw, 225px\" \/><\/p>\n<h2>Riihim\u00e4ki 26.8.2018<\/h2>\n<p>Aquatic Esmeralda &#8221;Esme&#8221; PEK1 ROP KP<br \/>\nTuomari: Finne Leni<\/p>\n<p>Oikeat mittasuhteet. Luusto voisi olla hieman voimakkaampi. Oikealinjainen p\u00e4\u00e4. Hyv\u00e4t silm\u00e4t ja korvat. Sopiva eturinta. Oikeanmallinen rintakeh\u00e4. Riitt\u00e4v\u00e4t takakulmaukset. Hyv\u00e4 karva.<\/p>\n<p><a href=\"http:\/\/aquatic.fi\/wp-content\/uploads\/2012\/07\/40095723_2222947984399972_6310999746169274368_o.jpg\"><img loading=\"lazy\" decoding=\"async\" class=\"alignnone size-thumbnail wp-image-3364\" src=\"http:\/\/aquatic.fi\/wp-content\/uploads\/2012\/07\/40095723_2222947984399972_6310999746169274368_o-280x210.jpg\" alt=\"\" width=\"280\" height=\"210\" \/><\/a><\/p>\n<h2>Orimattila 25.8.2018<\/h2>\n<p>Aquatic Esmeralda &#8221;Esme&#8221; PEK1 ROP KP<br \/>\nTuomari: Leikola-Walden Reia<\/p>\n<p>Mittasuhteiltaan oikea. Miellytt\u00e4v\u00e4 p\u00e4\u00e4. Hyv\u00e4 kaula ja yl\u00e4linja. Hyv\u00e4 luusto ja runko. Hyvin kulmautunut edest\u00e4, hieman luisu lantio. Liikkuu kapeasti takaa, riitt\u00e4v\u00e4ll\u00e4 askelmitalla sivusta. T\u00e4ss\u00e4 kehitysvaiheessa hieman takakorkea. Hyv\u00e4 turkki ja luonne.<\/p>\n<p><a href=\"http:\/\/aquatic.fi\/wp-content\/uploads\/2012\/07\/40016029_2221596427868461_6986229559276339200_o.jpg\"><img loading=\"lazy\" decoding=\"async\" class=\"alignnone size-thumbnail wp-image-3366\" src=\"http:\/\/aquatic.fi\/wp-content\/uploads\/2012\/07\/40016029_2221596427868461_6986229559276339200_o-280x210.jpg\" alt=\"\" width=\"280\" height=\"210\" \/><\/a><\/p>\n<h2><a href=\"http:\/\/aquatic.fi\/wp-content\/uploads\/2012\/07\/Bess-PN4.jpg\"><img loading=\"lazy\" decoding=\"async\" class=\"alignnone size-medium wp-image-3246\" src=\"http:\/\/aquatic.fi\/wp-content\/uploads\/2012\/07\/Bess-PN4-300x300.jpg\" alt=\"Bess PN4\" width=\"300\" height=\"300\" \/><\/a>Helsinki KV 20.5.2017<\/h2>\n<p>Aquatic Belle &#8221;Bess&#8221; JUN ERI JUK1 SA PN4 VASERT<br \/>\nTuomari: Juta Haranen, Estonia<\/p>\n<p>11 kk hyvin kehittynyt juniori narttu jolla sopivan v\u00e4riset silm\u00e4t. Oikeat mittasuhteet p\u00e4\u00e4ss\u00e4. Hyv\u00e4t hampaat. Hyvin kehittynyt ik\u00e4isekseen. Nyt tarvitsee aikaa. Oikea karvanlaatu. Korrekti luusto. Liikkuu hyvin. Selk\u00e4 viel\u00e4 hieman el\u00e4\u00e4 liikkeess\u00e4.<\/p>\n<p><a href=\"http:\/\/aquatic.fi\/wp-content\/uploads\/2012\/07\/Reetan-kanssa-sunnuntaik\u00e4velyll\u00e4.jpg\"><img loading=\"lazy\" decoding=\"async\" class=\"alignleft size-thumbnail wp-image-2522\" src=\"http:\/\/aquatic.fi\/wp-content\/uploads\/2012\/07\/Reetan-kanssa-sunnuntaik\u00e4velyll\u00e4-280x210.jpg\" alt=\"\" width=\"280\" height=\"210\" \/><\/a><\/p>\n<h2><\/h2>\n<h2><\/h2>\n<h2><\/h2>\n<h2><\/h2>\n<h2><\/h2>\n<h2><\/h2>\n<h2><\/h2>\n<h2><\/h2>\n<h2><\/h2>\n<h2>Kouvola 7.3.2015<\/h2>\n<p>Aquatic Oreithyia &#8221;Reetta&#8221; AVO ERI AVK1 SA PN2 VASERT<br \/>\nTuomari: Pirjo Aaltonen<\/p>\n<p>Mittasuhteiltaan sopusuhtainen narttu. Hyv\u00e4 p\u00e4\u00e4 ja tyypillinen ilme. Hyv\u00e4 runko. Hyv\u00e4 tiivis yl\u00e4linja ja sopusuhtaiset kulmaukset. Hyv\u00e4 karvapeite. Liikkuu hyvin sivulta ja takaa. Hyv\u00e4t etuliikkeet. Rodunomainen l\u00e4hestytt\u00e4ess\u00e4.<\/p>\n<h2><\/h2>\n<h2>Tuomarinkartano Helsinki 6.9.2014<\/h2>\n<p>Aquatic Olympos &#8221;Osku&#8221; AVO ERI AVK1 SA PU1 SERT ROP<br \/>\nTuomari: Roger Vanhoenacker, Belgia<\/p>\n<p>Good propotions, height and lenght. Very nice head. Good ears and eyes,scissorbite. Excellent strong body.Good coat and engulations. Moved fluently.<\/p>\n<p><a href=\"http:\/\/aquatic.fi\/wp-content\/uploads\/2012\/07\/20140906_140712.jpg\"><img loading=\"lazy\" decoding=\"async\" class=\"alignleft size-thumbnail wp-image-2253\" src=\"http:\/\/aquatic.fi\/wp-content\/uploads\/2012\/07\/20140906_140712-280x210.jpg\" alt=\"\" width=\"280\" height=\"210\" \/><\/a><\/p>\n<h4><span style=\"font-size: 1.5em;\">Tuulos 6.10.2013<\/span><\/h4>\n<p>Aquatic Olympos &#8221;Osku&#8221; AVO ERI AVK1 SA PU2 SERT<br \/>\nTuomari: Marko Lepasaar, Viro<\/p>\n<p>2 1\/2 years. Correct proprtions. Enough dark eyes.Level topline. A bit long in loins. Forefeet little bit turn out.Enough angulations. Need stronger hind movement.<\/p>\n<h5><a href=\"http:\/\/aquatic.fi\/wp-content\/uploads\/2012\/07\/Osku1.jpg\"><img loading=\"lazy\" decoding=\"async\" class=\"alignleft size-thumbnail wp-image-1823\" src=\"http:\/\/aquatic.fi\/wp-content\/uploads\/2012\/07\/Osku1-280x210.jpg\" alt=\"\" width=\"280\" height=\"210\" \/><\/a><\/h5>\n<h5><a href=\"http:\/\/aquatic.fi\/wp-content\/uploads\/2012\/07\/Osku2.jpg\"><img loading=\"lazy\" decoding=\"async\" class=\"alignleft size-thumbnail wp-image-1837\" src=\"http:\/\/aquatic.fi\/wp-content\/uploads\/2012\/07\/Osku2-280x210.jpg\" alt=\"\" width=\"280\" height=\"210\" \/><\/a><\/h5>\n<h5><\/h5>\n<h5><span style=\"font-size: 1.5em;\">Koria 18.5.2013<\/span><\/h5>\n<p>Aquatic Leonardo &#8221;Leo&#8221; AVO ERI AVK1 SA PU1 SERT ROP!<br \/>\nTuomari: Elena Ruskovaara<\/p>\n<p>Oikea tyyppi &amp; mittasuhteet. Hyv\u00e4 runko. Tyypilliset p\u00e4\u00e4n mittasuhteet. Silm\u00e4t saisi olla tummemmat. Ranteissa pehmeytt\u00e4. Hyvin Rakentunut takaosa. Tarpeeksi tiivis rungon mittasuhteiltaan. Karvassa paikoin pehmeytt\u00e4. Liikkuu yhdensuuntaisesti &amp; hyv\u00e4ll\u00e4 askelpituudella. Erinomainen k\u00e4yt\u00f6s.<\/p>\n<p><a href=\"http:\/\/aquatic.fi\/wp-content\/uploads\/2012\/07\/cid_9D022C1484F64395AC702608752EA1EA@KaijaPC.png\"><img loading=\"lazy\" decoding=\"async\" class=\"alignleft size-thumbnail wp-image-1617\" src=\"http:\/\/aquatic.fi\/wp-content\/uploads\/2012\/07\/cid_9D022C1484F64395AC702608752EA1EA@KaijaPC-229x210.png\" alt=\"\" width=\"229\" height=\"210\" \/><\/a><\/p>\n<h2>M\u00e4nts\u00e4l\u00e4 21.7.2012<\/h2>\n<p>Aquatic Leonardo &#8221;Leo&#8221; AVO ERI AVK1 SA PU1 SERT VSP!<br \/>\nTuomari: Harri Lehkonen<\/p>\n<p><a href=\"http:\/\/aquatic.fi\/wp-content\/uploads\/2012\/07\/DSCN3580.jpg\"><img loading=\"lazy\" decoding=\"async\" src=\"http:\/\/aquatic.fi\/wp-content\/uploads\/2012\/07\/DSCN3580-280x210.jpg\" alt=\"\" width=\"280\" height=\"210\" \/><\/a><\/p>\n<h2>P\u00f6yty\u00e4 6.5.2012<\/h2>\n<p>Aquatic Artemis &#8221;Valo&#8221; AVO ERI AVK1 SA PN1 SERT VSP!<br \/>\nTuomari: Tuula Savolainen<\/p>\n<h2><a href=\"http:\/\/aquatic.fi\/wp-content\/uploads\/2012\/07\/Valo.jpg\"><img loading=\"lazy\" decoding=\"async\" class=\"alignnone size-thumbnail wp-image-397\" src=\"http:\/\/aquatic.fi\/wp-content\/uploads\/2012\/07\/Valo-280x210.jpg\" alt=\"\" width=\"280\" height=\"210\" \/><\/a><\/h2>\n<h2>Helsinki Tuomarinkartano 5.5.2012<\/h2>\n<p>Aquatic Lucrecia &#8221;Fanny&#8221; AVO ERI AVK1 SA PN1 SERT ROP!<br \/>\nTuomari: Raija Tammelin<\/p>\n<h2><a href=\"http:\/\/aquatic.fi\/wp-content\/uploads\/2012\/07\/Fanny-05052112.jpg\"><img decoding=\"async\" class=\"alignnone  wp-image-485\" src=\"http:\/\/aquatic.fi\/wp-content\/uploads\/2012\/07\/Fanny-05052112-280x210.jpg\" alt=\"\" \/><\/a><\/h2>\n<h2>Pyh\u00e4selk\u00e4 21.4.2012<\/h2>\n<p>Aquatic Oinomaos &#8221;Osmo&#8221; JUN ERI JUK1 SA PU1 SERT VSP<br \/>\nTuomari: Soile Bister<\/p>\n<p><a href=\"http:\/\/aquatic.fi\/wp-content\/uploads\/2012\/07\/OSMO-007_1.jpg\"><img decoding=\"async\" class=\"alignnone  wp-image-774\" src=\"http:\/\/aquatic.fi\/wp-content\/uploads\/2012\/07\/OSMO-007_1-280x210.jpg\" alt=\"\" \/><\/a><\/p>\n<h2><\/h2>\n<h2>Savitaipaleen ryhm\u00e4n\u00e4yttely 31.3.2012<\/h2>\n<p>Tuomari: Elena Ruskovaara<br \/>\nKennel Aquatic KP<br \/>\n&#8221;3 yhdistelm\u00e4\u00e4, tarpeeksi samanlaiset tyypit. Nuoret yksik\u00f6t, viel\u00e4 v\u00e4h\u00e4n kesken kehityksen. Kaikki liikkuvat reippaasti ja esitt\u00e4v\u00e4t tyypikk\u00e4\u00e4n ravin. Onnea kasvattajalle haastavan rodun parissa.&#8221;<\/p>\n<p>Kiitos vaan tuomarille onnentoivotuksista. Niit\u00e4 varmasti tarvitaan matkan varrella.<br \/>\nKiitos my\u00f6s kaikille kasvattajaryhm\u00e4n koirien omistajille. Ensiesiintyminen on joskus teht\u00e4v\u00e4!<br \/>\nRyhm\u00e4ss\u00e4 esiintyiv\u00e4t Osku, Reetta, Lizzy ja Meri. Kaikki upean mustan turkin omaavia hyv\u00e4k\u00e4yt\u00f6ksisi\u00e4 koiria.<\/p>\n<p><a title=\"(u) Olympos \u00e2\u20ac\u0153Osku\u201d\" href=\"http:\/\/aquatic.fi\/?page_id=288\">Osku<\/a><\/p>\n<p><a title=\"(n) Oreithyia \u00e2\u20ac\u0153Reetta\u201d\" href=\"http:\/\/aquatic.fi\/?page_id=292\">Reetta<\/a><\/p>\n<p><a title=\"(n) Lissette \u00e2\u20ac\u0153Lizzy\u201d\" href=\"http:\/\/aquatic.fi\/?page_id=246\">Lizzy<\/a><\/p>\n<p><a title=\"(n) Mama Cocha \u00e2\u20ac\u0153Meri\u201d\" href=\"http:\/\/aquatic.fi\/?page_id=258\">Meri<\/a><\/p>\n<h2>Korpilahti 27.3.2011<\/h2>\n<p>Aquatic Aquilo &#8221;Muffe&#8221; ERI, AVO1, SA, ROP, SERTI, MVA<br \/>\nTuomari: Elena Ruskovaara<\/p>\n<p><a href=\"http:\/\/aquatic.fi\/wp-content\/uploads\/2012\/07\/muffe10.jpg\"><img decoding=\"async\" class=\"alignnone  wp-image-775\" src=\"http:\/\/aquatic.fi\/wp-content\/uploads\/2012\/07\/muffe10-280x210.jpg\" alt=\"\" \/><\/a><\/p>\n<h2>M\u00e4ntyharju 28.8.2010<\/h2>\n<p>Aquatic Aquilo &#8221;Muffe&#8221; ERI, AVO1, AVK 1 PU1, ROP, SERTI<br \/>\nTuomari: Tuula Savolainen<\/p>\n<p><a href=\"http:\/\/aquatic.fi\/wp-content\/uploads\/2012\/07\/muffe9.jpg\"><img loading=\"lazy\" decoding=\"async\" class=\"alignnone size-thumbnail wp-image-776\" src=\"http:\/\/aquatic.fi\/wp-content\/uploads\/2012\/07\/muffe9-280x210.jpg\" alt=\"\" width=\"280\" height=\"210\" \/><\/a><\/p>\n<h2>Kuopio KV 6.8.2010<\/h2>\n<p>Aquatic Knave &#8221;Nemo&#8221; NUO ERI NUK1 PU4 SERTI<br \/>\nTuomari: Loureiro Borges Manuel<\/p>\n<p><a href=\"http:\/\/aquatic.fi\/wp-content\/uploads\/2012\/07\/nemo.jpg\"><img loading=\"lazy\" decoding=\"async\" class=\"alignnone size-thumbnail wp-image-777\" src=\"http:\/\/aquatic.fi\/wp-content\/uploads\/2012\/07\/nemo-280x210.jpg\" alt=\"\" width=\"280\" height=\"210\" \/><\/a><\/p>\n<h2>Oulu KV 11.7.2010<\/h2>\n<p>Aquatic Knave &#8221;Nemo&#8221; NUO ERI NUK1 PU1 ROP SERT CACIB<br \/>\nTuomari: Saija Juutilainen<\/p>\n<p><a href=\"http:\/\/aquatic.fi\/wp-content\/uploads\/2012\/07\/knave6.jpg\"><img loading=\"lazy\" decoding=\"async\" class=\"alignnone size-thumbnail wp-image-778\" src=\"http:\/\/aquatic.fi\/wp-content\/uploads\/2012\/07\/knave6-280x210.jpg\" alt=\"\" width=\"280\" height=\"210\" \/><\/a><\/p>\n<h2>\u00c3\u201eht\u00e4rin n\u00e4yttely 7.3.2010<\/h2>\n<p>Nuoret: Aquatic Kimie \u201dV\u00e4lkky\u201d ERI1, PN1, SERTI, VSP<br \/>\nTuomari: Harto Stockmari<\/p>\n<p><a href=\"http:\/\/aquatic.fi\/wp-content\/uploads\/2012\/07\/V\u00e4lkky-\u00c3\u201eht\u00e4riss\u00e4-07032010.jpg\"><img loading=\"lazy\" decoding=\"async\" class=\"alignnone size-thumbnail wp-image-779\" src=\"http:\/\/aquatic.fi\/wp-content\/uploads\/2012\/07\/V\u00e4lkky-\u00c3\u201eht\u00e4riss\u00e4-07032010-280x210.jpg\" alt=\"\" width=\"280\" height=\"210\" \/><\/a><\/p>\n<h2>KV Joensuu 16.8.2009<\/h2>\n<p>Nuoret:<br \/>\nCapitein of Hope &#8221;Kapu&#8221; ERI1, PU1, SERTI, CACIB, ROP<br \/>\nTuomari:Fernando Madeira Rodriques, Portugali<\/p>\n<p><a href=\"http:\/\/aquatic.fi\/wp-content\/uploads\/2012\/07\/kapu-joensuu.jpg\"><img decoding=\"async\" class=\"alignnone  wp-image-780\" src=\"http:\/\/aquatic.fi\/wp-content\/uploads\/2012\/07\/kapu-joensuu-280x210.jpg\" alt=\"\" \/><\/a><\/p>\n<h2>Hausj\u00e4rven n\u00e4yttely 4.4.2009<\/h2>\n<p>Nuoret:<br \/>\nAquatic Aquilo &#8221;Muffe&#8221; ERI1, PU1, SERTI, ROP<br \/>\nTuomari:Saija Juutilainen<\/p>\n<p><a href=\"http:\/\/aquatic.fi\/wp-content\/uploads\/2012\/07\/muffe7.jpg\"><img loading=\"lazy\" decoding=\"async\" class=\"alignnone size-thumbnail wp-image-781\" src=\"http:\/\/aquatic.fi\/wp-content\/uploads\/2012\/07\/muffe7-280x210.jpg\" alt=\"\" width=\"280\" height=\"210\" \/><\/a><\/p>\n<h2>Ilomantsin n\u00e4yttely 6.1.2009<\/h2>\n<p>Junnut:<br \/>\nCapitein of Hope &#8221;Kapu&#8221; ERI1, PU1, SERTI, ROP<br \/>\nTuomari: Elena Ruskovaara<\/p>\n<p><a href=\"http:\/\/aquatic.fi\/wp-content\/uploads\/2012\/07\/KAPU-060109.jpg\"><img loading=\"lazy\" decoding=\"async\" class=\"alignnone size-thumbnail wp-image-782\" src=\"http:\/\/aquatic.fi\/wp-content\/uploads\/2012\/07\/KAPU-060109-280x210.jpg\" alt=\"\" width=\"280\" height=\"210\" \/><\/a><\/p>\n<h2>Hyvink\u00e4\u00e4n n\u00e4yttely 20.9.2008<\/h2>\n<p>Pennut:<br \/>\nCarnival of trust &#8221;Ukko&#8221; KP, VSP<br \/>\nCarmelite of gold &#8221;Minni&#8221; KP<\/p>\n<p>Junnut:<br \/>\nAquatic Apollo &#8221;Tarmo&#8221; ERI 1, PU1, SERTI, VSP<br \/>\nAquatic Aquilo &#8221;Muffe&#8221; ERI 2, PU2, VARASERTI<\/p>\n<p>Tuomari: Saija Juutilainen<\/p>\n<p><a href=\"http:\/\/aquatic.fi\/wp-content\/uploads\/2012\/07\/HYVINK\u00c3\u201e\u00c3\u201e-20.09.2008.jpg\"><img decoding=\"async\" class=\"alignnone  wp-image-783\" src=\"http:\/\/aquatic.fi\/wp-content\/uploads\/2012\/07\/HYVINK\u00c3\u201e\u00c3\u201e-20.09.2008-280x210.jpg\" alt=\"\" \/><\/a><\/p>\n","protected":false},"excerpt":{"rendered":"<p>N\u00e4yttelyt Jyv\u00e4skyl\u00e4 17.3.2024 Aquatic Gertrude &#8221;Iitu&#8221; PEK2 KP Tuomari: Eerola Tapio 7 kk. Eritt\u00e4in hyv\u00e4 tyyppi. Ik\u00e4isekseen normaalisti kehittynyt. Lupaava p\u00e4\u00e4. Silm\u00e4t, korvat &amp; purenta ok. Hyv\u00e4 rintakeh\u00e4n ja raajojen vahvuus. Moitteettomat kulmaukset. Hyv\u00e4 turkki. Liikkuu hyvin, pitk\u00e4t askeleet. Reipas k\u00e4yt\u00f6s. Riihim\u00e4ki KV 3.9.2023 Aquatic Lainefriidu &#8221;Isla&#8221; AVO EH 3 Tuomari: Poletaeva Irina Eritt\u00e4in hyv\u00e4 [&hellip;]<\/p>\n","protected":false},"author":1,"featured_media":0,"parent":83,"menu_order":0,"comment_status":"closed","ping_status":"closed","template":"alasivuja.php","meta":{"footnotes":""},"class_list":["post-773","page","type-page","status-publish","hentry"],"_links":{"self":[{"href":"https:\/\/aquatic.fi\/index.php?rest_route=\/wp\/v2\/pages\/773","targetHints":{"allow":["GET"]}}],"collection":[{"href":"https:\/\/aquatic.fi\/index.php?rest_route=\/wp\/v2\/pages"}],"about":[{"href":"https:\/\/aquatic.fi\/index.php?rest_route=\/wp\/v2\/types\/page"}],"author":[{"embeddable":true,"href":"https:\/\/aquatic.fi\/index.php?rest_route=\/wp\/v2\/users\/1"}],"replies":[{"embeddable":true,"href":"https:\/\/aquatic.fi\/index.php?rest_route=%2Fwp%2Fv2%2Fcomments&post=773"}],"version-history":[{"count":63,"href":"https:\/\/aquatic.fi\/index.php?rest_route=\/wp\/v2\/pages\/773\/revisions"}],"predecessor-version":[{"id":4708,"href":"https:\/\/aquatic.fi\/index.php?rest_route=\/wp\/v2\/pages\/773\/revisions\/4708"}],"up":[{"embeddable":true,"href":"https:\/\/aquatic.fi\/index.php?rest_route=\/wp\/v2\/pages\/83"}],"wp:attachment":[{"href":"https:\/\/aquatic.fi\/index.php?rest_route=%2Fwp%2Fv2%2Fmedia&parent=773"}],"curies":[{"name":"wp","href":"https:\/\/api.w.org\/{rel}","templated":true}]}}