{"id":804,"date":"2012-07-28T16:42:31","date_gmt":"2012-07-28T13:42:31","guid":{"rendered":"http:\/\/aquatic.fi:8080\/?page_id=804"},"modified":"2020-02-17T20:23:37","modified_gmt":"2020-02-17T20:23:37","slug":"2009-kohokohdat","status":"publish","type":"page","link":"https:\/\/aquatic.fi\/?page_id=804","title":{"rendered":"2009 kohokohdat"},"content":{"rendered":"<h1>2009 kohokohdat<\/h1>\n<p>Kiitos kuluneesta vuodesta 2009. Paljon on tapahtunut ja ilman koiria ja teit\u00e4 ihania ihmisi\u00e4 el\u00e4m\u00e4mme olisi paljon k\u00f6yhemp\u00e4\u00e4. N\u00e4yttelyiss\u00e4 on tullut menestyst\u00e4. Lamppu-heppa on parantunut ja taas t\u00e4ydess\u00e4 iskussa. Jo tuo hulvattomalla temperamentillaan iloa kaikille. Odotamme innolla vuotta 2010.<\/p>\n<p><a href=\"http:\/\/aquatic.fi\/wp-content\/uploads\/2012\/07\/Jo1.jpg\"><img decoding=\"async\" class=\" wp-image-805 alignnone\" title=\"Jo1\" src=\"http:\/\/aquatic.fi\/wp-content\/uploads\/2012\/07\/Jo1-280x210.jpg\" alt=\"\" \/><\/a><\/p>\n<div id=\"attachment_806\" style=\"width: 290px\" class=\"wp-caption alignnone\"><a href=\"http:\/\/aquatic.fi\/wp-content\/uploads\/2012\/07\/20-Muffe-kunnostautui-agilitykisoissa-voittaen-maxiluokan.jpg\"><img loading=\"lazy\" decoding=\"async\" aria-describedby=\"caption-attachment-806\" class=\"size-thumbnail wp-image-806 \" title=\"20 Muffe kunnostautui agilitykisoissa voittaen maxiluokan\" src=\"http:\/\/aquatic.fi\/wp-content\/uploads\/2012\/07\/20-Muffe-kunnostautui-agilitykisoissa-voittaen-maxiluokan-280x210.jpg\" alt=\"\" width=\"280\" height=\"210\" \/><\/a><p id=\"caption-attachment-806\" class=\"wp-caption-text\">Muffe kunnostautui agilitykisoissa voittaen maxiluokan.<\/p><\/div>\n<div id=\"attachment_807\" style=\"width: 290px\" class=\"wp-caption alignnone\"><a href=\"http:\/\/aquatic.fi\/wp-content\/uploads\/2012\/07\/Romi-Nappi-Valo-Jo-Kiara.jpg\"><img loading=\"lazy\" decoding=\"async\" aria-describedby=\"caption-attachment-807\" class=\"size-thumbnail wp-image-807 \" title=\"Romi Nappi Valo Jo Kiara\" src=\"http:\/\/aquatic.fi\/wp-content\/uploads\/2012\/07\/Romi-Nappi-Valo-Jo-Kiara-280x210.jpg\" alt=\"\" width=\"280\" height=\"210\" \/><\/a><p id=\"caption-attachment-807\" class=\"wp-caption-text\">Viikonloppuvieraita marraskuussa: Romi, Nappi, Valo, Jo ja Kiara.<\/p><\/div>\n<div id=\"attachment_808\" style=\"width: 290px\" class=\"wp-caption alignnone\"><a href=\"http:\/\/aquatic.fi\/wp-content\/uploads\/2012\/07\/harrastukset20.jpg\"><img loading=\"lazy\" decoding=\"async\" aria-describedby=\"caption-attachment-808\" class=\"size-thumbnail wp-image-808 \" title=\"harrastukset20\" src=\"http:\/\/aquatic.fi\/wp-content\/uploads\/2012\/07\/harrastukset20-280x210.jpg\" alt=\"\" width=\"280\" height=\"210\" \/><\/a><p id=\"caption-attachment-808\" class=\"wp-caption-text\">Paikallinen Jazu Santorinilla lokakuussa 2009.<\/p><\/div>\n<p>&nbsp;<\/p>\n<div id=\"attachment_809\" style=\"width: 290px\" class=\"wp-caption alignnone\"><a href=\"http:\/\/aquatic.fi\/wp-content\/uploads\/2012\/07\/17-Jazu-Jo-ja-Marko-270909.jpg\"><img loading=\"lazy\" decoding=\"async\" aria-describedby=\"caption-attachment-809\" class=\"size-thumbnail wp-image-809 \" title=\"17 Jazu Jo ja Marko 270909\" src=\"http:\/\/aquatic.fi\/wp-content\/uploads\/2012\/07\/17-Jazu-Jo-ja-Marko-270909-280x210.jpg\" alt=\"\" width=\"280\" height=\"210\" \/><\/a><p id=\"caption-attachment-809\" class=\"wp-caption-text\">Jazu, Jo ja Marko 27.09.2009.<\/p><\/div>\n<div id=\"attachment_810\" style=\"width: 290px\" class=\"wp-caption alignnone\"><a href=\"http:\/\/aquatic.fi\/wp-content\/uploads\/2012\/07\/16-syysp\u00e4iv\u00e4t-Sappeella-26.9.2009.jpg\"><img loading=\"lazy\" decoding=\"async\" aria-describedby=\"caption-attachment-810\" class=\"size-thumbnail wp-image-810 \" title=\"16 syysp\u00e4iv\u00e4t Sappeella 26.9.2009\" src=\"http:\/\/aquatic.fi\/wp-content\/uploads\/2012\/07\/16-syysp\u00e4iv\u00e4t-Sappeella-26.9.2009-280x210.jpg\" alt=\"\" width=\"280\" height=\"210\" \/><\/a><p id=\"caption-attachment-810\" class=\"wp-caption-text\">Syysp\u00e4iv\u00e4t Sappeella 26.9.2009.<\/p><\/div>\n<div id=\"attachment_811\" style=\"width: 290px\" class=\"wp-caption alignnone\"><a href=\"http:\/\/aquatic.fi\/wp-content\/uploads\/2012\/07\/15-Ukko-verij\u00e4ljell\u00e4-26.9.2009.jpg\"><img loading=\"lazy\" decoding=\"async\" aria-describedby=\"caption-attachment-811\" class=\"size-thumbnail wp-image-811 \" title=\"15 Ukko verij\u00e4ljell\u00e4 26.9.2009\" src=\"http:\/\/aquatic.fi\/wp-content\/uploads\/2012\/07\/15-Ukko-verij\u00e4ljell\u00e4-26.9.2009-280x210.jpg\" alt=\"\" width=\"280\" height=\"210\" \/><\/a><p id=\"caption-attachment-811\" class=\"wp-caption-text\">Ukko verij\u00e4ljell\u00e4 26.9.2009.<\/p><\/div>\n<div id=\"attachment_812\" style=\"width: 290px\" class=\"wp-caption alignnone\"><a href=\"http:\/\/aquatic.fi\/wp-content\/uploads\/2012\/07\/Hyvink\u00e4\u00e4n-n\u00e4yttely-20.9.09.jpg\"><img loading=\"lazy\" decoding=\"async\" aria-describedby=\"caption-attachment-812\" class=\"size-thumbnail wp-image-812 \" title=\"Hyvink\u00e4\u00e4n n\u00e4yttely 20.9.09\" src=\"http:\/\/aquatic.fi\/wp-content\/uploads\/2012\/07\/Hyvink\u00e4\u00e4n-n\u00e4yttely-20.9.09-280x210.jpg\" alt=\"\" width=\"280\" height=\"210\" \/><\/a><p id=\"caption-attachment-812\" class=\"wp-caption-text\">Hyvink\u00e4\u00e4n n\u00e4yttely 20.9.2009 V\u00e4lkky ja Tarmo EH Minni ERI ja vieraileva t\u00e4hti Netta ERI.<\/p><\/div>\n<p><a href=\"http:\/\/aquatic.fi\/wp-content\/uploads\/2012\/07\/Sappeella-09-2009.jpg\"><img decoding=\"async\" class=\" wp-image-813 alignnone\" title=\"Sappeella 09-2009\" src=\"http:\/\/aquatic.fi\/wp-content\/uploads\/2012\/07\/Sappeella-09-2009-280x210.jpg\" alt=\"\" \/><\/a><\/p>\n<p><a href=\"http:\/\/aquatic.fi\/wp-content\/uploads\/2012\/07\/Kiara-Jo-Jazu-30082009.jpg\"><img decoding=\"async\" class=\" wp-image-498 alignnone\" title=\"Kiara Jo Jazu 30082009\" src=\"http:\/\/aquatic.fi\/wp-content\/uploads\/2012\/07\/Kiara-Jo-Jazu-30082009-280x210.jpg\" alt=\"\" \/><\/a><\/p>\n<div id=\"attachment_814\" style=\"width: 290px\" class=\"wp-caption alignnone\"><a href=\"http:\/\/aquatic.fi\/wp-content\/uploads\/2012\/07\/Lampun-tutkimukset-07-2009.jpg\"><img loading=\"lazy\" decoding=\"async\" aria-describedby=\"caption-attachment-814\" class=\"size-thumbnail wp-image-814 \" title=\"Lampun tutkimukset 07-2009\" src=\"http:\/\/aquatic.fi\/wp-content\/uploads\/2012\/07\/Lampun-tutkimukset-07-2009-280x210.jpg\" alt=\"\" width=\"280\" height=\"210\" \/><\/a><p id=\"caption-attachment-814\" class=\"wp-caption-text\">Jostain vakavasta t\u00e4ss\u00e4 on kyse&#8230;Lampun tutkimukset hein\u00e4kuussa 2009.<\/p><\/div>\n<div id=\"attachment_815\" style=\"width: 290px\" class=\"wp-caption alignnone\"><a href=\"http:\/\/aquatic.fi\/wp-content\/uploads\/2012\/07\/Hypp\u00e4isink\u00f6-tuonne.jpg\"><img loading=\"lazy\" decoding=\"async\" aria-describedby=\"caption-attachment-815\" class=\"size-thumbnail wp-image-815 \" title=\"Hypp\u00e4isink\u00f6 tuonne\" src=\"http:\/\/aquatic.fi\/wp-content\/uploads\/2012\/07\/Hypp\u00e4isink\u00f6-tuonne-280x210.jpg\" alt=\"\" width=\"280\" height=\"210\" \/><\/a><p id=\"caption-attachment-815\" class=\"wp-caption-text\">Hypp\u00e4isink\u00f6 tuonne?<\/p><\/div>\n<p>&nbsp;<\/p>\n<div id=\"attachment_817\" style=\"width: 290px\" class=\"wp-caption alignnone\"><a href=\"http:\/\/aquatic.fi\/wp-content\/uploads\/2012\/07\/Laitumelle.jpg\"><img loading=\"lazy\" decoding=\"async\" aria-describedby=\"caption-attachment-817\" class=\"size-thumbnail wp-image-817 \" title=\"Laitumelle\" src=\"http:\/\/aquatic.fi\/wp-content\/uploads\/2012\/07\/Laitumelle-280x210.jpg\" alt=\"\" width=\"280\" height=\"210\" \/><\/a><p id=\"caption-attachment-817\" class=\"wp-caption-text\">P\u00e4\u00e4stiin lopulta laitumelle!<\/p><\/div>\n<div id=\"attachment_462\" style=\"width: 290px\" class=\"wp-caption alignnone\"><a href=\"http:\/\/aquatic.fi\/wp-content\/uploads\/2012\/07\/kiara2.jpg\"><img loading=\"lazy\" decoding=\"async\" aria-describedby=\"caption-attachment-462\" class=\"size-thumbnail wp-image-462 \" title=\"kiara2\" src=\"http:\/\/aquatic.fi\/wp-content\/uploads\/2012\/07\/kiara2-280x210.jpg\" alt=\"\" width=\"280\" height=\"210\" \/><\/a><p id=\"caption-attachment-462\" class=\"wp-caption-text\">Kiara 16.5.2009<\/p><\/div>\n<div id=\"attachment_818\" style=\"width: 290px\" class=\"wp-caption alignnone\"><a href=\"http:\/\/aquatic.fi\/wp-content\/uploads\/2012\/07\/Huhtikuinen-kohtaaminen.jpg\"><img loading=\"lazy\" decoding=\"async\" aria-describedby=\"caption-attachment-818\" class=\"size-thumbnail wp-image-818 \" title=\"Huhtikuinen kohtaaminen\" src=\"http:\/\/aquatic.fi\/wp-content\/uploads\/2012\/07\/Huhtikuinen-kohtaaminen-280x210.jpg\" alt=\"\" width=\"280\" height=\"210\" \/><\/a><p id=\"caption-attachment-818\" class=\"wp-caption-text\">Huhtikuinen kohtaaminen<\/p><\/div>\n<p><a href=\"http:\/\/aquatic.fi\/wp-content\/uploads\/2012\/07\/harrastukset9.jpg\"><img decoding=\"async\" class=\" wp-image-819 alignnone\" title=\"Muffe harkoissa\" src=\"http:\/\/aquatic.fi\/wp-content\/uploads\/2012\/07\/harrastukset9.jpg\" alt=\"\" \/><\/a><\/p>\n<div id=\"attachment_820\" style=\"width: 141px\" class=\"wp-caption alignnone\"><a href=\"http:\/\/aquatic.fi\/wp-content\/uploads\/2012\/07\/harrastukset8.jpg\"><img loading=\"lazy\" decoding=\"async\" aria-describedby=\"caption-attachment-820\" class=\"size-full wp-image-820 \" title=\"harrastukset8\" src=\"http:\/\/aquatic.fi\/wp-content\/uploads\/2012\/07\/harrastukset8.jpg\" alt=\"\" width=\"131\" height=\"98\" \/><\/a><p id=\"caption-attachment-820\" class=\"wp-caption-text\">Kalla, Romi, Kiara, Muffe, Minni, Tarmo ja Ukko agilitykurssin p\u00e4\u00e4t\u00f6sp\u00e4iv\u00e4n\u00e4 24.4.2009.<\/p><\/div>\n<div id=\"attachment_821\" style=\"width: 290px\" class=\"wp-caption alignnone\"><a href=\"http:\/\/aquatic.fi\/wp-content\/uploads\/2012\/07\/Romi-ja-Kalla.jpg\"><img loading=\"lazy\" decoding=\"async\" aria-describedby=\"caption-attachment-821\" class=\"size-thumbnail wp-image-821 \" title=\"Romi ja Kalla\" src=\"http:\/\/aquatic.fi\/wp-content\/uploads\/2012\/07\/Romi-ja-Kalla-280x210.jpg\" alt=\"\" width=\"280\" height=\"210\" \/><\/a><p id=\"caption-attachment-821\" class=\"wp-caption-text\">Romi ja Kalla haistelevat kev\u00e4tt\u00e4.<\/p><\/div>\n<p><a href=\"http:\/\/aquatic.fi\/wp-content\/uploads\/2012\/07\/Kinnulan-n\u00e4yttely-5.4.09.jpg\"><img decoding=\"async\" class=\" wp-image-756 alignnone\" title=\"Kinnulan n\u00e4yttely 5.4.09\" src=\"http:\/\/aquatic.fi\/wp-content\/uploads\/2012\/07\/Kinnulan-n\u00e4yttely-5.4.09-280x210.jpg\" alt=\"\" \/><\/a><\/p>\n<p><a href=\"http:\/\/aquatic.fi\/wp-content\/uploads\/2012\/07\/Pentukoulutus.jpg\"><img decoding=\"async\" class=\" wp-image-822 alignnone\" title=\"OLYMPUS DIGITAL CAMERA\" src=\"http:\/\/aquatic.fi\/wp-content\/uploads\/2012\/07\/Pentukoulutus-280x210.jpg\" alt=\"\" \/><\/a><\/p>\n<p><a href=\"http:\/\/aquatic.fi\/wp-content\/uploads\/2012\/07\/Nemo-ja-linnunsiipi-02-09.jpg\"><img decoding=\"async\" class=\" wp-image-823 alignnone\" title=\"Nemo ja linnunsiipi 02-09\" src=\"http:\/\/aquatic.fi\/wp-content\/uploads\/2012\/07\/Nemo-ja-linnunsiipi-02-09-280x210.jpg\" alt=\"\" \/><\/a><\/p>\n<p><a href=\"http:\/\/aquatic.fi\/wp-content\/uploads\/2012\/07\/Marko-ja-Ransu-17.2.2009.jpg\"><img decoding=\"async\" class=\" wp-image-824 alignnone\" title=\"Marko ja Ransu 17.2.2009\" src=\"http:\/\/aquatic.fi\/wp-content\/uploads\/2012\/07\/Marko-ja-Ransu-17.2.2009-280x210.jpg\" alt=\"\" \/><\/a><\/p>\n<p><a href=\"http:\/\/aquatic.fi\/wp-content\/uploads\/2012\/07\/Helmikuun-h\u00e4m\u00e4r\u00e4-hetki-Kinnulassa.jpg\"><img decoding=\"async\" class=\" wp-image-826 alignnone\" title=\"Helmikuun h\u00e4m\u00e4r\u00e4 hetki Kinnulassa\" src=\"http:\/\/aquatic.fi\/wp-content\/uploads\/2012\/07\/Helmikuun-h\u00e4m\u00e4r\u00e4-hetki-Kinnulassa-280x210.jpg\" alt=\"\" \/><\/a><\/p>\n<div id=\"attachment_827\" style=\"width: 290px\" class=\"wp-caption alignnone\"><a href=\"http:\/\/aquatic.fi\/wp-content\/uploads\/2012\/07\/Lamppu-ja-Marko-edistyv\u00e4t-01-09.jpg\"><img loading=\"lazy\" decoding=\"async\" aria-describedby=\"caption-attachment-827\" class=\"size-thumbnail wp-image-827 \" title=\"Lamppu ja Marko edistyv\u00e4t 01-09\" src=\"http:\/\/aquatic.fi\/wp-content\/uploads\/2012\/07\/Lamppu-ja-Marko-edistyv\u00e4t-01-09-280x210.jpg\" alt=\"\" width=\"280\" height=\"210\" \/><\/a><p id=\"caption-attachment-827\" class=\"wp-caption-text\">Lamppu ja Marko edistyv\u00e4t tammikuussa 2009.<\/p><\/div>\n","protected":false},"excerpt":{"rendered":"<p>2009 kohokohdat Kiitos kuluneesta vuodesta 2009. Paljon on tapahtunut ja ilman koiria ja teit\u00e4 ihania ihmisi\u00e4 el\u00e4m\u00e4mme olisi paljon k\u00f6yhemp\u00e4\u00e4. N\u00e4yttelyiss\u00e4 on tullut menestyst\u00e4. Lamppu-heppa on parantunut ja taas t\u00e4ydess\u00e4 iskussa. Jo tuo hulvattomalla temperamentillaan iloa kaikille. Odotamme innolla vuotta 2010. &nbsp; &nbsp;<\/p>\n","protected":false},"author":1,"featured_media":0,"parent":83,"menu_order":0,"comment_status":"closed","ping_status":"open","template":"alasivuja.php","meta":{"footnotes":""},"class_list":["post-804","page","type-page","status-publish","hentry"],"_links":{"self":[{"href":"https:\/\/aquatic.fi\/index.php?rest_route=\/wp\/v2\/pages\/804","targetHints":{"allow":["GET"]}}],"collection":[{"href":"https:\/\/aquatic.fi\/index.php?rest_route=\/wp\/v2\/pages"}],"about":[{"href":"https:\/\/aquatic.fi\/index.php?rest_route=\/wp\/v2\/types\/page"}],"author":[{"embeddable":true,"href":"https:\/\/aquatic.fi\/index.php?rest_route=\/wp\/v2\/users\/1"}],"replies":[{"embeddable":true,"href":"https:\/\/aquatic.fi\/index.php?rest_route=%2Fwp%2Fv2%2Fcomments&post=804"}],"version-history":[{"count":11,"href":"https:\/\/aquatic.fi\/index.php?rest_route=\/wp\/v2\/pages\/804\/revisions"}],"predecessor-version":[{"id":3434,"href":"https:\/\/aquatic.fi\/index.php?rest_route=\/wp\/v2\/pages\/804\/revisions\/3434"}],"up":[{"embeddable":true,"href":"https:\/\/aquatic.fi\/index.php?rest_route=\/wp\/v2\/pages\/83"}],"wp:attachment":[{"href":"https:\/\/aquatic.fi\/index.php?rest_route=%2Fwp%2Fv2%2Fmedia&parent=804"}],"curies":[{"name":"wp","href":"https:\/\/api.w.org\/{rel}","templated":true}]}}