{"id":835,"date":"2012-07-28T16:54:42","date_gmt":"2012-07-28T13:54:42","guid":{"rendered":"http:\/\/aquatic.fi:8080\/?page_id=835"},"modified":"2020-02-17T20:23:37","modified_gmt":"2020-02-17T20:23:37","slug":"2010-kohokohdat","status":"publish","type":"page","link":"https:\/\/aquatic.fi\/?page_id=835","title":{"rendered":"2010 kohokohdat"},"content":{"rendered":"<h1>2010 kohokohdat<\/h1>\n<div id=\"attachment_839\" style=\"width: 290px\" class=\"wp-caption alignnone\"><a href=\"http:\/\/aquatic.fi\/wp-content\/uploads\/2012\/07\/20108.jpg\"><img loading=\"lazy\" decoding=\"async\" aria-describedby=\"caption-attachment-839\" class=\"size-thumbnail wp-image-839 \" title=\"20108\" src=\"http:\/\/aquatic.fi\/wp-content\/uploads\/2012\/07\/20108-280x210.jpg\" alt=\"\" width=\"280\" height=\"210\" \/><\/a><p id=\"caption-attachment-839\" class=\"wp-caption-text\">Marko 12 v. hoitaa hyvin kolme perroa; joku tulee&#8230;<\/p><\/div>\n<div id=\"attachment_838\" style=\"width: 290px\" class=\"wp-caption alignnone\"><a href=\"http:\/\/aquatic.fi\/wp-content\/uploads\/2012\/07\/201010.jpg\"><img loading=\"lazy\" decoding=\"async\" aria-describedby=\"caption-attachment-838\" class=\"size-thumbnail wp-image-838 \" title=\"201010\" src=\"http:\/\/aquatic.fi\/wp-content\/uploads\/2012\/07\/201010-280x210.jpg\" alt=\"\" width=\"280\" height=\"210\" \/><\/a><p id=\"caption-attachment-838\" class=\"wp-caption-text\">Naapuri tuli koirineen&#8230;<\/p><\/div>\n<p>&nbsp;<\/p>\n<div id=\"attachment_837\" style=\"width: 290px\" class=\"wp-caption alignnone\"><a href=\"http:\/\/aquatic.fi\/wp-content\/uploads\/2012\/07\/20109.jpg\"><img loading=\"lazy\" decoding=\"async\" aria-describedby=\"caption-attachment-837\" class=\"size-thumbnail wp-image-837 \" title=\"20109\" src=\"http:\/\/aquatic.fi\/wp-content\/uploads\/2012\/07\/20109-280x210.jpg\" alt=\"\" width=\"280\" height=\"210\" \/><\/a><p id=\"caption-attachment-837\" class=\"wp-caption-text\">Romi lipsuu ja tulee mamman luo&#8230;<\/p><\/div>\n<p><a href=\"http:\/\/aquatic.fi\/wp-content\/uploads\/2012\/07\/201011.jpg\"><img decoding=\"async\" class=\" wp-image-836 alignnone\" title=\"201011\" src=\"http:\/\/aquatic.fi\/wp-content\/uploads\/2012\/07\/201011-280x210.jpg\" alt=\"\" \/><\/a><\/p>\n<div id=\"attachment_840\" style=\"width: 290px\" class=\"wp-caption alignnone\"><a href=\"http:\/\/aquatic.fi\/wp-content\/uploads\/2012\/07\/20107.jpg\"><img loading=\"lazy\" decoding=\"async\" aria-describedby=\"caption-attachment-840\" class=\"size-thumbnail wp-image-840 \" title=\"20107\" src=\"http:\/\/aquatic.fi\/wp-content\/uploads\/2012\/07\/20107-280x210.jpg\" alt=\"\" width=\"280\" height=\"210\" \/><\/a><p id=\"caption-attachment-840\" class=\"wp-caption-text\">Pentukurssi ja yhdess\u00e4oloa 5.8.2010. Koiria nelj\u00e4st\u00e4 eri kennelist\u00e4.<\/p><\/div>\n<p><a href=\"http:\/\/aquatic.fi\/wp-content\/uploads\/2012\/07\/Kalla-ja-V\u00e4lkky-terveystutkimuksissa-06-10.jpg\"><img decoding=\"async\" class=\" wp-image-841 alignnone\" title=\"Kalla ja V\u00e4lkky terveystutkimuksissa 06-10\" src=\"http:\/\/aquatic.fi\/wp-content\/uploads\/2012\/07\/Kalla-ja-V\u00e4lkky-terveystutkimuksissa-06-10-280x210.jpg\" alt=\"\" \/><\/a><\/p>\n<p>Kalla: silm\u00e4peilaus ok, kilpirauhanen T4 33,3 TSH 0,07 T4\/TSH 475,7 TGA negatiivinen, lonkat B-A, kyyn\u00e4r\u00e4t 0-0, Optigen A<\/p>\n<p>V\u00e4lkky silm\u00e4peilaus ok, kilpirauhanen T4 37,2 TSH 0,08 T4\/TSH 465 TGA negatiivinen, lonkat A-A, kyyn\u00e4r\u00e4t 0-0, Optigen A<\/p>\n<p><a href=\"http:\/\/aquatic.fi\/wp-content\/uploads\/2012\/07\/20105.jpg\"><img decoding=\"async\" class=\"alignnone  wp-image-842\" title=\"20105\" src=\"http:\/\/aquatic.fi\/wp-content\/uploads\/2012\/07\/20105-280x210.jpg\" alt=\"\" \/><\/a><\/p>\n<div id=\"attachment_843\" style=\"width: 290px\" class=\"wp-caption alignnone\"><a href=\"http:\/\/aquatic.fi\/wp-content\/uploads\/2012\/07\/20104.jpg\"><img loading=\"lazy\" decoding=\"async\" aria-describedby=\"caption-attachment-843\" class=\"size-thumbnail wp-image-843 \" title=\"20104\" src=\"http:\/\/aquatic.fi\/wp-content\/uploads\/2012\/07\/20104-280x210.jpg\" alt=\"\" width=\"280\" height=\"210\" \/><\/a><p id=\"caption-attachment-843\" class=\"wp-caption-text\">Huhtikuussa hartaasti odotetut pennut<\/p><\/div>\n<div id=\"attachment_844\" style=\"width: 290px\" class=\"wp-caption alignnone\"><a href=\"http:\/\/aquatic.fi\/wp-content\/uploads\/2012\/07\/Tutustuimme-upeaan-ja-tottelevaiseen-Ossiin...unelmasulhanen.jpg\"><img loading=\"lazy\" decoding=\"async\" aria-describedby=\"caption-attachment-844\" class=\"size-thumbnail wp-image-844 \" title=\"Ossi\" src=\"http:\/\/aquatic.fi\/wp-content\/uploads\/2012\/07\/Tutustuimme-upeaan-ja-tottelevaiseen-Ossiin...unelmasulhanen-280x210.jpg\" alt=\"\" width=\"280\" height=\"210\" \/><\/a><p id=\"caption-attachment-844\" class=\"wp-caption-text\">Tutustuimme upeaan ja tottelevaiseen Ossiin&#8230;unelmasulhanen.<\/p><\/div>\n<div id=\"attachment_845\" style=\"width: 290px\" class=\"wp-caption alignnone\"><a href=\"http:\/\/aquatic.fi\/wp-content\/uploads\/2012\/07\/20102.jpg\"><img loading=\"lazy\" decoding=\"async\" aria-describedby=\"caption-attachment-845\" class=\"size-thumbnail wp-image-845 \" title=\"20102\" src=\"http:\/\/aquatic.fi\/wp-content\/uploads\/2012\/07\/20102-280x210.jpg\" alt=\"\" width=\"280\" height=\"210\" \/><\/a><p id=\"caption-attachment-845\" class=\"wp-caption-text\">Suvun naiset juhlivat helmikuussa.<\/p><\/div>\n<div id=\"attachment_846\" style=\"width: 290px\" class=\"wp-caption alignnone\"><a href=\"http:\/\/aquatic.fi\/wp-content\/uploads\/2012\/07\/Lunta-riitti-02-10.jpg\"><img loading=\"lazy\" decoding=\"async\" aria-describedby=\"caption-attachment-846\" class=\"size-thumbnail wp-image-846 \" title=\"Lunta riitti 02-10\" src=\"http:\/\/aquatic.fi\/wp-content\/uploads\/2012\/07\/Lunta-riitti-02-10-280x210.jpg\" alt=\"\" width=\"280\" height=\"210\" \/><\/a><p id=\"caption-attachment-846\" class=\"wp-caption-text\">Lunta riitti helmikuussa 2010.<\/p><\/div>\n","protected":false},"excerpt":{"rendered":"<p>2010 kohokohdat &nbsp; Kalla: silm\u00e4peilaus ok, kilpirauhanen T4 33,3 TSH 0,07 T4\/TSH 475,7 TGA negatiivinen, lonkat B-A, kyyn\u00e4r\u00e4t 0-0, Optigen A V\u00e4lkky silm\u00e4peilaus ok, kilpirauhanen T4 37,2 TSH 0,08 T4\/TSH 465 TGA negatiivinen, lonkat A-A, kyyn\u00e4r\u00e4t 0-0, Optigen A<\/p>\n","protected":false},"author":1,"featured_media":0,"parent":83,"menu_order":0,"comment_status":"closed","ping_status":"closed","template":"alasivuja.php","meta":{"footnotes":""},"class_list":["post-835","page","type-page","status-publish","hentry"],"_links":{"self":[{"href":"https:\/\/aquatic.fi\/index.php?rest_route=\/wp\/v2\/pages\/835","targetHints":{"allow":["GET"]}}],"collection":[{"href":"https:\/\/aquatic.fi\/index.php?rest_route=\/wp\/v2\/pages"}],"about":[{"href":"https:\/\/aquatic.fi\/index.php?rest_route=\/wp\/v2\/types\/page"}],"author":[{"embeddable":true,"href":"https:\/\/aquatic.fi\/index.php?rest_route=\/wp\/v2\/users\/1"}],"replies":[{"embeddable":true,"href":"https:\/\/aquatic.fi\/index.php?rest_route=%2Fwp%2Fv2%2Fcomments&post=835"}],"version-history":[{"count":8,"href":"https:\/\/aquatic.fi\/index.php?rest_route=\/wp\/v2\/pages\/835\/revisions"}],"predecessor-version":[{"id":3435,"href":"https:\/\/aquatic.fi\/index.php?rest_route=\/wp\/v2\/pages\/835\/revisions\/3435"}],"up":[{"embeddable":true,"href":"https:\/\/aquatic.fi\/index.php?rest_route=\/wp\/v2\/pages\/83"}],"wp:attachment":[{"href":"https:\/\/aquatic.fi\/index.php?rest_route=%2Fwp%2Fv2%2Fmedia&parent=835"}],"curies":[{"name":"wp","href":"https:\/\/api.w.org\/{rel}","templated":true}]}}