{"id":852,"date":"2012-07-28T17:19:44","date_gmt":"2012-07-28T14:19:44","guid":{"rendered":"http:\/\/aquatic.fi:8080\/?page_id=852"},"modified":"2020-02-17T20:23:37","modified_gmt":"2020-02-17T20:23:37","slug":"2011-kohokohdat","status":"publish","type":"page","link":"https:\/\/aquatic.fi\/?page_id=852","title":{"rendered":"2011 kohokohdat"},"content":{"rendered":"<h1>2011 kohokohdat<\/h1>\n<p><a href=\"http:\/\/aquatic.fi\/wp-content\/uploads\/2012\/07\/Hetja-0411.jpg\"><img decoding=\"async\" class=\" wp-image-853 alignnone\" title=\"Hetja 0411\" src=\"http:\/\/aquatic.fi\/wp-content\/uploads\/2012\/07\/Hetja-0411-280x210.jpg\" alt=\"\" \/><\/a><\/p>\n<p><a href=\"http:\/\/aquatic.fi\/wp-content\/uploads\/2012\/07\/pentutapaaminen2011.jpg\"><img decoding=\"async\" class=\" wp-image-854 alignnone\" title=\"pentutapaaminen2011\" src=\"http:\/\/aquatic.fi\/wp-content\/uploads\/2012\/07\/pentutapaaminen2011-280x210.jpg\" alt=\"\" \/><\/a><\/p>\n<div id=\"attachment_855\" style=\"width: 290px\" class=\"wp-caption alignnone\"><a href=\"http:\/\/aquatic.fi\/wp-content\/uploads\/2012\/07\/hein\u00e4kuu2011.jpg\"><img loading=\"lazy\" decoding=\"async\" aria-describedby=\"caption-attachment-855\" class=\"size-thumbnail wp-image-855 \" title=\"hein\u00e4kuu2011\" src=\"http:\/\/aquatic.fi\/wp-content\/uploads\/2012\/07\/hein\u00e4kuu2011-280x210.jpg\" alt=\"\" width=\"280\" height=\"210\" \/><\/a><p id=\"caption-attachment-855\" class=\"wp-caption-text\">Minni ja Millis starttasivat viralliset agilitykisat ja heti kaksi nollarataa;<br \/>toinen ja seitsem\u00e4s sija &#8211; Onnea!<\/p><\/div>\n<p><a href=\"http:\/\/aquatic.fi\/wp-content\/uploads\/2012\/07\/juhannus2011.jpg\"><img decoding=\"async\" class=\" wp-image-856 alignnone\" title=\"juhannus2011\" src=\"http:\/\/aquatic.fi\/wp-content\/uploads\/2012\/07\/juhannus2011-280x210.jpg\" alt=\"\" \/><\/a><\/p>\n<p>&nbsp;<\/p>\n<p>&nbsp;<\/p>\n<div id=\"attachment_857\" style=\"width: 290px\" class=\"wp-caption alignnone\"><a href=\"http:\/\/aquatic.fi\/wp-content\/uploads\/2012\/07\/Kyt\u00e4j\u00e4n-kartanon-issikkavaellus-ty\u00f6porukalla-23.5.2011.jpg\"><img loading=\"lazy\" decoding=\"async\" aria-describedby=\"caption-attachment-857\" class=\"size-thumbnail wp-image-857 \" title=\"Kyt\u00e4j\u00e4n kartanon issikkavaellus ty\u00f6porukalla 23.5.2011\" src=\"http:\/\/aquatic.fi\/wp-content\/uploads\/2012\/07\/Kyt\u00e4j\u00e4n-kartanon-issikkavaellus-ty\u00f6porukalla-23.5.2011-280x210.jpg\" alt=\"\" width=\"280\" height=\"210\" \/><\/a><p id=\"caption-attachment-857\" class=\"wp-caption-text\">Kyt\u00e4j\u00e4n kartanon issikkavaellus ty\u00f6porukalla 23.5.2011<\/p><\/div>\n<p><a href=\"http:\/\/aquatic.fi\/wp-content\/uploads\/2012\/07\/Lamppu-28.5.2011.jpg\"><img decoding=\"async\" class=\" wp-image-858 alignnone\" title=\"Lamppu 28.5.2011\" src=\"http:\/\/aquatic.fi\/wp-content\/uploads\/2012\/07\/Lamppu-28.5.2011-280x210.jpg\" alt=\"\" \/><\/a><\/p>\n<p>&nbsp;<\/p>\n<div id=\"attachment_859\" style=\"width: 290px\" class=\"wp-caption alignnone\"><a href=\"http:\/\/aquatic.fi\/wp-content\/uploads\/2012\/07\/Yhteinen-ruokailuhetki-17.4.11.jpg\"><img loading=\"lazy\" decoding=\"async\" aria-describedby=\"caption-attachment-859\" class=\"size-thumbnail wp-image-859 \" title=\"Yhteinen ruokailuhetki 17.4.11\" src=\"http:\/\/aquatic.fi\/wp-content\/uploads\/2012\/07\/Yhteinen-ruokailuhetki-17.4.11-280x210.jpg\" alt=\"\" width=\"280\" height=\"210\" \/><\/a><p id=\"caption-attachment-859\" class=\"wp-caption-text\">Yhteinen ruokailuhetki 17.4.2011<\/p><\/div>\n<div id=\"attachment_860\" style=\"width: 290px\" class=\"wp-caption alignnone\"><a href=\"http:\/\/aquatic.fi\/wp-content\/uploads\/2012\/07\/201103.jpg\"><img loading=\"lazy\" decoding=\"async\" aria-describedby=\"caption-attachment-860\" class=\"size-thumbnail wp-image-860 \" title=\"201103\" src=\"http:\/\/aquatic.fi\/wp-content\/uploads\/2012\/07\/201103-280x210.jpg\" alt=\"\" width=\"280\" height=\"210\" \/><\/a><p id=\"caption-attachment-860\" class=\"wp-caption-text\">Pennut 5.3.2011<\/p><\/div>\n<p><a href=\"http:\/\/aquatic.fi\/wp-content\/uploads\/2012\/07\/Pentukoulutus-02-2011.jpg\"><img decoding=\"async\" class=\" wp-image-861 alignnone\" title=\"Pentukoulutus 02-2011\" src=\"http:\/\/aquatic.fi\/wp-content\/uploads\/2012\/07\/Pentukoulutus-02-2011-280x210.jpg\" alt=\"\" \/><\/a><\/p>\n<div id=\"attachment_862\" style=\"width: 290px\" class=\"wp-caption alignnone\"><a href=\"http:\/\/aquatic.fi\/wp-content\/uploads\/2012\/07\/Leo-28.1.11.jpg\"><img loading=\"lazy\" decoding=\"async\" aria-describedby=\"caption-attachment-862\" class=\"size-thumbnail wp-image-862 \" title=\"Leo 28.1.11\" src=\"http:\/\/aquatic.fi\/wp-content\/uploads\/2012\/07\/Leo-28.1.11-280x210.jpg\" alt=\"\" width=\"280\" height=\"210\" \/><\/a><p id=\"caption-attachment-862\" class=\"wp-caption-text\">Leo 28.1.2011<\/p><\/div>\n","protected":false},"excerpt":{"rendered":"<p>2011 kohokohdat &nbsp; &nbsp; &nbsp;<\/p>\n","protected":false},"author":1,"featured_media":0,"parent":83,"menu_order":0,"comment_status":"closed","ping_status":"closed","template":"alasivuja.php","meta":{"footnotes":""},"class_list":["post-852","page","type-page","status-publish","hentry"],"_links":{"self":[{"href":"https:\/\/aquatic.fi\/index.php?rest_route=\/wp\/v2\/pages\/852","targetHints":{"allow":["GET"]}}],"collection":[{"href":"https:\/\/aquatic.fi\/index.php?rest_route=\/wp\/v2\/pages"}],"about":[{"href":"https:\/\/aquatic.fi\/index.php?rest_route=\/wp\/v2\/types\/page"}],"author":[{"embeddable":true,"href":"https:\/\/aquatic.fi\/index.php?rest_route=\/wp\/v2\/users\/1"}],"replies":[{"embeddable":true,"href":"https:\/\/aquatic.fi\/index.php?rest_route=%2Fwp%2Fv2%2Fcomments&post=852"}],"version-history":[{"count":9,"href":"https:\/\/aquatic.fi\/index.php?rest_route=\/wp\/v2\/pages\/852\/revisions"}],"predecessor-version":[{"id":3436,"href":"https:\/\/aquatic.fi\/index.php?rest_route=\/wp\/v2\/pages\/852\/revisions\/3436"}],"up":[{"embeddable":true,"href":"https:\/\/aquatic.fi\/index.php?rest_route=\/wp\/v2\/pages\/83"}],"wp:attachment":[{"href":"https:\/\/aquatic.fi\/index.php?rest_route=%2Fwp%2Fv2%2Fmedia&parent=852"}],"curies":[{"name":"wp","href":"https:\/\/api.w.org\/{rel}","templated":true}]}}