{"id":868,"date":"2012-07-28T17:24:36","date_gmt":"2012-07-28T14:24:36","guid":{"rendered":"http:\/\/aquatic.fi:8080\/?page_id=868"},"modified":"2020-02-17T20:23:37","modified_gmt":"2020-02-17T20:23:37","slug":"2012-kohokohdat","status":"publish","type":"page","link":"https:\/\/aquatic.fi\/?page_id=868","title":{"rendered":"2012 kohokohdat"},"content":{"rendered":"<h1>2012 kohokohdat<\/h1>\n<p>&nbsp;<\/p>\n<div id=\"attachment_1329\" style=\"width: 290px\" class=\"wp-caption alignnone\"><a href=\"http:\/\/aquatic.fi\/wp-content\/uploads\/2012\/07\/Reetta.jpg\"><img loading=\"lazy\" decoding=\"async\" aria-describedby=\"caption-attachment-1329\" class=\" wp-image-1329 \" src=\"http:\/\/aquatic.fi\/wp-content\/uploads\/2012\/07\/Reetta-280x210.jpg\" alt=\"Reetta nauttii lumesta joulup\u00e4iv\u00e4n\u00e4\" width=\"280\" height=\"210\" \/><\/a><p id=\"caption-attachment-1329\" class=\"wp-caption-text\">Reetta nauttii lumesta joulup\u00e4iv\u00e4n\u00e4<\/p><\/div>\n<div id=\"attachment_1332\" style=\"width: 290px\" class=\"wp-caption alignnone\"><a href=\"http:\/\/aquatic.fi\/wp-content\/uploads\/2012\/07\/Hetja.jpg\"><img loading=\"lazy\" decoding=\"async\" aria-describedby=\"caption-attachment-1332\" class=\" wp-image-1332 \" src=\"http:\/\/aquatic.fi\/wp-content\/uploads\/2012\/07\/Hetja-280x210.jpg\" alt=\"Hetja kasvaa turvallisessa laumassa\" width=\"280\" height=\"210\" \/><\/a><p id=\"caption-attachment-1332\" class=\"wp-caption-text\">Hetja kasvaa turvallisessa laumassa<\/p><\/div>\n<div id=\"attachment_1140\" style=\"width: 290px\" class=\"wp-caption alignnone\"><a href=\"http:\/\/aquatic.fi\/wp-content\/uploads\/2012\/07\/IMG_0765-2.jpg\"><img loading=\"lazy\" decoding=\"async\" aria-describedby=\"caption-attachment-1140\" class=\"size-thumbnail wp-image-1140 \" src=\"http:\/\/aquatic.fi\/wp-content\/uploads\/2012\/07\/IMG_0765-2-280x210.jpg\" alt=\"\" width=\"280\" height=\"210\" \/><\/a><p id=\"caption-attachment-1140\" class=\"wp-caption-text\">Lamppu tuli reissuiltaan takaisin kotiin.<\/p><\/div>\n<div id=\"attachment_1167\" style=\"width: 290px\" class=\"wp-caption alignnone\"><a href=\"http:\/\/aquatic.fi\/wp-content\/uploads\/2012\/07\/HETJA.jpg\"><img decoding=\"async\" aria-describedby=\"caption-attachment-1167\" class=\" wp-image-1167 \" src=\"http:\/\/aquatic.fi\/wp-content\/uploads\/2012\/07\/HETJA.jpg\" alt=\"\" width=\"280\" \/><\/a><p id=\"caption-attachment-1167\" class=\"wp-caption-text\">Hetja n\u00e4yttelyss\u00e4 2.9.2012<\/p><\/div>\n<p>&nbsp;<\/p>\n<p>&nbsp;<\/p>\n<div id=\"attachment_1019\" style=\"width: 290px\" class=\"wp-caption alignnone\"><a href=\"http:\/\/aquatic.fi\/wp-content\/uploads\/2012\/07\/1_1.jpg\"><img loading=\"lazy\" decoding=\"async\" aria-describedby=\"caption-attachment-1019\" class=\"size-thumbnail wp-image-1019 \" src=\"http:\/\/aquatic.fi\/wp-content\/uploads\/2012\/07\/1_1-280x210.jpg\" alt=\"\" width=\"280\" height=\"210\" \/><\/a><p id=\"caption-attachment-1019\" class=\"wp-caption-text\">Kes\u00e4 menikin rakennellessa.<\/p><\/div>\n<div id=\"attachment_1021\" style=\"width: 290px\" class=\"wp-caption alignnone\"><a href=\"http:\/\/aquatic.fi\/wp-content\/uploads\/2012\/07\/25072012065.jpg\"><img loading=\"lazy\" decoding=\"async\" aria-describedby=\"caption-attachment-1021\" class=\" wp-image-1021 \" src=\"http:\/\/aquatic.fi\/wp-content\/uploads\/2012\/07\/25072012065-280x210.jpg\" alt=\"\" width=\"280\" height=\"210\" \/><\/a><p id=\"caption-attachment-1021\" class=\"wp-caption-text\">ja rakennellessa<\/p><\/div>\n<div id=\"attachment_965\" style=\"width: 290px\" class=\"wp-caption alignnone\"><a href=\"http:\/\/aquatic.fi\/wp-content\/uploads\/2012\/07\/IMG_08811.jpg\"><img loading=\"lazy\" decoding=\"async\" aria-describedby=\"caption-attachment-965\" class=\"size-thumbnail wp-image-965 \" src=\"http:\/\/aquatic.fi\/wp-content\/uploads\/2012\/07\/IMG_08811-280x210.jpg\" alt=\"\" width=\"280\" height=\"210\" \/><\/a><p id=\"caption-attachment-965\" class=\"wp-caption-text\">pentue P<\/p><\/div>\n<div id=\"attachment_970\" style=\"width: 290px\" class=\"wp-caption alignnone\"><a href=\"http:\/\/aquatic.fi\/wp-content\/uploads\/2012\/07\/IMG_0878.jpg\"><img loading=\"lazy\" decoding=\"async\" aria-describedby=\"caption-attachment-970\" class=\"size-thumbnail wp-image-970 \" src=\"http:\/\/aquatic.fi\/wp-content\/uploads\/2012\/07\/IMG_0878-280x210.jpg\" alt=\"\" width=\"280\" height=\"210\" \/><\/a><p id=\"caption-attachment-970\" class=\"wp-caption-text\">pentue Q<\/p><\/div>\n<div id=\"attachment_984\" style=\"width: 290px\" class=\"wp-caption alignnone\"><a href=\"http:\/\/aquatic.fi\/wp-content\/uploads\/2012\/07\/Luca-ja-Romi-1.1.2011.jpg\"><img loading=\"lazy\" decoding=\"async\" aria-describedby=\"caption-attachment-984\" class=\"size-thumbnail wp-image-984 \" src=\"http:\/\/aquatic.fi\/wp-content\/uploads\/2012\/07\/Luca-ja-Romi-1.1.2011-280x210.jpg\" alt=\"\" width=\"280\" height=\"210\" \/><\/a><p id=\"caption-attachment-984\" class=\"wp-caption-text\">Kev\u00e4\u00e4ll\u00e4 muutamia Lappeenrannan matkoja&#8230;<\/p><\/div>\n<div id=\"attachment_982\" style=\"width: 290px\" class=\"wp-caption alignnone\"><a href=\"http:\/\/aquatic.fi\/wp-content\/uploads\/2012\/07\/IMG_0829.jpg\"><img loading=\"lazy\" decoding=\"async\" aria-describedby=\"caption-attachment-982\" class=\"size-thumbnail wp-image-982 \" src=\"http:\/\/aquatic.fi\/wp-content\/uploads\/2012\/07\/IMG_0829-280x210.jpg\" alt=\"N\u00e4yttelyit\u00e4 kev\u00e4\u00e4ll\u00e4\" width=\"280\" height=\"210\" \/><\/a><p id=\"caption-attachment-982\" class=\"wp-caption-text\">N\u00e4yttelyit\u00e4&#8230;<\/p><\/div>\n<div id=\"attachment_869\" style=\"width: 290px\" class=\"wp-caption alignnone\"><a href=\"http:\/\/aquatic.fi\/wp-content\/uploads\/2012\/07\/Hetja-0410.jpg\"><img loading=\"lazy\" decoding=\"async\" aria-describedby=\"caption-attachment-869\" class=\"size-thumbnail wp-image-869 \" src=\"http:\/\/aquatic.fi\/wp-content\/uploads\/2012\/07\/Hetja-0410-280x210.jpg\" alt=\"\" width=\"280\" height=\"210\" \/><\/a><p id=\"caption-attachment-869\" class=\"wp-caption-text\">Hetjan koulutusta<\/p><\/div>\n<p><a href=\"http:\/\/aquatic.fi\/wp-content\/uploads\/2012\/07\/Hetja-0404.jpg\"><img decoding=\"async\" class=\"alignnone  wp-image-870\" src=\"http:\/\/aquatic.fi\/wp-content\/uploads\/2012\/07\/Hetja-0404-280x210.jpg\" alt=\"\" \/><\/a><\/p>\n","protected":false},"excerpt":{"rendered":"<p>2012 kohokohdat &nbsp; &nbsp; &nbsp;<\/p>\n","protected":false},"author":1,"featured_media":0,"parent":83,"menu_order":0,"comment_status":"closed","ping_status":"closed","template":"alasivuja.php","meta":{"footnotes":""},"class_list":["post-868","page","type-page","status-publish","hentry"],"_links":{"self":[{"href":"https:\/\/aquatic.fi\/index.php?rest_route=\/wp\/v2\/pages\/868","targetHints":{"allow":["GET"]}}],"collection":[{"href":"https:\/\/aquatic.fi\/index.php?rest_route=\/wp\/v2\/pages"}],"about":[{"href":"https:\/\/aquatic.fi\/index.php?rest_route=\/wp\/v2\/types\/page"}],"author":[{"embeddable":true,"href":"https:\/\/aquatic.fi\/index.php?rest_route=\/wp\/v2\/users\/1"}],"replies":[{"embeddable":true,"href":"https:\/\/aquatic.fi\/index.php?rest_route=%2Fwp%2Fv2%2Fcomments&post=868"}],"version-history":[{"count":41,"href":"https:\/\/aquatic.fi\/index.php?rest_route=\/wp\/v2\/pages\/868\/revisions"}],"predecessor-version":[{"id":3437,"href":"https:\/\/aquatic.fi\/index.php?rest_route=\/wp\/v2\/pages\/868\/revisions\/3437"}],"up":[{"embeddable":true,"href":"https:\/\/aquatic.fi\/index.php?rest_route=\/wp\/v2\/pages\/83"}],"wp:attachment":[{"href":"https:\/\/aquatic.fi\/index.php?rest_route=%2Fwp%2Fv2%2Fmedia&parent=868"}],"curies":[{"name":"wp","href":"https:\/\/api.w.org\/{rel}","templated":true}]}}