{"id":887,"date":"2012-07-29T19:40:25","date_gmt":"2012-07-29T16:40:25","guid":{"rendered":"http:\/\/aquatic.fi:8080\/?page_id=887"},"modified":"2024-04-13T11:10:00","modified_gmt":"2024-04-13T11:10:00","slug":"sivuboksi-2","status":"publish","type":"page","link":"https:\/\/aquatic.fi\/?page_id=887","title":{"rendered":"sivuboksi"},"content":{"rendered":"<h5>Mik\u00e4li etsit omaa perroa, se voi l\u00f6yty\u00e4 meilt\u00e4. Ota yhteytt\u00e4!<\/h5>\n<p><img loading=\"lazy\" decoding=\"async\" class=\"alignnone size-medium wp-image-3774\" src=\"http:\/\/aquatic.fi\/wp-content\/uploads\/2020\/06\/IMG-20200628-WA0006-154x300.jpg\" alt=\"\" width=\"154\" height=\"300\" srcset=\"https:\/\/aquatic.fi\/wp-content\/uploads\/2020\/06\/IMG-20200628-WA0006-154x300.jpg 154w, https:\/\/aquatic.fi\/wp-content\/uploads\/2020\/06\/IMG-20200628-WA0006-527x1024.jpg 527w, https:\/\/aquatic.fi\/wp-content\/uploads\/2020\/06\/IMG-20200628-WA0006-768x1492.jpg 768w, https:\/\/aquatic.fi\/wp-content\/uploads\/2020\/06\/IMG-20200628-WA0006-791x1536.jpg 791w, https:\/\/aquatic.fi\/wp-content\/uploads\/2020\/06\/IMG-20200628-WA0006.jpg 819w\" sizes=\"auto, (max-width: 154px) 100vw, 154px\" \/><\/p>\n<h3>Yhteystiedot<\/h3>\n<p>Kennel Aquatic<br \/>\n050 5488576<\/p>\n<p>kaijaurpilainen@elisanet.fi<\/p>\n","protected":false},"excerpt":{"rendered":"<p>Mik\u00e4li etsit omaa perroa, se voi l\u00f6yty\u00e4 meilt\u00e4. Ota yhteytt\u00e4! Yhteystiedot Kennel Aquatic 050 5488576 kaijaurpilainen@elisanet.fi<\/p>\n","protected":false},"author":1,"featured_media":0,"parent":5,"menu_order":0,"comment_status":"open","ping_status":"open","template":"","meta":{"footnotes":""},"class_list":["post-887","page","type-page","status-publish","hentry"],"_links":{"self":[{"href":"https:\/\/aquatic.fi\/index.php?rest_route=\/wp\/v2\/pages\/887","targetHints":{"allow":["GET"]}}],"collection":[{"href":"https:\/\/aquatic.fi\/index.php?rest_route=\/wp\/v2\/pages"}],"about":[{"href":"https:\/\/aquatic.fi\/index.php?rest_route=\/wp\/v2\/types\/page"}],"author":[{"embeddable":true,"href":"https:\/\/aquatic.fi\/index.php?rest_route=\/wp\/v2\/users\/1"}],"replies":[{"embeddable":true,"href":"https:\/\/aquatic.fi\/index.php?rest_route=%2Fwp%2Fv2%2Fcomments&post=887"}],"version-history":[{"count":140,"href":"https:\/\/aquatic.fi\/index.php?rest_route=\/wp\/v2\/pages\/887\/revisions"}],"predecessor-version":[{"id":4711,"href":"https:\/\/aquatic.fi\/index.php?rest_route=\/wp\/v2\/pages\/887\/revisions\/4711"}],"up":[{"embeddable":true,"href":"https:\/\/aquatic.fi\/index.php?rest_route=\/wp\/v2\/pages\/5"}],"wp:attachment":[{"href":"https:\/\/aquatic.fi\/index.php?rest_route=%2Fwp%2Fv2%2Fmedia&parent=887"}],"curies":[{"name":"wp","href":"https:\/\/api.w.org\/{rel}","templated":true}]}}